{"id":223,"date":"2026-04-05T05:17:52","date_gmt":"2026-04-05T05:17:52","guid":{"rendered":"https:\/\/quynhnhuphan.azdigi.shop\/?post_type=product&#038;p=223"},"modified":"2026-04-05T13:39:54","modified_gmt":"2026-04-05T13:39:54","slug":"kem-flan-socola","status":"publish","type":"product","link":"https:\/\/quynhnhuphan.azdigi.shop\/?product=kem-flan-socola","title":{"rendered":"Kem Flan Socola"},"content":{"rendered":"<p><a href=\"https:\/\/quynhnhuphan.azdigi.shop\/?product=kem-flan-socola\"><img loading=\"lazy\" decoding=\"async\" class=\"aligncenter wp-image-224 size-full\" src=\"https:\/\/quynhnhuphan.azdigi.shop\/wp-content\/uploads\/2026\/04\/f0dd579301a14f09252386a8695f1442.jpg\" alt=\"\" width=\"736\" height=\"736\" srcset=\"https:\/\/quynhnhuphan.azdigi.shop\/wp-content\/uploads\/2026\/04\/f0dd579301a14f09252386a8695f1442.jpg 736w, https:\/\/quynhnhuphan.azdigi.shop\/wp-content\/uploads\/2026\/04\/f0dd579301a14f09252386a8695f1442-300x300.jpg 300w, https:\/\/quynhnhuphan.azdigi.shop\/wp-content\/uploads\/2026\/04\/f0dd579301a14f09252386a8695f1442-100x100.jpg 100w, https:\/\/quynhnhuphan.azdigi.shop\/wp-content\/uploads\/2026\/04\/f0dd579301a14f09252386a8695f1442-600x600.jpg 600w, https:\/\/quynhnhuphan.azdigi.shop\/wp-content\/uploads\/2026\/04\/f0dd579301a14f09252386a8695f1442-150x150.jpg 150w\" sizes=\"auto, (max-width: 736px) 100vw, 736px\" \/><\/a><\/p>\n<h3 data-section-id=\"11lek5t\" data-start=\"110\" data-end=\"145\">\ud83c\udf6b Gi\u1edbi thi\u1ec7u Kem Flan Socola<\/h3>\n<p data-start=\"146\" data-end=\"402\">Kem Flan Socola l\u00e0 phi\u00ean b\u1ea3n bi\u1ebfn t\u1ea5u h\u1ea5p d\u1eabn t\u1eeb flan truy\u1ec1n th\u1ed1ng, k\u1ebft h\u1ee3p c\u00f9ng socola \u0111\u1ec3 t\u1ea1o n\u00ean h\u01b0\u01a1ng v\u1ecb \u0111\u1eadm \u0111\u00e0 v\u00e0 hi\u1ec7n \u0111\u1ea1i h\u01a1n. V\u1eabn gi\u1eef \u0111\u01b0\u1ee3c k\u1ebft c\u1ea5u m\u1ec1m m\u1ecbn \u0111\u1eb7c tr\u01b0ng, m\u00f3n b\u00e1nh mang \u0111\u1ebfn tr\u1ea3i nghi\u1ec7m m\u1edbi l\u1ea1 d\u00e0nh cho nh\u1eefng ai y\u00eau th\u00edch v\u1ecb cacao nh\u1eb9 nh\u00e0ng.<\/p>\n<p data-start=\"404\" data-end=\"476\">Ph\u00f9 h\u1ee3p l\u00e0m m\u00f3n tr\u00e1ng mi\u1ec7ng, \u0103n v\u1eb7t ho\u1eb7c d\u00f9ng trong c\u00e1c set b\u00e1nh mix v\u1ecb.<\/p>\n<h3 data-section-id=\"1cb1kg2\" data-start=\"483\" data-end=\"510\">\ud83c\udf6f H\u01b0\u01a1ng v\u1ecb \u0111\u1eb7c tr\u01b0ng<\/h3>\n<p data-start=\"511\" data-end=\"555\">Ng\u1ecdt d\u1ecbu \u2013 B\u00e9o nh\u1eb9 \u2013 \u0110\u1eafng nh\u1eb9 \u2013 Th\u01a1m cacao<\/p>\n<p data-start=\"557\" data-end=\"676\">S\u1ef1 h\u00f2a quy\u1ec7n gi\u1eefa v\u1ecb b\u00e9o c\u1ee7a tr\u1ee9ng s\u1eefa v\u00e0 v\u1ecb \u0111\u1eafng nh\u1eb9 c\u1ee7a socola gi\u00fap t\u1ed5ng th\u1ec3 kh\u00f4ng qu\u00e1 ng\u1ecdt, d\u1ec5 \u0103n v\u00e0 kh\u00f4ng g\u00e2y ng\u1ea5y.<\/p>\n<h3 data-section-id=\"4ied1k\" data-start=\"683\" data-end=\"717\">\ud83e\uddc1 C\u1ea5u tr\u00fac b\u00e1nh flan socola<\/h3>\n<ul data-start=\"718\" data-end=\"859\">\n<li data-section-id=\"3joxkj\" data-start=\"718\" data-end=\"793\"><strong data-start=\"720\" data-end=\"748\">L\u1edbp caramel ho\u1eb7c socola:<\/strong> ng\u1ecdt nh\u1eb9, h\u01a1i \u0111\u1eafng, t\u1ea1o chi\u1ec1u s\u00e2u h\u01b0\u01a1ng v\u1ecb<\/li>\n<li data-section-id=\"1f9y791\" data-start=\"794\" data-end=\"859\"><strong data-start=\"796\" data-end=\"816\">L\u1edbp flan socola:<\/strong> m\u1ec1m m\u1ecbn, th\u01a1m cacao, tan nh\u1eb9 trong mi\u1ec7ng<\/li>\n<\/ul>\n<p data-start=\"861\" data-end=\"946\">\ud83d\udc49 K\u1ebft c\u1ea5u m\u1ecbn m\u00e0ng, kh\u00f4ng r\u1ed7, mang l\u1ea1i c\u1ea3m gi\u00e1c m\u00e1t l\u1ea1nh v\u00e0 d\u1ec5 ch\u1ecbu khi th\u01b0\u1edfng th\u1ee9c.<\/p>\n<h3 data-section-id=\"cuft41\" data-start=\"953\" data-end=\"980\">\u2744\ufe0f H\u01b0\u1edbng d\u1eabn b\u1ea3o qu\u1ea3n<\/h3>\n<ul data-start=\"981\" data-end=\"1102\">\n<li data-section-id=\"1d2rlq9\" data-start=\"981\" data-end=\"1017\">B\u1ea3o qu\u1ea3n l\u1ea1nh (ng\u0103n m\u00e1t t\u1ee7 l\u1ea1nh)<\/li>\n<li data-section-id=\"noyvpu\" data-start=\"1018\" data-end=\"1044\">Ngon h\u01a1n khi d\u00f9ng l\u1ea1nh<\/li>\n<li data-section-id=\"1wgxvt9\" data-start=\"1045\" data-end=\"1102\">N\u00ean s\u1eed d\u1ee5ng trong ng\u00e0y \u0111\u1ec3 \u0111\u1ea3m b\u1ea3o ch\u1ea5t l\u01b0\u1ee3ng t\u1ed1t nh\u1ea5t<\/li>\n<\/ul>\n<h3 data-section-id=\"xxfdcm\" data-start=\"1109\" data-end=\"1137\">\ud83c\udf81 Ph\u1ee5 ki\u1ec7n (tu\u1ef3 ch\u1ecdn)<\/h3>\n<ul data-start=\"1138\" data-end=\"1226\">\n<li data-section-id=\"opyfct\" data-start=\"1138\" data-end=\"1168\">Mu\u1ed7ng nh\u1ef1a ho\u1eb7c mu\u1ed7ng inox<\/li>\n<li data-section-id=\"g9wonr\" data-start=\"1169\" data-end=\"1226\">C\u00f3 th\u1ec3 th\u00eam topping nh\u01b0 s\u1ed1t socola, kem t\u01b0\u01a1i ho\u1eb7c h\u1ea1t<\/li>\n<\/ul>\n<h3 data-section-id=\"f4mpcc\" data-start=\"1233\" data-end=\"1274\">\ud83d\udc96 V\u00ec sao n\u00ean ch\u1ecdn Kem Flan Socola?<\/h3>\n<ul data-start=\"1275\" data-end=\"1439\">\n<li data-section-id=\"1e9fo46\" data-start=\"1275\" data-end=\"1309\">H\u01b0\u01a1ng v\u1ecb socola \u0111\u1eadm nh\u1eb9, d\u1ec5 \u0103n<\/li>\n<li data-section-id=\"2k3my7\" data-start=\"1310\" data-end=\"1346\">K\u1ebft c\u1ea5u m\u1ec1m m\u1ecbn, tan trong mi\u1ec7ng<\/li>\n<li data-section-id=\"kjxpia\" data-start=\"1347\" data-end=\"1391\">Ph\u00f9 h\u1ee3p v\u1edbi ng\u01b0\u1eddi th\u00edch v\u1ecb ng\u1ecdt v\u1eeba ph\u1ea3i<\/li>\n<li data-section-id=\"u4p1sv\" data-start=\"1392\" data-end=\"1439\">D\u1ec5 d\u00e0ng k\u1ebft h\u1ee3p trong c\u00e1c set b\u00e1nh nhi\u1ec1u v\u1ecb<\/li>\n<\/ul>\n","protected":false},"excerpt":{"rendered":"<p>\ud83c\udf6b Gi\u1edbi thi\u1ec7u Kem Flan Socola Kem Flan Socola l\u00e0 phi\u00ean b\u1ea3n bi\u1ebfn t\u1ea5u h\u1ea5p d\u1eabn t\u1eeb flan truy\u1ec1n th\u1ed1ng, k\u1ebft h\u1ee3p c\u00f9ng socola \u0111\u1ec3 t\u1ea1o n\u00ean h\u01b0\u01a1ng v\u1ecb \u0111\u1eadm \u0111\u00e0 v\u00e0 hi\u1ec7n \u0111\u1ea1i h\u01a1n. V\u1eabn gi\u1eef \u0111\u01b0\u1ee3c k\u1ebft c\u1ea5u m\u1ec1m m\u1ecbn \u0111\u1eb7c tr\u01b0ng, m\u00f3n b\u00e1nh mang \u0111\u1ebfn tr\u1ea3i nghi\u1ec7m m\u1edbi l\u1ea1 d\u00e0nh cho nh\u1eefng [&#8230;]\n","protected":false},"featured_media":225,"comment_status":"open","ping_status":"closed","template":"","meta":[],"product_brand":[],"product_cat":[19],"product_tag":[],"class_list":{"0":"post-223","1":"product","2":"type-product","3":"status-publish","4":"has-post-thumbnail","6":"product_cat-kem-flan","8":"first","9":"instock","10":"sale","11":"shipping-taxable","12":"purchasable","13":"product-type-variable"},"yoast_head":"<!-- This site is optimized with the Yoast SEO plugin v26.9 - https:\/\/yoast.com\/product\/yoast-seo-wordpress\/ -->\n<title>Kem Flan Socola - Flan<\/title>\n<meta name=\"robots\" content=\"index, follow, max-snippet:-1, max-image-preview:large, max-video-preview:-1\" \/>\n<link rel=\"canonical\" href=\"https:\/\/quynhnhuphan.azdigi.shop\/?product=kem-flan-socola\" \/>\n<meta property=\"og:locale\" content=\"vi_VN\" \/>\n<meta property=\"og:type\" content=\"article\" \/>\n<meta property=\"og:title\" content=\"Kem Flan Socola - Flan\" \/>\n<meta property=\"og:description\" content=\"\ud83c\udf6b Gi\u1edbi thi\u1ec7u Kem Flan Socola Kem Flan Socola l\u00e0 phi\u00ean b\u1ea3n bi\u1ebfn t\u1ea5u h\u1ea5p d\u1eabn t\u1eeb flan truy\u1ec1n th\u1ed1ng, k\u1ebft h\u1ee3p c\u00f9ng socola \u0111\u1ec3 t\u1ea1o n\u00ean h\u01b0\u01a1ng v\u1ecb \u0111\u1eadm \u0111\u00e0 v\u00e0 hi\u1ec7n \u0111\u1ea1i h\u01a1n. V\u1eabn gi\u1eef \u0111\u01b0\u1ee3c k\u1ebft c\u1ea5u m\u1ec1m m\u1ecbn \u0111\u1eb7c tr\u01b0ng, m\u00f3n b\u00e1nh mang \u0111\u1ebfn tr\u1ea3i nghi\u1ec7m m\u1edbi l\u1ea1 d\u00e0nh cho nh\u1eefng [...]\" \/>\n<meta property=\"og:url\" content=\"https:\/\/quynhnhuphan.azdigi.shop\/?product=kem-flan-socola\" \/>\n<meta property=\"og:site_name\" content=\"Flan\" \/>\n<meta property=\"article:modified_time\" content=\"2026-04-05T13:39:54+00:00\" \/>\n<meta property=\"og:image\" content=\"https:\/\/quynhnhuphan.azdigi.shop\/wp-content\/uploads\/2026\/04\/b5f44713de1c0b681a90b1e92a653e81.jpg\" \/>\n\t<meta property=\"og:image:width\" content=\"735\" \/>\n\t<meta property=\"og:image:height\" content=\"699\" \/>\n\t<meta property=\"og:image:type\" content=\"image\/jpeg\" \/>\n<meta name=\"twitter:card\" content=\"summary_large_image\" \/>\n<meta name=\"twitter:label1\" content=\"\u01af\u1edbc t\u00ednh th\u1eddi gian \u0111\u1ecdc\" \/>\n\t<meta name=\"twitter:data1\" content=\"2 ph\u00fat\" \/>\n<script type=\"application\/ld+json\" class=\"yoast-schema-graph\">{\"@context\":\"https:\/\/schema.org\",\"@graph\":[{\"@type\":\"WebPage\",\"@id\":\"https:\/\/quynhnhuphan.azdigi.shop\/?product=kem-flan-socola\",\"url\":\"https:\/\/quynhnhuphan.azdigi.shop\/?product=kem-flan-socola\",\"name\":\"Kem Flan Socola - Flan\",\"isPartOf\":{\"@id\":\"https:\/\/quynhnhuphan.azdigi.shop\/#website\"},\"primaryImageOfPage\":{\"@id\":\"https:\/\/quynhnhuphan.azdigi.shop\/?product=kem-flan-socola#primaryimage\"},\"image\":{\"@id\":\"https:\/\/quynhnhuphan.azdigi.shop\/?product=kem-flan-socola#primaryimage\"},\"thumbnailUrl\":\"https:\/\/quynhnhuphan.azdigi.shop\/wp-content\/uploads\/2026\/04\/b5f44713de1c0b681a90b1e92a653e81.jpg\",\"datePublished\":\"2026-04-05T05:17:52+00:00\",\"dateModified\":\"2026-04-05T13:39:54+00:00\",\"breadcrumb\":{\"@id\":\"https:\/\/quynhnhuphan.azdigi.shop\/?product=kem-flan-socola#breadcrumb\"},\"inLanguage\":\"vi\",\"potentialAction\":[{\"@type\":\"ReadAction\",\"target\":[\"https:\/\/quynhnhuphan.azdigi.shop\/?product=kem-flan-socola\"]}]},{\"@type\":\"ImageObject\",\"inLanguage\":\"vi\",\"@id\":\"https:\/\/quynhnhuphan.azdigi.shop\/?product=kem-flan-socola#primaryimage\",\"url\":\"https:\/\/quynhnhuphan.azdigi.shop\/wp-content\/uploads\/2026\/04\/b5f44713de1c0b681a90b1e92a653e81.jpg\",\"contentUrl\":\"https:\/\/quynhnhuphan.azdigi.shop\/wp-content\/uploads\/2026\/04\/b5f44713de1c0b681a90b1e92a653e81.jpg\",\"width\":735,\"height\":699},{\"@type\":\"BreadcrumbList\",\"@id\":\"https:\/\/quynhnhuphan.azdigi.shop\/?product=kem-flan-socola#breadcrumb\",\"itemListElement\":[{\"@type\":\"ListItem\",\"position\":1,\"name\":\"Trang ch\u1ee7\",\"item\":\"https:\/\/quynhnhuphan.azdigi.shop\/\"},{\"@type\":\"ListItem\",\"position\":2,\"name\":\"C\u1eeda h\u00e0ng\",\"item\":\"https:\/\/quynhnhuphan.azdigi.shop\/?page_id=164\"},{\"@type\":\"ListItem\",\"position\":3,\"name\":\"Kem Flan Socola\"}]},{\"@type\":\"WebSite\",\"@id\":\"https:\/\/quynhnhuphan.azdigi.shop\/#website\",\"url\":\"https:\/\/quynhnhuphan.azdigi.shop\/\",\"name\":\"Flan\",\"description\":\"\",\"potentialAction\":[{\"@type\":\"SearchAction\",\"target\":{\"@type\":\"EntryPoint\",\"urlTemplate\":\"https:\/\/quynhnhuphan.azdigi.shop\/?s={search_term_string}\"},\"query-input\":{\"@type\":\"PropertyValueSpecification\",\"valueRequired\":true,\"valueName\":\"search_term_string\"}}],\"inLanguage\":\"vi\"}]}<\/script>\n<!-- \/ Yoast SEO plugin. -->","yoast_head_json":{"title":"Kem Flan Socola - Flan","robots":{"index":"index","follow":"follow","max-snippet":"max-snippet:-1","max-image-preview":"max-image-preview:large","max-video-preview":"max-video-preview:-1"},"canonical":"https:\/\/quynhnhuphan.azdigi.shop\/?product=kem-flan-socola","og_locale":"vi_VN","og_type":"article","og_title":"Kem Flan Socola - Flan","og_description":"\ud83c\udf6b Gi\u1edbi thi\u1ec7u Kem Flan Socola Kem Flan Socola l\u00e0 phi\u00ean b\u1ea3n bi\u1ebfn t\u1ea5u h\u1ea5p d\u1eabn t\u1eeb flan truy\u1ec1n th\u1ed1ng, k\u1ebft h\u1ee3p c\u00f9ng socola \u0111\u1ec3 t\u1ea1o n\u00ean h\u01b0\u01a1ng v\u1ecb \u0111\u1eadm \u0111\u00e0 v\u00e0 hi\u1ec7n \u0111\u1ea1i h\u01a1n. V\u1eabn gi\u1eef \u0111\u01b0\u1ee3c k\u1ebft c\u1ea5u m\u1ec1m m\u1ecbn \u0111\u1eb7c tr\u01b0ng, m\u00f3n b\u00e1nh mang \u0111\u1ebfn tr\u1ea3i nghi\u1ec7m m\u1edbi l\u1ea1 d\u00e0nh cho nh\u1eefng [...]","og_url":"https:\/\/quynhnhuphan.azdigi.shop\/?product=kem-flan-socola","og_site_name":"Flan","article_modified_time":"2026-04-05T13:39:54+00:00","og_image":[{"width":735,"height":699,"url":"https:\/\/quynhnhuphan.azdigi.shop\/wp-content\/uploads\/2026\/04\/b5f44713de1c0b681a90b1e92a653e81.jpg","type":"image\/jpeg"}],"twitter_card":"summary_large_image","twitter_misc":{"\u01af\u1edbc t\u00ednh th\u1eddi gian \u0111\u1ecdc":"2 ph\u00fat"},"schema":{"@context":"https:\/\/schema.org","@graph":[{"@type":"WebPage","@id":"https:\/\/quynhnhuphan.azdigi.shop\/?product=kem-flan-socola","url":"https:\/\/quynhnhuphan.azdigi.shop\/?product=kem-flan-socola","name":"Kem Flan Socola - Flan","isPartOf":{"@id":"https:\/\/quynhnhuphan.azdigi.shop\/#website"},"primaryImageOfPage":{"@id":"https:\/\/quynhnhuphan.azdigi.shop\/?product=kem-flan-socola#primaryimage"},"image":{"@id":"https:\/\/quynhnhuphan.azdigi.shop\/?product=kem-flan-socola#primaryimage"},"thumbnailUrl":"https:\/\/quynhnhuphan.azdigi.shop\/wp-content\/uploads\/2026\/04\/b5f44713de1c0b681a90b1e92a653e81.jpg","datePublished":"2026-04-05T05:17:52+00:00","dateModified":"2026-04-05T13:39:54+00:00","breadcrumb":{"@id":"https:\/\/quynhnhuphan.azdigi.shop\/?product=kem-flan-socola#breadcrumb"},"inLanguage":"vi","potentialAction":[{"@type":"ReadAction","target":["https:\/\/quynhnhuphan.azdigi.shop\/?product=kem-flan-socola"]}]},{"@type":"ImageObject","inLanguage":"vi","@id":"https:\/\/quynhnhuphan.azdigi.shop\/?product=kem-flan-socola#primaryimage","url":"https:\/\/quynhnhuphan.azdigi.shop\/wp-content\/uploads\/2026\/04\/b5f44713de1c0b681a90b1e92a653e81.jpg","contentUrl":"https:\/\/quynhnhuphan.azdigi.shop\/wp-content\/uploads\/2026\/04\/b5f44713de1c0b681a90b1e92a653e81.jpg","width":735,"height":699},{"@type":"BreadcrumbList","@id":"https:\/\/quynhnhuphan.azdigi.shop\/?product=kem-flan-socola#breadcrumb","itemListElement":[{"@type":"ListItem","position":1,"name":"Trang ch\u1ee7","item":"https:\/\/quynhnhuphan.azdigi.shop\/"},{"@type":"ListItem","position":2,"name":"C\u1eeda h\u00e0ng","item":"https:\/\/quynhnhuphan.azdigi.shop\/?page_id=164"},{"@type":"ListItem","position":3,"name":"Kem Flan Socola"}]},{"@type":"WebSite","@id":"https:\/\/quynhnhuphan.azdigi.shop\/#website","url":"https:\/\/quynhnhuphan.azdigi.shop\/","name":"Flan","description":"","potentialAction":[{"@type":"SearchAction","target":{"@type":"EntryPoint","urlTemplate":"https:\/\/quynhnhuphan.azdigi.shop\/?s={search_term_string}"},"query-input":{"@type":"PropertyValueSpecification","valueRequired":true,"valueName":"search_term_string"}}],"inLanguage":"vi"}]}},"_links":{"self":[{"href":"https:\/\/quynhnhuphan.azdigi.shop\/index.php?rest_route=\/wp\/v2\/product\/223","targetHints":{"allow":["GET"]}}],"collection":[{"href":"https:\/\/quynhnhuphan.azdigi.shop\/index.php?rest_route=\/wp\/v2\/product"}],"about":[{"href":"https:\/\/quynhnhuphan.azdigi.shop\/index.php?rest_route=\/wp\/v2\/types\/product"}],"replies":[{"embeddable":true,"href":"https:\/\/quynhnhuphan.azdigi.shop\/index.php?rest_route=%2Fwp%2Fv2%2Fcomments&post=223"}],"wp:featuredmedia":[{"embeddable":true,"href":"https:\/\/quynhnhuphan.azdigi.shop\/index.php?rest_route=\/wp\/v2\/media\/225"}],"wp:attachment":[{"href":"https:\/\/quynhnhuphan.azdigi.shop\/index.php?rest_route=%2Fwp%2Fv2%2Fmedia&parent=223"}],"wp:term":[{"taxonomy":"product_brand","embeddable":true,"href":"https:\/\/quynhnhuphan.azdigi.shop\/index.php?rest_route=%2Fwp%2Fv2%2Fproduct_brand&post=223"},{"taxonomy":"product_cat","embeddable":true,"href":"https:\/\/quynhnhuphan.azdigi.shop\/index.php?rest_route=%2Fwp%2Fv2%2Fproduct_cat&post=223"},{"taxonomy":"product_tag","embeddable":true,"href":"https:\/\/quynhnhuphan.azdigi.shop\/index.php?rest_route=%2Fwp%2Fv2%2Fproduct_tag&post=223"}],"curies":[{"name":"wp","href":"https:\/\/api.w.org\/{rel}","templated":true}]}}