{"id":271,"date":"2026-04-05T06:41:40","date_gmt":"2026-04-05T06:41:40","guid":{"rendered":"https:\/\/quynhnhuphan.azdigi.shop\/?post_type=product&#038;p=271"},"modified":"2026-04-05T14:26:13","modified_gmt":"2026-04-05T14:26:13","slug":"tiralychee-tiramisu-vai-may","status":"publish","type":"product","link":"https:\/\/quynhnhuphan.azdigi.shop\/?product=tiralychee-tiramisu-vai-may","title":{"rendered":"Tiralych\u00e9e \u2013 Tiramisu V\u1ea3i M\u00e2y"},"content":{"rendered":"<p><a href=\"https:\/\/cailonuong.com\/wp-content\/uploads\/2025\/07\/mousse-btt-24.jpg\"><img loading=\"lazy\" decoding=\"async\" class=\"aligncenter wp-image-272 size-full\" src=\"https:\/\/quynhnhuphan.azdigi.shop\/wp-content\/uploads\/2026\/04\/mousse-btt-24-e1775371112535.jpg\" alt=\"\" width=\"800\" height=\"934\" srcset=\"https:\/\/quynhnhuphan.azdigi.shop\/wp-content\/uploads\/2026\/04\/mousse-btt-24-e1775371112535.jpg 800w, https:\/\/quynhnhuphan.azdigi.shop\/wp-content\/uploads\/2026\/04\/mousse-btt-24-e1775371112535-600x701.jpg 600w, https:\/\/quynhnhuphan.azdigi.shop\/wp-content\/uploads\/2026\/04\/mousse-btt-24-e1775371112535-257x300.jpg 257w, https:\/\/quynhnhuphan.azdigi.shop\/wp-content\/uploads\/2026\/04\/mousse-btt-24-e1775371112535-768x897.jpg 768w\" sizes=\"auto, (max-width: 800px) 100vw, 800px\" \/><\/a><\/p>\n<p data-start=\"103\" data-end=\"348\"><strong data-start=\"103\" data-end=\"136\">Tiralych\u00e9e \u2013 Tiramisu V\u1ea3i M\u00e2y<\/strong> l\u00e0 phi\u00ean b\u1ea3n s\u00e1ng t\u1ea1o c\u1ee7a tiramisu truy\u1ec1n th\u1ed1ng, k\u1ebft h\u1ee3p gi\u1eefa v\u1ecb b\u00e9o nh\u1eb9 \u0111\u1eb7c tr\u01b0ng v\u00e0 h\u01b0\u01a1ng v\u1ea3i th\u01a1m thanh tao. Chi\u1ebfc b\u00e1nh mang \u0111\u1ebfn tr\u1ea3i nghi\u1ec7m m\u1edbi l\u1ea1, nh\u1eb9 nh\u00e0ng nh\u01b0ng v\u1eabn \u0111\u1ee7 chi\u1ec1u s\u00e2u \u0111\u1ec3 chinh ph\u1ee5c m\u1ecdi v\u1ecb gi\u00e1c.<\/p>\n<h3 data-section-id=\"12lt9ch\" data-start=\"355\" data-end=\"377\">H\u01b0\u01a1ng v\u1ecb \u0111\u1eb7c tr\u01b0ng<\/h3>\n<ul data-start=\"379\" data-end=\"458\">\n<li data-section-id=\"19fa437\" data-start=\"379\" data-end=\"400\">B\u00e9o nh\u1eb9, m\u1ecbn m\u00e0ng<\/li>\n<li data-section-id=\"thtcia\" data-start=\"401\" data-end=\"432\">H\u01b0\u01a1ng v\u1ea3i th\u01a1m d\u1ecbu, tinh t\u1ebf<\/li>\n<li data-section-id=\"1n7u46l\" data-start=\"433\" data-end=\"458\">Ng\u1ecdt thanh, kh\u00f4ng g\u1eaft<\/li>\n<\/ul>\n<h3 data-section-id=\"1jce88r\" data-start=\"465\" data-end=\"490\">C\u1ea5u tr\u00fac b\u00e1nh \u0111\u1ed9c \u0111\u00e1o<\/h3>\n<p data-start=\"492\" data-end=\"532\">Ph\u1ea7n th\u00e2n b\u00e1nh g\u1ed3m 3 l\u1edbp xen k\u1ebd h\u00e0i h\u00f2a:<\/p>\n<ul data-start=\"534\" data-end=\"684\">\n<li data-section-id=\"o2jiht\" data-start=\"534\" data-end=\"627\">B\u00e1nh lady finger nh\u00fang syrup cafe v\u00e0 m\u1ee9t v\u1ea3i n\u1ea5u c\u00f9ng hoa h\u1ed3ng, t\u1ea1o n\u1ec1n h\u01b0\u01a1ng v\u1ecb \u0111\u1eb7c bi\u1ec7t<\/li>\n<li data-section-id=\"d2qprs\" data-start=\"628\" data-end=\"684\">C\u00e1c l\u1edbp mousse tiramisu v\u1ea3i m\u1ec1m m\u1ecbn, tan trong mi\u1ec7ng<\/li>\n<\/ul>\n<p data-start=\"686\" data-end=\"765\">S\u1ef1 k\u1ebft h\u1ee3p gi\u1eefa cafe nh\u1eb9, v\u1ea3i v\u00e0 hoa h\u1ed3ng mang \u0111\u1ebfn tr\u1ea3i nghi\u1ec7m v\u1eeba quen v\u1eeba l\u1ea1.<\/p>\n<h3 data-section-id=\"17oo62h\" data-start=\"772\" data-end=\"806\">Trang tr\u00ed sang tr\u1ecdng, cu\u1ed1n h\u00fat<\/h3>\n<p data-start=\"808\" data-end=\"833\">B\u00e1nh \u0111\u01b0\u1ee3c ho\u00e0n thi\u1ec7n v\u1edbi:<\/p>\n<ul data-start=\"835\" data-end=\"917\">\n<li data-section-id=\"5hbth0\" data-start=\"835\" data-end=\"871\">Nh\u1eefng vi\u00ean kh\u00fac b\u1ea1ch v\u1ea3i m\u1ec1m m\u1ecbn<\/li>\n<li data-section-id=\"g0emyz\" data-start=\"872\" data-end=\"917\">Vi\u00ean m\u1ee9t v\u1ea3i hoa h\u1ed3ng trong su\u1ed1t, b\u1eaft m\u1eaft<\/li>\n<\/ul>\n<p data-start=\"919\" data-end=\"996\">T\u1ed5ng th\u1ec3 mang v\u1ebb \u0111\u1eb9p nh\u1eb9 nh\u00e0ng, thanh l\u1ecbch, r\u1ea5t ph\u00f9 h\u1ee3p cho c\u00e1c d\u1ecbp \u0111\u1eb7c bi\u1ec7t.<\/p>\n<h3 data-section-id=\"1cz8081\" data-start=\"1003\" data-end=\"1026\">B\u1ea3o qu\u1ea3n v\u00e0 s\u1eed d\u1ee5ng<\/h3>\n<ul data-start=\"1028\" data-end=\"1133\">\n<li data-section-id=\"8u80ks\" data-start=\"1028\" data-end=\"1080\">N\u00ean d\u00f9ng b\u00e1nh trong ng\u00e0y \u0111\u1ec3 \u0111\u1ea3m b\u1ea3o \u0111\u1ed9 t\u01b0\u01a1i ngon<\/li>\n<li data-section-id=\"110p955\" data-start=\"1081\" data-end=\"1133\">Ngon h\u01a1n khi b\u1ea3o qu\u1ea3n l\u1ea1nh tr\u01b0\u1edbc khi th\u01b0\u1edfng th\u1ee9c<\/li>\n<\/ul>\n<h3 data-section-id=\"9qrklw\" data-start=\"1140\" data-end=\"1161\">Ph\u1ee5 ki\u1ec7n t\u1eb7ng k\u00e8m<\/h3>\n<p data-start=\"1163\" data-end=\"1194\">Khi mua b\u00e1nh, b\u1ea1n s\u1ebd nh\u1eadn \u0111\u01b0\u1ee3c:<\/p>\n<ul data-start=\"1196\" data-end=\"1254\">\n<li data-section-id=\"1si23wu\" data-start=\"1196\" data-end=\"1214\">1 dao c\u1eaft b\u00e1nh<\/li>\n<li data-section-id=\"1whkgu6\" data-start=\"1215\" data-end=\"1236\">1 b\u1ed9 d\u0129a v\u00e0 mu\u1ed7ng<\/li>\n<li data-section-id=\"1xgicum\" data-start=\"1237\" data-end=\"1254\">1 h\u1ed9p n\u1ebfn nh\u1ecf<\/li>\n<\/ul>\n<h3 data-section-id=\"1vzpiyi\" data-start=\"1261\" data-end=\"1298\">V\u00ec sao n\u00ean ch\u1ecdn Tiramisu V\u1ea3i M\u00e2y?<\/h3>\n<ul data-start=\"1300\" data-end=\"1488\">\n<li data-section-id=\"1fgir2c\" data-start=\"1300\" data-end=\"1361\">H\u01b0\u01a1ng v\u1ecb s\u00e1ng t\u1ea1o, kh\u00e1c bi\u1ec7t so v\u1edbi tiramisu truy\u1ec1n th\u1ed1ng<\/li>\n<li data-section-id=\"1fwkw0w\" data-start=\"1362\" data-end=\"1395\">K\u1ebft c\u1ea5u mousse m\u1ec1m m\u1ecbn, d\u1ec5 \u0103n<\/li>\n<li data-section-id=\"11ggi5g\" data-start=\"1396\" data-end=\"1439\">Trang tr\u00ed tinh t\u1ebf, ph\u00f9 h\u1ee3p l\u00e0m qu\u00e0 t\u1eb7ng<\/li>\n<li data-section-id=\"1ggtqvx\" data-start=\"1440\" data-end=\"1488\">Tr\u1ea3i nghi\u1ec7m v\u1ecb gi\u00e1c nh\u1eb9 nh\u00e0ng nh\u01b0ng \u1ea5n t\u01b0\u1ee3ng<\/li>\n<\/ul>\n","protected":false},"excerpt":{"rendered":"<p>TIRAMISU \u201cTHAY \u00c1O\u201d \u2013 KH\u00daC B\u1ea0CH V\u1ea2I XU\u1ea4T HI\u1ec6N!<\/p>\n<p>M\u00f9a v\u1ea3i d\u1ea7n kh\u00e9p l\u1ea1i, nh\u01b0ng v\u1ecb Tiramisu V\u1ea3i tr\u1ee9 danh th\u00ec v\u1eabn \u1edf \u0111\u00e2y \u2013 nay kho\u00e1c l\u00ean m\u1ed9t di\u1ec7n m\u1ea1o m\u1edbi tinh t\u1ebf h\u01a1n. Hai \u201cg\u01b0\u01a1ng m\u1eb7t quen\u201d ch\u00ednh th\u1ee9c ra m\u1eaft phi\u00ean b\u1ea3n decor v\u1edbi Kh\u00fac B\u1ea1ch v\u1eeba duy\u00ean d\u00e1ng, v\u1eeba mang l\u1ea1i tr\u1ea3i nghi\u1ec7m th\u00fa v\u1ecb.<\/p>\n<ul>\n<li><strong>TIRAMISU KH\u00daC B\u1ea0CH V\u1ea2I: Tiramisu m\u1ec1m m\u1ecbn v\u1edbi topping kh\u00fac b\u1ea1ch v\u1ea3i v\u00e0 m\u1ee9t v\u1ea3i hoa h\u1ed3ng trong veo, nh\u00ecn l\u00e0 mu\u1ed1n \u0103n ngay.<\/strong><\/li>\n<li>Sweetin TIRAMISU LYCH\u00c9E KH\u00daC B\u1ea0CH: Phi\u00ean b\u1ea3n h\u1ed9p thi\u1ebfc gi\u1eef tr\u1ecdn h\u01b0\u01a1ng v\u1ecb tiramisu v\u1ea3i \u0111\u1eb7c tr\u01b0ng, nay \u201cupgrade\u201d v\u1edbi decor m\u1edbi duy\u00ean d\u00e1ng h\u01a1n.<\/li>\n<\/ul>\n<p>M\u1ed9t ch\u00fat thay \u0111\u1ed5i nh\u1ecf, nh\u01b0ng \u0111\u1ee7 \u0111\u1ec3 b\u1ea1n c\u00f3 th\u00eam l\u00fd do g\u1eedi t\u1eb7ng hay chia s\u1ebb v\u1edbi nh\u1eefng ng\u01b0\u1eddi m\u00ecnh y\u00eau th\u01b0\u01a1ng. B\u1ea1n \u0111\u00e3 s\u1eb5n s\u00e0ng g\u1eb7p phi\u00ean b\u1ea3n \u201cthay \u00e1o\u201d xinh x\u1eafn n\u00e0y t\u1ea1i Ti\u1ec7m b\u00e1nh Flan ch\u01b0a?<\/p>\n","protected":false},"featured_media":276,"comment_status":"open","ping_status":"closed","template":"","meta":[],"product_brand":[],"product_cat":[22],"product_tag":[],"class_list":{"0":"post-271","1":"product","2":"type-product","3":"status-publish","4":"has-post-thumbnail","6":"product_cat-banh-tiramisu","8":"first","9":"instock","10":"sale","11":"shipping-taxable","12":"purchasable","13":"product-type-variable"},"yoast_head":"<!-- This site is optimized with the Yoast SEO plugin v26.9 - https:\/\/yoast.com\/product\/yoast-seo-wordpress\/ -->\n<title>Tiralych\u00e9e \u2013 Tiramisu V\u1ea3i M\u00e2y - Flan<\/title>\n<meta name=\"robots\" content=\"index, follow, max-snippet:-1, max-image-preview:large, max-video-preview:-1\" \/>\n<link rel=\"canonical\" href=\"https:\/\/quynhnhuphan.azdigi.shop\/?product=tiralychee-tiramisu-vai-may\" \/>\n<meta property=\"og:locale\" content=\"vi_VN\" \/>\n<meta property=\"og:type\" content=\"article\" \/>\n<meta property=\"og:title\" content=\"Tiralych\u00e9e \u2013 Tiramisu V\u1ea3i M\u00e2y - Flan\" \/>\n<meta property=\"og:description\" content=\"TIRAMISU \u201cTHAY \u00c1O\u201d \u2013 KH\u00daC B\u1ea0CH V\u1ea2I XU\u1ea4T HI\u1ec6N!  M\u00f9a v\u1ea3i d\u1ea7n kh\u00e9p l\u1ea1i, nh\u01b0ng v\u1ecb Tiramisu V\u1ea3i tr\u1ee9 danh th\u00ec v\u1eabn \u1edf \u0111\u00e2y \u2013 nay kho\u00e1c l\u00ean m\u1ed9t di\u1ec7n m\u1ea1o m\u1edbi tinh t\u1ebf h\u01a1n. Hai \u201cg\u01b0\u01a1ng m\u1eb7t quen\u201d ch\u00ednh th\u1ee9c ra m\u1eaft phi\u00ean b\u1ea3n decor v\u1edbi Kh\u00fac B\u1ea1ch v\u1eeba duy\u00ean d\u00e1ng, v\u1eeba mang l\u1ea1i tr\u1ea3i nghi\u1ec7m th\u00fa v\u1ecb.   TIRAMISU KH\u00daC B\u1ea0CH V\u1ea2I: Tiramisu m\u1ec1m m\u1ecbn v\u1edbi topping kh\u00fac b\u1ea1ch v\u1ea3i v\u00e0 m\u1ee9t v\u1ea3i hoa h\u1ed3ng trong veo, nh\u00ecn l\u00e0 mu\u1ed1n \u0103n ngay.  Sweetin TIRAMISU LYCH\u00c9E KH\u00daC B\u1ea0CH: Phi\u00ean b\u1ea3n h\u1ed9p thi\u1ebfc gi\u1eef tr\u1ecdn h\u01b0\u01a1ng v\u1ecb tiramisu v\u1ea3i \u0111\u1eb7c tr\u01b0ng, nay \u201cupgrade\u201d v\u1edbi decor m\u1edbi duy\u00ean d\u00e1ng h\u01a1n.  M\u1ed9t ch\u00fat thay \u0111\u1ed5i nh\u1ecf, nh\u01b0ng \u0111\u1ee7 \u0111\u1ec3 b\u1ea1n c\u00f3 th\u00eam l\u00fd do g\u1eedi t\u1eb7ng hay chia s\u1ebb v\u1edbi nh\u1eefng ng\u01b0\u1eddi m\u00ecnh y\u00eau th\u01b0\u01a1ng. B\u1ea1n \u0111\u00e3 s\u1eb5n s\u00e0ng g\u1eb7p phi\u00ean b\u1ea3n \u201cthay \u00e1o\u201d xinh x\u1eafn n\u00e0y t\u1ea1i Ti\u1ec7m b\u00e1nh Flan ch\u01b0a?\" \/>\n<meta property=\"og:url\" content=\"https:\/\/quynhnhuphan.azdigi.shop\/?product=tiralychee-tiramisu-vai-may\" \/>\n<meta property=\"og:site_name\" content=\"Flan\" \/>\n<meta property=\"article:modified_time\" content=\"2026-04-05T14:26:13+00:00\" \/>\n<meta property=\"og:image\" content=\"https:\/\/quynhnhuphan.azdigi.shop\/wp-content\/uploads\/2026\/04\/mousse-btt-22.jpg\" \/>\n\t<meta property=\"og:image:width\" content=\"800\" \/>\n\t<meta property=\"og:image:height\" content=\"1200\" \/>\n\t<meta property=\"og:image:type\" content=\"image\/jpeg\" \/>\n<meta name=\"twitter:card\" content=\"summary_large_image\" \/>\n<meta name=\"twitter:label1\" content=\"\u01af\u1edbc t\u00ednh th\u1eddi gian \u0111\u1ecdc\" \/>\n\t<meta name=\"twitter:data1\" content=\"2 ph\u00fat\" \/>\n<script type=\"application\/ld+json\" class=\"yoast-schema-graph\">{\"@context\":\"https:\/\/schema.org\",\"@graph\":[{\"@type\":\"WebPage\",\"@id\":\"https:\/\/quynhnhuphan.azdigi.shop\/?product=tiralychee-tiramisu-vai-may\",\"url\":\"https:\/\/quynhnhuphan.azdigi.shop\/?product=tiralychee-tiramisu-vai-may\",\"name\":\"Tiralych\u00e9e \u2013 Tiramisu V\u1ea3i M\u00e2y - Flan\",\"isPartOf\":{\"@id\":\"https:\/\/quynhnhuphan.azdigi.shop\/#website\"},\"primaryImageOfPage\":{\"@id\":\"https:\/\/quynhnhuphan.azdigi.shop\/?product=tiralychee-tiramisu-vai-may#primaryimage\"},\"image\":{\"@id\":\"https:\/\/quynhnhuphan.azdigi.shop\/?product=tiralychee-tiramisu-vai-may#primaryimage\"},\"thumbnailUrl\":\"https:\/\/quynhnhuphan.azdigi.shop\/wp-content\/uploads\/2026\/04\/mousse-btt-22.jpg\",\"datePublished\":\"2026-04-05T06:41:40+00:00\",\"dateModified\":\"2026-04-05T14:26:13+00:00\",\"breadcrumb\":{\"@id\":\"https:\/\/quynhnhuphan.azdigi.shop\/?product=tiralychee-tiramisu-vai-may#breadcrumb\"},\"inLanguage\":\"vi\",\"potentialAction\":[{\"@type\":\"ReadAction\",\"target\":[\"https:\/\/quynhnhuphan.azdigi.shop\/?product=tiralychee-tiramisu-vai-may\"]}]},{\"@type\":\"ImageObject\",\"inLanguage\":\"vi\",\"@id\":\"https:\/\/quynhnhuphan.azdigi.shop\/?product=tiralychee-tiramisu-vai-may#primaryimage\",\"url\":\"https:\/\/quynhnhuphan.azdigi.shop\/wp-content\/uploads\/2026\/04\/mousse-btt-22.jpg\",\"contentUrl\":\"https:\/\/quynhnhuphan.azdigi.shop\/wp-content\/uploads\/2026\/04\/mousse-btt-22.jpg\",\"width\":800,\"height\":1200},{\"@type\":\"BreadcrumbList\",\"@id\":\"https:\/\/quynhnhuphan.azdigi.shop\/?product=tiralychee-tiramisu-vai-may#breadcrumb\",\"itemListElement\":[{\"@type\":\"ListItem\",\"position\":1,\"name\":\"Trang ch\u1ee7\",\"item\":\"https:\/\/quynhnhuphan.azdigi.shop\/\"},{\"@type\":\"ListItem\",\"position\":2,\"name\":\"C\u1eeda h\u00e0ng\",\"item\":\"https:\/\/quynhnhuphan.azdigi.shop\/?page_id=164\"},{\"@type\":\"ListItem\",\"position\":3,\"name\":\"Tiralych\u00e9e \u2013 Tiramisu V\u1ea3i M\u00e2y\"}]},{\"@type\":\"WebSite\",\"@id\":\"https:\/\/quynhnhuphan.azdigi.shop\/#website\",\"url\":\"https:\/\/quynhnhuphan.azdigi.shop\/\",\"name\":\"Flan\",\"description\":\"\",\"potentialAction\":[{\"@type\":\"SearchAction\",\"target\":{\"@type\":\"EntryPoint\",\"urlTemplate\":\"https:\/\/quynhnhuphan.azdigi.shop\/?s={search_term_string}\"},\"query-input\":{\"@type\":\"PropertyValueSpecification\",\"valueRequired\":true,\"valueName\":\"search_term_string\"}}],\"inLanguage\":\"vi\"}]}<\/script>\n<!-- \/ Yoast SEO plugin. -->","yoast_head_json":{"title":"Tiralych\u00e9e \u2013 Tiramisu V\u1ea3i M\u00e2y - Flan","robots":{"index":"index","follow":"follow","max-snippet":"max-snippet:-1","max-image-preview":"max-image-preview:large","max-video-preview":"max-video-preview:-1"},"canonical":"https:\/\/quynhnhuphan.azdigi.shop\/?product=tiralychee-tiramisu-vai-may","og_locale":"vi_VN","og_type":"article","og_title":"Tiralych\u00e9e \u2013 Tiramisu V\u1ea3i M\u00e2y - Flan","og_description":"TIRAMISU \u201cTHAY \u00c1O\u201d \u2013 KH\u00daC B\u1ea0CH V\u1ea2I XU\u1ea4T HI\u1ec6N!  M\u00f9a v\u1ea3i d\u1ea7n kh\u00e9p l\u1ea1i, nh\u01b0ng v\u1ecb Tiramisu V\u1ea3i tr\u1ee9 danh th\u00ec v\u1eabn \u1edf \u0111\u00e2y \u2013 nay kho\u00e1c l\u00ean m\u1ed9t di\u1ec7n m\u1ea1o m\u1edbi tinh t\u1ebf h\u01a1n. Hai \u201cg\u01b0\u01a1ng m\u1eb7t quen\u201d ch\u00ednh th\u1ee9c ra m\u1eaft phi\u00ean b\u1ea3n decor v\u1edbi Kh\u00fac B\u1ea1ch v\u1eeba duy\u00ean d\u00e1ng, v\u1eeba mang l\u1ea1i tr\u1ea3i nghi\u1ec7m th\u00fa v\u1ecb.   TIRAMISU KH\u00daC B\u1ea0CH V\u1ea2I: Tiramisu m\u1ec1m m\u1ecbn v\u1edbi topping kh\u00fac b\u1ea1ch v\u1ea3i v\u00e0 m\u1ee9t v\u1ea3i hoa h\u1ed3ng trong veo, nh\u00ecn l\u00e0 mu\u1ed1n \u0103n ngay.  Sweetin TIRAMISU LYCH\u00c9E KH\u00daC B\u1ea0CH: Phi\u00ean b\u1ea3n h\u1ed9p thi\u1ebfc gi\u1eef tr\u1ecdn h\u01b0\u01a1ng v\u1ecb tiramisu v\u1ea3i \u0111\u1eb7c tr\u01b0ng, nay \u201cupgrade\u201d v\u1edbi decor m\u1edbi duy\u00ean d\u00e1ng h\u01a1n.  M\u1ed9t ch\u00fat thay \u0111\u1ed5i nh\u1ecf, nh\u01b0ng \u0111\u1ee7 \u0111\u1ec3 b\u1ea1n c\u00f3 th\u00eam l\u00fd do g\u1eedi t\u1eb7ng hay chia s\u1ebb v\u1edbi nh\u1eefng ng\u01b0\u1eddi m\u00ecnh y\u00eau th\u01b0\u01a1ng. B\u1ea1n \u0111\u00e3 s\u1eb5n s\u00e0ng g\u1eb7p phi\u00ean b\u1ea3n \u201cthay \u00e1o\u201d xinh x\u1eafn n\u00e0y t\u1ea1i Ti\u1ec7m b\u00e1nh Flan ch\u01b0a?","og_url":"https:\/\/quynhnhuphan.azdigi.shop\/?product=tiralychee-tiramisu-vai-may","og_site_name":"Flan","article_modified_time":"2026-04-05T14:26:13+00:00","og_image":[{"width":800,"height":1200,"url":"https:\/\/quynhnhuphan.azdigi.shop\/wp-content\/uploads\/2026\/04\/mousse-btt-22.jpg","type":"image\/jpeg"}],"twitter_card":"summary_large_image","twitter_misc":{"\u01af\u1edbc t\u00ednh th\u1eddi gian \u0111\u1ecdc":"2 ph\u00fat"},"schema":{"@context":"https:\/\/schema.org","@graph":[{"@type":"WebPage","@id":"https:\/\/quynhnhuphan.azdigi.shop\/?product=tiralychee-tiramisu-vai-may","url":"https:\/\/quynhnhuphan.azdigi.shop\/?product=tiralychee-tiramisu-vai-may","name":"Tiralych\u00e9e \u2013 Tiramisu V\u1ea3i M\u00e2y - Flan","isPartOf":{"@id":"https:\/\/quynhnhuphan.azdigi.shop\/#website"},"primaryImageOfPage":{"@id":"https:\/\/quynhnhuphan.azdigi.shop\/?product=tiralychee-tiramisu-vai-may#primaryimage"},"image":{"@id":"https:\/\/quynhnhuphan.azdigi.shop\/?product=tiralychee-tiramisu-vai-may#primaryimage"},"thumbnailUrl":"https:\/\/quynhnhuphan.azdigi.shop\/wp-content\/uploads\/2026\/04\/mousse-btt-22.jpg","datePublished":"2026-04-05T06:41:40+00:00","dateModified":"2026-04-05T14:26:13+00:00","breadcrumb":{"@id":"https:\/\/quynhnhuphan.azdigi.shop\/?product=tiralychee-tiramisu-vai-may#breadcrumb"},"inLanguage":"vi","potentialAction":[{"@type":"ReadAction","target":["https:\/\/quynhnhuphan.azdigi.shop\/?product=tiralychee-tiramisu-vai-may"]}]},{"@type":"ImageObject","inLanguage":"vi","@id":"https:\/\/quynhnhuphan.azdigi.shop\/?product=tiralychee-tiramisu-vai-may#primaryimage","url":"https:\/\/quynhnhuphan.azdigi.shop\/wp-content\/uploads\/2026\/04\/mousse-btt-22.jpg","contentUrl":"https:\/\/quynhnhuphan.azdigi.shop\/wp-content\/uploads\/2026\/04\/mousse-btt-22.jpg","width":800,"height":1200},{"@type":"BreadcrumbList","@id":"https:\/\/quynhnhuphan.azdigi.shop\/?product=tiralychee-tiramisu-vai-may#breadcrumb","itemListElement":[{"@type":"ListItem","position":1,"name":"Trang ch\u1ee7","item":"https:\/\/quynhnhuphan.azdigi.shop\/"},{"@type":"ListItem","position":2,"name":"C\u1eeda h\u00e0ng","item":"https:\/\/quynhnhuphan.azdigi.shop\/?page_id=164"},{"@type":"ListItem","position":3,"name":"Tiralych\u00e9e \u2013 Tiramisu V\u1ea3i M\u00e2y"}]},{"@type":"WebSite","@id":"https:\/\/quynhnhuphan.azdigi.shop\/#website","url":"https:\/\/quynhnhuphan.azdigi.shop\/","name":"Flan","description":"","potentialAction":[{"@type":"SearchAction","target":{"@type":"EntryPoint","urlTemplate":"https:\/\/quynhnhuphan.azdigi.shop\/?s={search_term_string}"},"query-input":{"@type":"PropertyValueSpecification","valueRequired":true,"valueName":"search_term_string"}}],"inLanguage":"vi"}]}},"_links":{"self":[{"href":"https:\/\/quynhnhuphan.azdigi.shop\/index.php?rest_route=\/wp\/v2\/product\/271","targetHints":{"allow":["GET"]}}],"collection":[{"href":"https:\/\/quynhnhuphan.azdigi.shop\/index.php?rest_route=\/wp\/v2\/product"}],"about":[{"href":"https:\/\/quynhnhuphan.azdigi.shop\/index.php?rest_route=\/wp\/v2\/types\/product"}],"replies":[{"embeddable":true,"href":"https:\/\/quynhnhuphan.azdigi.shop\/index.php?rest_route=%2Fwp%2Fv2%2Fcomments&post=271"}],"wp:featuredmedia":[{"embeddable":true,"href":"https:\/\/quynhnhuphan.azdigi.shop\/index.php?rest_route=\/wp\/v2\/media\/276"}],"wp:attachment":[{"href":"https:\/\/quynhnhuphan.azdigi.shop\/index.php?rest_route=%2Fwp%2Fv2%2Fmedia&parent=271"}],"wp:term":[{"taxonomy":"product_brand","embeddable":true,"href":"https:\/\/quynhnhuphan.azdigi.shop\/index.php?rest_route=%2Fwp%2Fv2%2Fproduct_brand&post=271"},{"taxonomy":"product_cat","embeddable":true,"href":"https:\/\/quynhnhuphan.azdigi.shop\/index.php?rest_route=%2Fwp%2Fv2%2Fproduct_cat&post=271"},{"taxonomy":"product_tag","embeddable":true,"href":"https:\/\/quynhnhuphan.azdigi.shop\/index.php?rest_route=%2Fwp%2Fv2%2Fproduct_tag&post=271"}],"curies":[{"name":"wp","href":"https:\/\/api.w.org\/{rel}","templated":true}]}}