{"id":277,"date":"2026-04-05T06:46:59","date_gmt":"2026-04-05T06:46:59","guid":{"rendered":"https:\/\/quynhnhuphan.azdigi.shop\/?post_type=product&#038;p=277"},"modified":"2026-04-06T12:59:56","modified_gmt":"2026-04-06T12:59:56","slug":"banh-kem-bap-dau","status":"publish","type":"product","link":"https:\/\/quynhnhuphan.azdigi.shop\/?product=banh-kem-bap-dau","title":{"rendered":"B\u00e1nh kem B\u1eafp D\u00e2u"},"content":{"rendered":"<p><a href=\"https:\/\/cailonuong.com\/wp-content\/uploads\/2025\/11\/4.jpg\"><img loading=\"lazy\" decoding=\"async\" class=\"aligncenter wp-image-278 size-full\" src=\"https:\/\/quynhnhuphan.azdigi.shop\/wp-content\/uploads\/2026\/04\/4-1-1-e1775371423463.jpg\" alt=\"\" width=\"800\" height=\"930\" srcset=\"https:\/\/quynhnhuphan.azdigi.shop\/wp-content\/uploads\/2026\/04\/4-1-1-e1775371423463.jpg 800w, https:\/\/quynhnhuphan.azdigi.shop\/wp-content\/uploads\/2026\/04\/4-1-1-e1775371423463-600x698.jpg 600w, https:\/\/quynhnhuphan.azdigi.shop\/wp-content\/uploads\/2026\/04\/4-1-1-e1775371423463-258x300.jpg 258w, https:\/\/quynhnhuphan.azdigi.shop\/wp-content\/uploads\/2026\/04\/4-1-1-e1775371423463-768x893.jpg 768w\" sizes=\"auto, (max-width: 800px) 100vw, 800px\" \/><\/a><\/p>\n<p data-start=\"112\" data-end=\"378\"><strong data-start=\"112\" data-end=\"157\">Delicate Bloom (Short) \u2013 B\u00e1nh Kem B\u1eafp D\u00e2u<\/strong> l\u00e0 s\u1ef1 k\u1ebft h\u1ee3p h\u00e0i h\u00f2a gi\u1eefa v\u1ecb b\u1eafp ng\u1ecdt t\u1ef1 nhi\u00ean v\u00e0 tr\u00e1i c\u00e2y t\u01b0\u01a1i, mang \u0111\u1ebfn tr\u1ea3i nghi\u1ec7m nh\u1eb9 nh\u00e0ng nh\u01b0ng v\u1eabn \u0111\u1ea7y cu\u1ed1n h\u00fat. V\u1edbi thi\u1ebft k\u1ebf tinh t\u1ebf v\u00e0 h\u01b0\u01a1ng v\u1ecb d\u1ec5 \u0103n, \u0111\u00e2y l\u00e0 l\u1ef1a ch\u1ecdn l\u00fd t\u01b0\u1edfng cho c\u00e1c d\u1ecbp sinh nh\u1eadt v\u00e0 ti\u1ec7c nh\u1ecf.<\/p>\n<h3 data-section-id=\"a6ooz4\" data-start=\"385\" data-end=\"409\">H\u01b0\u01a1ng th\u01a1m v\u00e0 m\u00f9i v\u1ecb<\/h3>\n<ul data-start=\"411\" data-end=\"488\">\n<li data-section-id=\"18m51yi\" data-start=\"411\" data-end=\"434\">Ng\u1ecdt d\u1ecbu, thanh nh\u1eb9<\/li>\n<li data-section-id=\"tai8bk\" data-start=\"435\" data-end=\"460\">Th\u01a1m \u0111\u1eb7c tr\u01b0ng t\u1eeb b\u1eafp<\/li>\n<li data-section-id=\"hjm30b\" data-start=\"461\" data-end=\"488\">B\u00e9o nh\u1eb9, kh\u00f4ng g\u00e2y ng\u00e1n<\/li>\n<\/ul>\n<h3 data-section-id=\"az5vye\" data-start=\"564\" data-end=\"589\">C\u1ea5u tr\u00fac b\u00e1nh m\u1ec1m m\u1ecbn<\/h3>\n<p data-start=\"591\" data-end=\"624\">Ph\u1ea7n th\u00e2n b\u00e1nh g\u1ed3m c\u00e1c l\u1edbp ch\u00ednh:<\/p>\n<ul data-start=\"626\" data-end=\"699\">\n<li data-section-id=\"1cgbst8\" data-start=\"626\" data-end=\"658\">Mousse b\u1eafp m\u1ecbn m\u00e0ng, b\u00e9o nh\u1eb9<\/li>\n<li data-section-id=\"1x7d8h7\" data-start=\"659\" data-end=\"699\">B\u00f4ng lan b\u1eafp x\u1ed1p m\u1ec1m, t\u0103ng \u0111\u1ed9 \u0111\u1eadm \u0111\u00e0<\/li>\n<\/ul>\n<p data-start=\"701\" data-end=\"762\">S\u1ef1 k\u1ebft h\u1ee3p gi\u00fap b\u00e1nh v\u1eeba th\u01a1m v\u1eeba nh\u1eb9, ph\u00f9 h\u1ee3p nhi\u1ec1u kh\u1ea9u v\u1ecb.<\/p>\n<h3 data-section-id=\"76q9y7\" data-start=\"769\" data-end=\"800\">Trang tr\u00ed t\u01b0\u01a1i t\u1eafn, n\u1ed5i b\u1eadt<\/h3>\n<p data-start=\"802\" data-end=\"826\">B\u00e1nh \u0111\u01b0\u1ee3c trang tr\u00ed v\u1edbi:<\/p>\n<ul data-start=\"828\" data-end=\"936\">\n<li data-section-id=\"a7r94o\" data-start=\"828\" data-end=\"844\">D\u00e2u t\u00e2y t\u01b0\u01a1i<\/li>\n<li data-section-id=\"lo4nda\" data-start=\"845\" data-end=\"862\">Nho m\u1ecdng n\u01b0\u1edbc<\/li>\n<li data-section-id=\"1e4ihzb\" data-start=\"863\" data-end=\"890\">B\u1eafp nguy\u00ean h\u1ea1t t\u1ef1 nhi\u00ean<\/li>\n<li data-section-id=\"15mcqf0\" data-start=\"891\" data-end=\"909\">\u0110\u00e0o ng\u1ecdt thanh<\/li>\n<li data-section-id=\"17t4w4l\" data-start=\"910\" data-end=\"936\">S\u00f4-c\u00f4-la tr\u1eafng tinh t\u1ebf<\/li>\n<\/ul>\n<p data-start=\"938\" data-end=\"1012\">T\u1ed5ng th\u1ec3 mang phong c\u00e1ch \u201cdelicate bloom\u201d nh\u1eb9 nh\u00e0ng, t\u01b0\u01a1i s\u00e1ng v\u00e0 b\u1eaft m\u1eaft.<\/p>\n<h3 data-section-id=\"1cz8081\" data-start=\"1019\" data-end=\"1042\">B\u1ea3o qu\u1ea3n v\u00e0 s\u1eed d\u1ee5ng<\/h3>\n<ul data-start=\"1044\" data-end=\"1149\">\n<li data-section-id=\"8u80ks\" data-start=\"1044\" data-end=\"1096\">N\u00ean d\u00f9ng b\u00e1nh trong ng\u00e0y \u0111\u1ec3 \u0111\u1ea3m b\u1ea3o \u0111\u1ed9 t\u01b0\u01a1i ngon<\/li>\n<li data-section-id=\"110p955\" data-start=\"1097\" data-end=\"1149\">Ngon h\u01a1n khi b\u1ea3o qu\u1ea3n l\u1ea1nh tr\u01b0\u1edbc khi th\u01b0\u1edfng th\u1ee9c<\/li>\n<\/ul>\n<h3 data-section-id=\"9qrklw\" data-start=\"1156\" data-end=\"1177\">Ph\u1ee5 ki\u1ec7n t\u1eb7ng k\u00e8m<\/h3>\n<p data-start=\"1179\" data-end=\"1210\">Khi mua b\u00e1nh, b\u1ea1n s\u1ebd nh\u1eadn \u0111\u01b0\u1ee3c:<\/p>\n<ul data-start=\"1212\" data-end=\"1320\">\n<li data-section-id=\"1si23wu\" data-start=\"1212\" data-end=\"1230\">1 dao c\u1eaft b\u00e1nh<\/li>\n<li data-section-id=\"1whkgu6\" data-start=\"1231\" data-end=\"1252\">1 b\u1ed9 d\u0129a v\u00e0 mu\u1ed7ng<\/li>\n<li data-section-id=\"1xgicum\" data-start=\"1253\" data-end=\"1270\">1 h\u1ed9p n\u1ebfn nh\u1ecf<\/li>\n<li data-section-id=\"i3rypy\" data-start=\"1271\" data-end=\"1320\">C\u00e2y ghim v\u00e0 ph\u1ee5 ki\u1ec7n trang tr\u00ed ri\u00eang c\u1ee7a b\u00e1nh<\/li>\n<\/ul>\n<h3 data-section-id=\"10ib6wk\" data-start=\"1327\" data-end=\"1364\">V\u00ec sao n\u00ean ch\u1ecdn B\u00e1nh Kem B\u1eafp D\u00e2u?<\/h3>\n<ul data-start=\"1366\" data-end=\"1524\">\n<li data-section-id=\"msnc7q\" data-start=\"1366\" data-end=\"1398\">H\u01b0\u01a1ng v\u1ecb b\u1eafp t\u1ef1 nhi\u00ean, d\u1ec5 \u0103n<\/li>\n<li data-section-id=\"fvsj3o\" data-start=\"1399\" data-end=\"1437\">K\u1ebft c\u1ea5u mousse m\u1ec1m m\u1ecbn, kh\u00f4ng ng\u00e1n<\/li>\n<li data-section-id=\"1ur9ooh\" data-start=\"1438\" data-end=\"1478\">Trang tr\u00ed \u0111\u1eb9p m\u1eaft, ph\u00f9 h\u1ee3p nhi\u1ec1u d\u1ecbp<\/li>\n<li data-section-id=\"wh9736\" data-start=\"1479\" data-end=\"1524\">K\u00edch th\u01b0\u1edbc ph\u00f9 h\u1ee3p cho nh\u00f3m b\u1ea1n, gia \u0111\u00ecnh<\/li>\n<\/ul>\n","protected":false},"excerpt":{"rendered":"<div class=\"ace-line ace-line old-record-id-LSEKdhLW9o6nvCxeBRhl3Dapgoe\"><strong>BI\u1ec6T \u0110\u1ed8I B\u1eaeP \u201cN\u1ede HOA\u201d<\/strong><\/div>\n<div class=\"ace-line ace-line old-record-id-Y2rldby4iobU3exlbZ3lyQYOgTf\">Xin gi\u1edbi thi\u1ec7u th\u00e0nh vi\u00ean \u201cm\u00ea l\u00e0m \u0111\u1eb9p\u201d nh\u1ea5t c\u1ee7a Bi\u1ec7t \u0110\u1ed9i B\u1eafp L\u00f9n \u2013\u00a0<strong>Delicate Bloom<\/strong>, chi\u1ebfc b\u00e1nh kem b\u1eafp d\u00e2u nh\u01b0 m\u1ed9t \u0111\u00f3a hoa r\u1ef1c r\u1ee1 \u0111ang bung n\u1edf gi\u1eefa b\u00e0n ti\u1ec7c.<\/div>\n<div class=\"ace-line ace-line old-record-id-F9RndMrZeogjmDxb71hlFIZ7gig\">N\u00e0ng \u1ea5y n\u1ed5i b\u1eadt v\u1edbi:<\/div>\n<p>L\u1edbp mousse b\u1eafp ng\u1ecdt d\u1ecbu, c\u1ed1t b\u00e1nh b\u00f4ng lan m\u1ec1m m\u1ecbn<\/p>\n<p>T\u1ea1o h\u00ecnh hoa xinh x\u1eafn t\u1eeb tr\u00e1i c\u00e2y t\u01b0\u01a1i: d\u00e2u, \u0111\u00e0o, nho, b\u1eafp<\/p>\n<p>V\u1ebb ngo\u00e0i \u201c\u0103n \u1ea3nh\u201d c\u1ef1c m\u1ea1nh, h\u1ee3p gu ti\u1ec7c t\u00f9ng, t\u1ee5 h\u1ecdp, ch\u1ee5p h\u00ecnh s\u1ed1ng \u1ea3o!<\/p>\n<div class=\"ace-line ace-line old-record-id-Z8YQdxnlVoE8iLxSq9YlSt7VgEd\">V\u1eeba c\u00f3 gu, v\u1eeba c\u00f3 v\u1ecb \u2013\u00a0<strong>Delicate Bloom<\/strong>\u00a0l\u00e0 phi\u00ean b\u1ea3n kh\u00f4ng th\u1ec3 thi\u1ebfu cho nh\u1eefng bu\u1ed5i ti\u1ec7c c\u1ea7n ch\u00fat d\u1ecbu d\u00e0ng m\u00e0 v\u1eabn th\u1eadt \u1ea5n t\u01b0\u1ee3ng<\/div>\n<div class=\"ace-line ace-line old-record-id-G6tkdIK23olDRFxOMFul0bhugHb\"><\/div>\n<div class=\"ace-line ace-line old-record-id-LKNld3CHHoRJ58xWEcrleug3gjf\">M\u00e1ch nh\u1ecf: \u0110\u1eb7t b\u00e1nh ngay h\u00f4m nay \u0111\u1ec3 h\u01b0\u1edfng \u01b0u \u0111\u00e3i h\u1ea5p d\u1eabn t\u1eeb chi\u1ebfn d\u1ecbch\u00a0<strong>Bi\u1ec7t \u0110\u1ed9i B\u1eafp \u2013 Up Mood t\u1edbi n\u00f3c!<\/strong><\/div>\n","protected":false},"featured_media":282,"comment_status":"open","ping_status":"closed","template":"","meta":[],"product_brand":[],"product_cat":[23],"product_tag":[],"class_list":{"0":"post-277","1":"product","2":"type-product","3":"status-publish","4":"has-post-thumbnail","6":"product_cat-banh-kem-bap","8":"first","9":"instock","10":"sale","11":"shipping-taxable","12":"purchasable","13":"product-type-variable"},"yoast_head":"<!-- This site is optimized with the Yoast SEO plugin v26.9 - https:\/\/yoast.com\/product\/yoast-seo-wordpress\/ -->\n<title>B\u00e1nh kem B\u1eafp D\u00e2u - Flan<\/title>\n<meta name=\"robots\" content=\"index, follow, max-snippet:-1, max-image-preview:large, max-video-preview:-1\" \/>\n<link rel=\"canonical\" href=\"https:\/\/quynhnhuphan.azdigi.shop\/?product=banh-kem-bap-dau\" \/>\n<meta property=\"og:locale\" content=\"vi_VN\" \/>\n<meta property=\"og:type\" content=\"article\" \/>\n<meta property=\"og:title\" content=\"B\u00e1nh kem B\u1eafp D\u00e2u - Flan\" \/>\n<meta property=\"og:description\" content=\"BI\u1ec6T \u0110\u1ed8I B\u1eaeP \u201cN\u1ede HOA\u201d Xin gi\u1edbi thi\u1ec7u th\u00e0nh vi\u00ean \u201cm\u00ea l\u00e0m \u0111\u1eb9p\u201d nh\u1ea5t c\u1ee7a Bi\u1ec7t \u0110\u1ed9i B\u1eafp L\u00f9n \u2013\u00a0Delicate Bloom, chi\u1ebfc b\u00e1nh kem b\u1eafp d\u00e2u nh\u01b0 m\u1ed9t \u0111\u00f3a hoa r\u1ef1c r\u1ee1 \u0111ang bung n\u1edf gi\u1eefa b\u00e0n ti\u1ec7c. N\u00e0ng \u1ea5y n\u1ed5i b\u1eadt v\u1edbi: L\u1edbp mousse b\u1eafp ng\u1ecdt d\u1ecbu, c\u1ed1t b\u00e1nh b\u00f4ng lan m\u1ec1m m\u1ecbn  T\u1ea1o h\u00ecnh hoa xinh x\u1eafn t\u1eeb tr\u00e1i c\u00e2y t\u01b0\u01a1i: d\u00e2u, \u0111\u00e0o, nho, b\u1eafp  V\u1ebb ngo\u00e0i \u201c\u0103n \u1ea3nh\u201d c\u1ef1c m\u1ea1nh, h\u1ee3p gu ti\u1ec7c t\u00f9ng, t\u1ee5 h\u1ecdp, ch\u1ee5p h\u00ecnh s\u1ed1ng \u1ea3o! V\u1eeba c\u00f3 gu, v\u1eeba c\u00f3 v\u1ecb \u2013\u00a0Delicate Bloom\u00a0l\u00e0 phi\u00ean b\u1ea3n kh\u00f4ng th\u1ec3 thi\u1ebfu cho nh\u1eefng bu\u1ed5i ti\u1ec7c c\u1ea7n ch\u00fat d\u1ecbu d\u00e0ng m\u00e0 v\u1eabn th\u1eadt \u1ea5n t\u01b0\u1ee3ng  M\u00e1ch nh\u1ecf: \u0110\u1eb7t b\u00e1nh ngay h\u00f4m nay \u0111\u1ec3 h\u01b0\u1edfng \u01b0u \u0111\u00e3i h\u1ea5p d\u1eabn t\u1eeb chi\u1ebfn d\u1ecbch\u00a0Bi\u1ec7t \u0110\u1ed9i B\u1eafp \u2013 Up Mood t\u1edbi n\u00f3c!\" \/>\n<meta property=\"og:url\" content=\"https:\/\/quynhnhuphan.azdigi.shop\/?product=banh-kem-bap-dau\" \/>\n<meta property=\"og:site_name\" content=\"Flan\" \/>\n<meta property=\"article:modified_time\" content=\"2026-04-06T12:59:56+00:00\" \/>\n<meta property=\"og:image\" content=\"https:\/\/quynhnhuphan.azdigi.shop\/wp-content\/uploads\/2026\/04\/2.jpg\" \/>\n\t<meta property=\"og:image:width\" content=\"800\" \/>\n\t<meta property=\"og:image:height\" content=\"1200\" \/>\n\t<meta property=\"og:image:type\" content=\"image\/jpeg\" \/>\n<meta name=\"twitter:card\" content=\"summary_large_image\" \/>\n<meta name=\"twitter:label1\" content=\"\u01af\u1edbc t\u00ednh th\u1eddi gian \u0111\u1ecdc\" \/>\n\t<meta name=\"twitter:data1\" content=\"2 ph\u00fat\" \/>\n<script type=\"application\/ld+json\" class=\"yoast-schema-graph\">{\"@context\":\"https:\/\/schema.org\",\"@graph\":[{\"@type\":\"WebPage\",\"@id\":\"https:\/\/quynhnhuphan.azdigi.shop\/?product=banh-kem-bap-dau\",\"url\":\"https:\/\/quynhnhuphan.azdigi.shop\/?product=banh-kem-bap-dau\",\"name\":\"B\u00e1nh kem B\u1eafp D\u00e2u - Flan\",\"isPartOf\":{\"@id\":\"https:\/\/quynhnhuphan.azdigi.shop\/#website\"},\"primaryImageOfPage\":{\"@id\":\"https:\/\/quynhnhuphan.azdigi.shop\/?product=banh-kem-bap-dau#primaryimage\"},\"image\":{\"@id\":\"https:\/\/quynhnhuphan.azdigi.shop\/?product=banh-kem-bap-dau#primaryimage\"},\"thumbnailUrl\":\"https:\/\/quynhnhuphan.azdigi.shop\/wp-content\/uploads\/2026\/04\/2.jpg\",\"datePublished\":\"2026-04-05T06:46:59+00:00\",\"dateModified\":\"2026-04-06T12:59:56+00:00\",\"breadcrumb\":{\"@id\":\"https:\/\/quynhnhuphan.azdigi.shop\/?product=banh-kem-bap-dau#breadcrumb\"},\"inLanguage\":\"vi\",\"potentialAction\":[{\"@type\":\"ReadAction\",\"target\":[\"https:\/\/quynhnhuphan.azdigi.shop\/?product=banh-kem-bap-dau\"]}]},{\"@type\":\"ImageObject\",\"inLanguage\":\"vi\",\"@id\":\"https:\/\/quynhnhuphan.azdigi.shop\/?product=banh-kem-bap-dau#primaryimage\",\"url\":\"https:\/\/quynhnhuphan.azdigi.shop\/wp-content\/uploads\/2026\/04\/2.jpg\",\"contentUrl\":\"https:\/\/quynhnhuphan.azdigi.shop\/wp-content\/uploads\/2026\/04\/2.jpg\",\"width\":800,\"height\":1200},{\"@type\":\"BreadcrumbList\",\"@id\":\"https:\/\/quynhnhuphan.azdigi.shop\/?product=banh-kem-bap-dau#breadcrumb\",\"itemListElement\":[{\"@type\":\"ListItem\",\"position\":1,\"name\":\"Trang ch\u1ee7\",\"item\":\"https:\/\/quynhnhuphan.azdigi.shop\/\"},{\"@type\":\"ListItem\",\"position\":2,\"name\":\"C\u1eeda h\u00e0ng\",\"item\":\"https:\/\/quynhnhuphan.azdigi.shop\/?page_id=164\"},{\"@type\":\"ListItem\",\"position\":3,\"name\":\"B\u00e1nh kem B\u1eafp D\u00e2u\"}]},{\"@type\":\"WebSite\",\"@id\":\"https:\/\/quynhnhuphan.azdigi.shop\/#website\",\"url\":\"https:\/\/quynhnhuphan.azdigi.shop\/\",\"name\":\"Flan\",\"description\":\"\",\"potentialAction\":[{\"@type\":\"SearchAction\",\"target\":{\"@type\":\"EntryPoint\",\"urlTemplate\":\"https:\/\/quynhnhuphan.azdigi.shop\/?s={search_term_string}\"},\"query-input\":{\"@type\":\"PropertyValueSpecification\",\"valueRequired\":true,\"valueName\":\"search_term_string\"}}],\"inLanguage\":\"vi\"}]}<\/script>\n<!-- \/ Yoast SEO plugin. -->","yoast_head_json":{"title":"B\u00e1nh kem B\u1eafp D\u00e2u - Flan","robots":{"index":"index","follow":"follow","max-snippet":"max-snippet:-1","max-image-preview":"max-image-preview:large","max-video-preview":"max-video-preview:-1"},"canonical":"https:\/\/quynhnhuphan.azdigi.shop\/?product=banh-kem-bap-dau","og_locale":"vi_VN","og_type":"article","og_title":"B\u00e1nh kem B\u1eafp D\u00e2u - Flan","og_description":"BI\u1ec6T \u0110\u1ed8I B\u1eaeP \u201cN\u1ede HOA\u201d Xin gi\u1edbi thi\u1ec7u th\u00e0nh vi\u00ean \u201cm\u00ea l\u00e0m \u0111\u1eb9p\u201d nh\u1ea5t c\u1ee7a Bi\u1ec7t \u0110\u1ed9i B\u1eafp L\u00f9n \u2013\u00a0Delicate Bloom, chi\u1ebfc b\u00e1nh kem b\u1eafp d\u00e2u nh\u01b0 m\u1ed9t \u0111\u00f3a hoa r\u1ef1c r\u1ee1 \u0111ang bung n\u1edf gi\u1eefa b\u00e0n ti\u1ec7c. N\u00e0ng \u1ea5y n\u1ed5i b\u1eadt v\u1edbi: L\u1edbp mousse b\u1eafp ng\u1ecdt d\u1ecbu, c\u1ed1t b\u00e1nh b\u00f4ng lan m\u1ec1m m\u1ecbn  T\u1ea1o h\u00ecnh hoa xinh x\u1eafn t\u1eeb tr\u00e1i c\u00e2y t\u01b0\u01a1i: d\u00e2u, \u0111\u00e0o, nho, b\u1eafp  V\u1ebb ngo\u00e0i \u201c\u0103n \u1ea3nh\u201d c\u1ef1c m\u1ea1nh, h\u1ee3p gu ti\u1ec7c t\u00f9ng, t\u1ee5 h\u1ecdp, ch\u1ee5p h\u00ecnh s\u1ed1ng \u1ea3o! V\u1eeba c\u00f3 gu, v\u1eeba c\u00f3 v\u1ecb \u2013\u00a0Delicate Bloom\u00a0l\u00e0 phi\u00ean b\u1ea3n kh\u00f4ng th\u1ec3 thi\u1ebfu cho nh\u1eefng bu\u1ed5i ti\u1ec7c c\u1ea7n ch\u00fat d\u1ecbu d\u00e0ng m\u00e0 v\u1eabn th\u1eadt \u1ea5n t\u01b0\u1ee3ng  M\u00e1ch nh\u1ecf: \u0110\u1eb7t b\u00e1nh ngay h\u00f4m nay \u0111\u1ec3 h\u01b0\u1edfng \u01b0u \u0111\u00e3i h\u1ea5p d\u1eabn t\u1eeb chi\u1ebfn d\u1ecbch\u00a0Bi\u1ec7t \u0110\u1ed9i B\u1eafp \u2013 Up Mood t\u1edbi n\u00f3c!","og_url":"https:\/\/quynhnhuphan.azdigi.shop\/?product=banh-kem-bap-dau","og_site_name":"Flan","article_modified_time":"2026-04-06T12:59:56+00:00","og_image":[{"width":800,"height":1200,"url":"https:\/\/quynhnhuphan.azdigi.shop\/wp-content\/uploads\/2026\/04\/2.jpg","type":"image\/jpeg"}],"twitter_card":"summary_large_image","twitter_misc":{"\u01af\u1edbc t\u00ednh th\u1eddi gian \u0111\u1ecdc":"2 ph\u00fat"},"schema":{"@context":"https:\/\/schema.org","@graph":[{"@type":"WebPage","@id":"https:\/\/quynhnhuphan.azdigi.shop\/?product=banh-kem-bap-dau","url":"https:\/\/quynhnhuphan.azdigi.shop\/?product=banh-kem-bap-dau","name":"B\u00e1nh kem B\u1eafp D\u00e2u - Flan","isPartOf":{"@id":"https:\/\/quynhnhuphan.azdigi.shop\/#website"},"primaryImageOfPage":{"@id":"https:\/\/quynhnhuphan.azdigi.shop\/?product=banh-kem-bap-dau#primaryimage"},"image":{"@id":"https:\/\/quynhnhuphan.azdigi.shop\/?product=banh-kem-bap-dau#primaryimage"},"thumbnailUrl":"https:\/\/quynhnhuphan.azdigi.shop\/wp-content\/uploads\/2026\/04\/2.jpg","datePublished":"2026-04-05T06:46:59+00:00","dateModified":"2026-04-06T12:59:56+00:00","breadcrumb":{"@id":"https:\/\/quynhnhuphan.azdigi.shop\/?product=banh-kem-bap-dau#breadcrumb"},"inLanguage":"vi","potentialAction":[{"@type":"ReadAction","target":["https:\/\/quynhnhuphan.azdigi.shop\/?product=banh-kem-bap-dau"]}]},{"@type":"ImageObject","inLanguage":"vi","@id":"https:\/\/quynhnhuphan.azdigi.shop\/?product=banh-kem-bap-dau#primaryimage","url":"https:\/\/quynhnhuphan.azdigi.shop\/wp-content\/uploads\/2026\/04\/2.jpg","contentUrl":"https:\/\/quynhnhuphan.azdigi.shop\/wp-content\/uploads\/2026\/04\/2.jpg","width":800,"height":1200},{"@type":"BreadcrumbList","@id":"https:\/\/quynhnhuphan.azdigi.shop\/?product=banh-kem-bap-dau#breadcrumb","itemListElement":[{"@type":"ListItem","position":1,"name":"Trang ch\u1ee7","item":"https:\/\/quynhnhuphan.azdigi.shop\/"},{"@type":"ListItem","position":2,"name":"C\u1eeda h\u00e0ng","item":"https:\/\/quynhnhuphan.azdigi.shop\/?page_id=164"},{"@type":"ListItem","position":3,"name":"B\u00e1nh kem B\u1eafp D\u00e2u"}]},{"@type":"WebSite","@id":"https:\/\/quynhnhuphan.azdigi.shop\/#website","url":"https:\/\/quynhnhuphan.azdigi.shop\/","name":"Flan","description":"","potentialAction":[{"@type":"SearchAction","target":{"@type":"EntryPoint","urlTemplate":"https:\/\/quynhnhuphan.azdigi.shop\/?s={search_term_string}"},"query-input":{"@type":"PropertyValueSpecification","valueRequired":true,"valueName":"search_term_string"}}],"inLanguage":"vi"}]}},"_links":{"self":[{"href":"https:\/\/quynhnhuphan.azdigi.shop\/index.php?rest_route=\/wp\/v2\/product\/277","targetHints":{"allow":["GET"]}}],"collection":[{"href":"https:\/\/quynhnhuphan.azdigi.shop\/index.php?rest_route=\/wp\/v2\/product"}],"about":[{"href":"https:\/\/quynhnhuphan.azdigi.shop\/index.php?rest_route=\/wp\/v2\/types\/product"}],"replies":[{"embeddable":true,"href":"https:\/\/quynhnhuphan.azdigi.shop\/index.php?rest_route=%2Fwp%2Fv2%2Fcomments&post=277"}],"wp:featuredmedia":[{"embeddable":true,"href":"https:\/\/quynhnhuphan.azdigi.shop\/index.php?rest_route=\/wp\/v2\/media\/282"}],"wp:attachment":[{"href":"https:\/\/quynhnhuphan.azdigi.shop\/index.php?rest_route=%2Fwp%2Fv2%2Fmedia&parent=277"}],"wp:term":[{"taxonomy":"product_brand","embeddable":true,"href":"https:\/\/quynhnhuphan.azdigi.shop\/index.php?rest_route=%2Fwp%2Fv2%2Fproduct_brand&post=277"},{"taxonomy":"product_cat","embeddable":true,"href":"https:\/\/quynhnhuphan.azdigi.shop\/index.php?rest_route=%2Fwp%2Fv2%2Fproduct_cat&post=277"},{"taxonomy":"product_tag","embeddable":true,"href":"https:\/\/quynhnhuphan.azdigi.shop\/index.php?rest_route=%2Fwp%2Fv2%2Fproduct_tag&post=277"}],"curies":[{"name":"wp","href":"https:\/\/api.w.org\/{rel}","templated":true}]}}