{"id":284,"date":"2026-04-05T06:52:05","date_gmt":"2026-04-05T06:52:05","guid":{"rendered":"https:\/\/quynhnhuphan.azdigi.shop\/?post_type=product&#038;p=284"},"modified":"2026-04-06T12:45:59","modified_gmt":"2026-04-06T12:45:59","slug":"banh-kem-bap-truyen-thong","status":"publish","type":"product","link":"https:\/\/quynhnhuphan.azdigi.shop\/?product=banh-kem-bap-truyen-thong","title":{"rendered":"B\u00e1nh kem B\u1eafp truy\u1ec1n th\u1ed1ng"},"content":{"rendered":"<p><a href=\"https:\/\/cailonuong.com\/wp-content\/uploads\/2025\/11\/3-8.jpg\"><img loading=\"lazy\" decoding=\"async\" class=\"aligncenter wp-image-285 size-full\" src=\"https:\/\/quynhnhuphan.azdigi.shop\/wp-content\/uploads\/2026\/04\/3-8-e1775371746832.jpg\" alt=\"\" width=\"800\" height=\"898\" srcset=\"https:\/\/quynhnhuphan.azdigi.shop\/wp-content\/uploads\/2026\/04\/3-8-e1775371746832.jpg 800w, https:\/\/quynhnhuphan.azdigi.shop\/wp-content\/uploads\/2026\/04\/3-8-e1775371746832-600x674.jpg 600w, https:\/\/quynhnhuphan.azdigi.shop\/wp-content\/uploads\/2026\/04\/3-8-e1775371746832-267x300.jpg 267w, https:\/\/quynhnhuphan.azdigi.shop\/wp-content\/uploads\/2026\/04\/3-8-e1775371746832-768x862.jpg 768w\" sizes=\"auto, (max-width: 800px) 100vw, 800px\" \/><\/a><\/p>\n<p data-start=\"135\" data-end=\"370\"><strong data-start=\"135\" data-end=\"188\">Harvest Bloom (Short) \u2013 B\u00e1nh Kem B\u1eafp Truy\u1ec1n Th\u1ed1ng<\/strong> mang \u0111\u1ebfn h\u01b0\u01a1ng v\u1ecb quen thu\u1ed9c nh\u01b0ng kh\u00f4ng k\u00e9m ph\u1ea7n tinh t\u1ebf v\u1edbi b\u1eafp ng\u1ecdt t\u1ef1 nhi\u00ean. Chi\u1ebfc b\u00e1nh l\u00e0 l\u1ef1a ch\u1ecdn l\u00fd t\u01b0\u1edfng cho nh\u1eefng ai y\u00eau th\u00edch s\u1ef1 nh\u1eb9 nh\u00e0ng, truy\u1ec1n th\u1ed1ng v\u00e0 d\u1ec5 th\u01b0\u1edfng th\u1ee9c.<\/p>\n<h3 data-section-id=\"a6ooz4\" data-start=\"377\" data-end=\"401\">H\u01b0\u01a1ng th\u01a1m v\u00e0 m\u00f9i v\u1ecb<\/h3>\n<ul data-start=\"403\" data-end=\"480\">\n<li data-section-id=\"18m51yi\" data-start=\"403\" data-end=\"426\">Ng\u1ecdt d\u1ecbu, thanh nh\u1eb9<\/li>\n<li data-section-id=\"tai8bk\" data-start=\"427\" data-end=\"452\">Th\u01a1m \u0111\u1eb7c tr\u01b0ng t\u1eeb b\u1eafp<\/li>\n<li data-section-id=\"hjm30b\" data-start=\"453\" data-end=\"480\">B\u00e9o nh\u1eb9, kh\u00f4ng g\u00e2y ng\u00e1n<\/li>\n<\/ul>\n<h3 data-section-id=\"az5vye\" data-start=\"556\" data-end=\"581\">C\u1ea5u tr\u00fac b\u00e1nh m\u1ec1m m\u1ecbn<\/h3>\n<p data-start=\"583\" data-end=\"616\">Ph\u1ea7n th\u00e2n b\u00e1nh g\u1ed3m c\u00e1c l\u1edbp ch\u00ednh:<\/p>\n<ul data-start=\"618\" data-end=\"691\">\n<li data-section-id=\"1cgbst8\" data-start=\"618\" data-end=\"650\">Mousse b\u1eafp m\u1ecbn m\u00e0ng, b\u00e9o nh\u1eb9<\/li>\n<li data-section-id=\"1x7d8h7\" data-start=\"651\" data-end=\"691\">B\u00f4ng lan b\u1eafp x\u1ed1p m\u1ec1m, t\u0103ng \u0111\u1ed9 \u0111\u1eadm \u0111\u00e0<\/li>\n<\/ul>\n<p data-start=\"693\" data-end=\"752\">S\u1ef1 k\u1ebft h\u1ee3p t\u1ea1o n\u00ean t\u1ed5ng th\u1ec3 h\u00e0i h\u00f2a, ph\u00f9 h\u1ee3p nhi\u1ec1u kh\u1ea9u v\u1ecb.<\/p>\n<h3 data-section-id=\"1cpb986\" data-start=\"759\" data-end=\"789\">Trang tr\u00ed tinh t\u1ebf, g\u1ea7n g\u0169i<\/h3>\n<p data-start=\"791\" data-end=\"815\">B\u00e1nh \u0111\u01b0\u1ee3c trang tr\u00ed v\u1edbi:<\/p>\n<ul data-start=\"817\" data-end=\"915\">\n<li data-section-id=\"a7r94o\" data-start=\"817\" data-end=\"833\">D\u00e2u t\u00e2y t\u01b0\u01a1i<\/li>\n<li data-section-id=\"1e4ihzb\" data-start=\"834\" data-end=\"861\">B\u1eafp nguy\u00ean h\u1ea1t t\u1ef1 nhi\u00ean<\/li>\n<li data-section-id=\"1gnbzr9\" data-start=\"862\" data-end=\"890\">S\u00f4-c\u00f4-la tr\u1eafng nh\u1eb9 nh\u00e0ng<\/li>\n<li data-section-id=\"zhbn5h\" data-start=\"891\" data-end=\"915\">\u0110\u00e0o kem truy\u1ec1n th\u1ed1ng<\/li>\n<\/ul>\n<p data-start=\"917\" data-end=\"991\">T\u1ed5ng th\u1ec3 mang phong c\u00e1ch \u201charvest bloom\u201d \u1ea5m \u00e1p, g\u1ea7n g\u0169i nh\u01b0ng v\u1eabn \u0111\u1eb9p m\u1eaft.<\/p>\n<h3 data-section-id=\"1cz8081\" data-start=\"998\" data-end=\"1021\">B\u1ea3o qu\u1ea3n v\u00e0 s\u1eed d\u1ee5ng<\/h3>\n<ul data-start=\"1023\" data-end=\"1128\">\n<li data-section-id=\"8u80ks\" data-start=\"1023\" data-end=\"1075\">N\u00ean d\u00f9ng b\u00e1nh trong ng\u00e0y \u0111\u1ec3 \u0111\u1ea3m b\u1ea3o \u0111\u1ed9 t\u01b0\u01a1i ngon<\/li>\n<li data-section-id=\"110p955\" data-start=\"1076\" data-end=\"1128\">Ngon h\u01a1n khi b\u1ea3o qu\u1ea3n l\u1ea1nh tr\u01b0\u1edbc khi th\u01b0\u1edfng th\u1ee9c<\/li>\n<\/ul>\n<h3 data-section-id=\"9qrklw\" data-start=\"1135\" data-end=\"1156\">Ph\u1ee5 ki\u1ec7n t\u1eb7ng k\u00e8m<\/h3>\n<p data-start=\"1158\" data-end=\"1189\">Khi mua b\u00e1nh, b\u1ea1n s\u1ebd nh\u1eadn \u0111\u01b0\u1ee3c:<\/p>\n<ul data-start=\"1191\" data-end=\"1299\">\n<li data-section-id=\"1si23wu\" data-start=\"1191\" data-end=\"1209\">1 dao c\u1eaft b\u00e1nh<\/li>\n<li data-section-id=\"1whkgu6\" data-start=\"1210\" data-end=\"1231\">1 b\u1ed9 d\u0129a v\u00e0 mu\u1ed7ng<\/li>\n<li data-section-id=\"1xgicum\" data-start=\"1232\" data-end=\"1249\">1 h\u1ed9p n\u1ebfn nh\u1ecf<\/li>\n<li data-section-id=\"i3rypy\" data-start=\"1250\" data-end=\"1299\">C\u00e2y ghim v\u00e0 ph\u1ee5 ki\u1ec7n trang tr\u00ed ri\u00eang c\u1ee7a b\u00e1nh<\/li>\n<\/ul>\n<h3 data-section-id=\"157450m\" data-start=\"1306\" data-end=\"1352\">V\u00ec sao n\u00ean ch\u1ecdn B\u00e1nh Kem B\u1eafp Truy\u1ec1n Th\u1ed1ng?<\/h3>\n<ul data-start=\"1354\" data-end=\"1503\">\n<li data-section-id=\"mbzphg\" data-start=\"1354\" data-end=\"1386\">H\u01b0\u01a1ng v\u1ecb truy\u1ec1n th\u1ed1ng, d\u1ec5 \u0103n<\/li>\n<li data-section-id=\"11am7eu\" data-start=\"1387\" data-end=\"1418\">K\u1ebft c\u1ea5u m\u1ec1m m\u1ecbn, kh\u00f4ng ng\u00e1n<\/li>\n<li data-section-id=\"1cdy4rz\" data-start=\"1419\" data-end=\"1459\">Trang tr\u00ed tinh t\u1ebf, ph\u00f9 h\u1ee3p nhi\u1ec1u d\u1ecbp<\/li>\n<li data-section-id=\"1bh1f3k\" data-start=\"1460\" data-end=\"1503\">K\u00edch th\u01b0\u1edbc ph\u00f9 h\u1ee3p cho gia \u0111\u00ecnh, b\u1ea1n b\u00e8<\/li>\n<\/ul>\n","protected":false},"excerpt":{"rendered":"<p>H\u00c8 R\u1ea0NG R\u1ee0 C\u00d9NG DI\u1ec6N M\u1ea0O M\u1edaI C\u1ee6A B\u00c1NH KEM B\u1eaeP \u2728<\/p>\n<p>C\u00f3 nh\u1eefng s\u1ef1 k\u1ebft h\u1ee3p sinh ra l\u00e0 d\u00e0nh cho nhau, nh\u01b0 c\u00e1i n\u00f3ng c\u1ee7a m\u00f9a h\u00e8 v\u00e0 h\u01b0\u01a1ng v\u1ecb thanh m\u00e1t c\u1ee7a m\u1ed9t mi\u1ebfng B\u00e1nh Kem B\u1eafp v\u1eady.<\/p>\n<p>V\u1eabn l\u00e0 \u201cng\u01b0\u1eddi quen\u201d Harvest Bloom l\u00e2u nay t\u1ea1i Ti\u1ec7m b\u00e1nh Flan, nh\u01b0ng \u0111\u1ec3 h\u00f2a c\u00f9ng kh\u00f4ng kh\u00ed r\u1ef1c r\u1ee1 c\u1ee7a n\u1eafng h\u00e8, ti\u1ec7m \u0111\u00e3 tinh ch\u1ec9nh nh\u1eb9 m\u1ed9t ch\u00fat \u1edf ph\u1ea7n trang tr\u00ed b\u1ec1 m\u1eb7t \u0111\u1ec3 mang t\u1edbi m\u1ed9t di\u1ec7n m\u1ea1o m\u1edbi m\u00e1t m\u1eaft v\u00e0 t\u01b0\u01a1i m\u1edbi h\u01a1n, t\u1ea1o ra chi\u1ebfc b\u00e1nh tr\u00f4ng th\u1eadt \u201ch\u1ee3p vibe\u201d khi xu\u1ea5t hi\u1ec7n tr\u00ean b\u00e0n ti\u1ec7c m\u00f9a h\u00e8 c\u1ee7a b\u1ea1n.<\/p>\n<p>B\u00ean trong v\u1eabn l\u00e0 c\u1ea5u tr\u00fac mousse b\u1eafp m\u1ecbn m\u01b0\u1edbt c\u00f9ng v\u1ecb ng\u1ecdt thanh, b\u00f9i b\u00e9o \u0111\u1eb7c tr\u01b0ng \u0111\u00e3 chinh ph\u1ee5c bao kh\u00e1ch h\u00e0ng trong su\u1ed1t th\u1eddi gian qua.<\/p>\n<p>Gh\u00e9 ti\u1ec7m ngay h\u00f4m nay \u0111\u1ec3 g\u1eb7p l\u1ea1i \u201cch\u00e2n \u00e1i\u201d trong m\u1ed9t di\u1ec7n m\u1ea1o r\u1ea1ng r\u1ee1 h\u01a1n nh\u00e9!<\/p>\n","protected":false},"featured_media":289,"comment_status":"open","ping_status":"closed","template":"","meta":[],"product_brand":[],"product_cat":[23],"product_tag":[],"class_list":{"0":"post-284","1":"product","2":"type-product","3":"status-publish","4":"has-post-thumbnail","6":"product_cat-banh-kem-bap","8":"first","9":"instock","10":"sale","11":"shipping-taxable","12":"purchasable","13":"product-type-variable"},"yoast_head":"<!-- This site is optimized with the Yoast SEO plugin v26.9 - https:\/\/yoast.com\/product\/yoast-seo-wordpress\/ -->\n<title>B\u00e1nh kem B\u1eafp truy\u1ec1n th\u1ed1ng - Flan<\/title>\n<meta name=\"robots\" content=\"index, follow, max-snippet:-1, max-image-preview:large, max-video-preview:-1\" \/>\n<link rel=\"canonical\" href=\"https:\/\/quynhnhuphan.azdigi.shop\/?product=banh-kem-bap-truyen-thong\" \/>\n<meta property=\"og:locale\" content=\"vi_VN\" \/>\n<meta property=\"og:type\" content=\"article\" \/>\n<meta property=\"og:title\" content=\"B\u00e1nh kem B\u1eafp truy\u1ec1n th\u1ed1ng - Flan\" \/>\n<meta property=\"og:description\" content=\"H\u00c8 R\u1ea0NG R\u1ee0 C\u00d9NG DI\u1ec6N M\u1ea0O M\u1edaI C\u1ee6A B\u00c1NH KEM B\u1eaeP \u2728  C\u00f3 nh\u1eefng s\u1ef1 k\u1ebft h\u1ee3p sinh ra l\u00e0 d\u00e0nh cho nhau, nh\u01b0 c\u00e1i n\u00f3ng c\u1ee7a m\u00f9a h\u00e8 v\u00e0 h\u01b0\u01a1ng v\u1ecb thanh m\u00e1t c\u1ee7a m\u1ed9t mi\u1ebfng B\u00e1nh Kem B\u1eafp v\u1eady.  V\u1eabn l\u00e0 \u201cng\u01b0\u1eddi quen\u201d Harvest Bloom l\u00e2u nay t\u1ea1i Ti\u1ec7m b\u00e1nh Flan, nh\u01b0ng \u0111\u1ec3 h\u00f2a c\u00f9ng kh\u00f4ng kh\u00ed r\u1ef1c r\u1ee1 c\u1ee7a n\u1eafng h\u00e8, ti\u1ec7m \u0111\u00e3 tinh ch\u1ec9nh nh\u1eb9 m\u1ed9t ch\u00fat \u1edf ph\u1ea7n trang tr\u00ed b\u1ec1 m\u1eb7t \u0111\u1ec3 mang t\u1edbi m\u1ed9t di\u1ec7n m\u1ea1o m\u1edbi m\u00e1t m\u1eaft v\u00e0 t\u01b0\u01a1i m\u1edbi h\u01a1n, t\u1ea1o ra chi\u1ebfc b\u00e1nh tr\u00f4ng th\u1eadt \u201ch\u1ee3p vibe\u201d khi xu\u1ea5t hi\u1ec7n tr\u00ean b\u00e0n ti\u1ec7c m\u00f9a h\u00e8 c\u1ee7a b\u1ea1n.  B\u00ean trong v\u1eabn l\u00e0 c\u1ea5u tr\u00fac mousse b\u1eafp m\u1ecbn m\u01b0\u1edbt c\u00f9ng v\u1ecb ng\u1ecdt thanh, b\u00f9i b\u00e9o \u0111\u1eb7c tr\u01b0ng \u0111\u00e3 chinh ph\u1ee5c bao kh\u00e1ch h\u00e0ng trong su\u1ed1t th\u1eddi gian qua.  Gh\u00e9 ti\u1ec7m ngay h\u00f4m nay \u0111\u1ec3 g\u1eb7p l\u1ea1i \u201cch\u00e2n \u00e1i\u201d trong m\u1ed9t di\u1ec7n m\u1ea1o r\u1ea1ng r\u1ee1 h\u01a1n nh\u00e9!\" \/>\n<meta property=\"og:url\" content=\"https:\/\/quynhnhuphan.azdigi.shop\/?product=banh-kem-bap-truyen-thong\" \/>\n<meta property=\"og:site_name\" content=\"Flan\" \/>\n<meta property=\"article:modified_time\" content=\"2026-04-06T12:45:59+00:00\" \/>\n<meta property=\"og:image\" content=\"https:\/\/quynhnhuphan.azdigi.shop\/wp-content\/uploads\/2026\/04\/6-3-683x1024-1.jpg\" \/>\n\t<meta property=\"og:image:width\" content=\"683\" \/>\n\t<meta property=\"og:image:height\" content=\"1024\" \/>\n\t<meta property=\"og:image:type\" content=\"image\/jpeg\" \/>\n<meta name=\"twitter:card\" content=\"summary_large_image\" \/>\n<meta name=\"twitter:label1\" content=\"\u01af\u1edbc t\u00ednh th\u1eddi gian \u0111\u1ecdc\" \/>\n\t<meta name=\"twitter:data1\" content=\"2 ph\u00fat\" \/>\n<script type=\"application\/ld+json\" class=\"yoast-schema-graph\">{\"@context\":\"https:\/\/schema.org\",\"@graph\":[{\"@type\":\"WebPage\",\"@id\":\"https:\/\/quynhnhuphan.azdigi.shop\/?product=banh-kem-bap-truyen-thong\",\"url\":\"https:\/\/quynhnhuphan.azdigi.shop\/?product=banh-kem-bap-truyen-thong\",\"name\":\"B\u00e1nh kem B\u1eafp truy\u1ec1n th\u1ed1ng - Flan\",\"isPartOf\":{\"@id\":\"https:\/\/quynhnhuphan.azdigi.shop\/#website\"},\"primaryImageOfPage\":{\"@id\":\"https:\/\/quynhnhuphan.azdigi.shop\/?product=banh-kem-bap-truyen-thong#primaryimage\"},\"image\":{\"@id\":\"https:\/\/quynhnhuphan.azdigi.shop\/?product=banh-kem-bap-truyen-thong#primaryimage\"},\"thumbnailUrl\":\"https:\/\/quynhnhuphan.azdigi.shop\/wp-content\/uploads\/2026\/04\/6-3-683x1024-1.jpg\",\"datePublished\":\"2026-04-05T06:52:05+00:00\",\"dateModified\":\"2026-04-06T12:45:59+00:00\",\"breadcrumb\":{\"@id\":\"https:\/\/quynhnhuphan.azdigi.shop\/?product=banh-kem-bap-truyen-thong#breadcrumb\"},\"inLanguage\":\"vi\",\"potentialAction\":[{\"@type\":\"ReadAction\",\"target\":[\"https:\/\/quynhnhuphan.azdigi.shop\/?product=banh-kem-bap-truyen-thong\"]}]},{\"@type\":\"ImageObject\",\"inLanguage\":\"vi\",\"@id\":\"https:\/\/quynhnhuphan.azdigi.shop\/?product=banh-kem-bap-truyen-thong#primaryimage\",\"url\":\"https:\/\/quynhnhuphan.azdigi.shop\/wp-content\/uploads\/2026\/04\/6-3-683x1024-1.jpg\",\"contentUrl\":\"https:\/\/quynhnhuphan.azdigi.shop\/wp-content\/uploads\/2026\/04\/6-3-683x1024-1.jpg\",\"width\":683,\"height\":1024},{\"@type\":\"BreadcrumbList\",\"@id\":\"https:\/\/quynhnhuphan.azdigi.shop\/?product=banh-kem-bap-truyen-thong#breadcrumb\",\"itemListElement\":[{\"@type\":\"ListItem\",\"position\":1,\"name\":\"Trang ch\u1ee7\",\"item\":\"https:\/\/quynhnhuphan.azdigi.shop\/\"},{\"@type\":\"ListItem\",\"position\":2,\"name\":\"C\u1eeda h\u00e0ng\",\"item\":\"https:\/\/quynhnhuphan.azdigi.shop\/?page_id=164\"},{\"@type\":\"ListItem\",\"position\":3,\"name\":\"B\u00e1nh kem B\u1eafp truy\u1ec1n th\u1ed1ng\"}]},{\"@type\":\"WebSite\",\"@id\":\"https:\/\/quynhnhuphan.azdigi.shop\/#website\",\"url\":\"https:\/\/quynhnhuphan.azdigi.shop\/\",\"name\":\"Flan\",\"description\":\"\",\"potentialAction\":[{\"@type\":\"SearchAction\",\"target\":{\"@type\":\"EntryPoint\",\"urlTemplate\":\"https:\/\/quynhnhuphan.azdigi.shop\/?s={search_term_string}\"},\"query-input\":{\"@type\":\"PropertyValueSpecification\",\"valueRequired\":true,\"valueName\":\"search_term_string\"}}],\"inLanguage\":\"vi\"}]}<\/script>\n<!-- \/ Yoast SEO plugin. -->","yoast_head_json":{"title":"B\u00e1nh kem B\u1eafp truy\u1ec1n th\u1ed1ng - Flan","robots":{"index":"index","follow":"follow","max-snippet":"max-snippet:-1","max-image-preview":"max-image-preview:large","max-video-preview":"max-video-preview:-1"},"canonical":"https:\/\/quynhnhuphan.azdigi.shop\/?product=banh-kem-bap-truyen-thong","og_locale":"vi_VN","og_type":"article","og_title":"B\u00e1nh kem B\u1eafp truy\u1ec1n th\u1ed1ng - Flan","og_description":"H\u00c8 R\u1ea0NG R\u1ee0 C\u00d9NG DI\u1ec6N M\u1ea0O M\u1edaI C\u1ee6A B\u00c1NH KEM B\u1eaeP \u2728  C\u00f3 nh\u1eefng s\u1ef1 k\u1ebft h\u1ee3p sinh ra l\u00e0 d\u00e0nh cho nhau, nh\u01b0 c\u00e1i n\u00f3ng c\u1ee7a m\u00f9a h\u00e8 v\u00e0 h\u01b0\u01a1ng v\u1ecb thanh m\u00e1t c\u1ee7a m\u1ed9t mi\u1ebfng B\u00e1nh Kem B\u1eafp v\u1eady.  V\u1eabn l\u00e0 \u201cng\u01b0\u1eddi quen\u201d Harvest Bloom l\u00e2u nay t\u1ea1i Ti\u1ec7m b\u00e1nh Flan, nh\u01b0ng \u0111\u1ec3 h\u00f2a c\u00f9ng kh\u00f4ng kh\u00ed r\u1ef1c r\u1ee1 c\u1ee7a n\u1eafng h\u00e8, ti\u1ec7m \u0111\u00e3 tinh ch\u1ec9nh nh\u1eb9 m\u1ed9t ch\u00fat \u1edf ph\u1ea7n trang tr\u00ed b\u1ec1 m\u1eb7t \u0111\u1ec3 mang t\u1edbi m\u1ed9t di\u1ec7n m\u1ea1o m\u1edbi m\u00e1t m\u1eaft v\u00e0 t\u01b0\u01a1i m\u1edbi h\u01a1n, t\u1ea1o ra chi\u1ebfc b\u00e1nh tr\u00f4ng th\u1eadt \u201ch\u1ee3p vibe\u201d khi xu\u1ea5t hi\u1ec7n tr\u00ean b\u00e0n ti\u1ec7c m\u00f9a h\u00e8 c\u1ee7a b\u1ea1n.  B\u00ean trong v\u1eabn l\u00e0 c\u1ea5u tr\u00fac mousse b\u1eafp m\u1ecbn m\u01b0\u1edbt c\u00f9ng v\u1ecb ng\u1ecdt thanh, b\u00f9i b\u00e9o \u0111\u1eb7c tr\u01b0ng \u0111\u00e3 chinh ph\u1ee5c bao kh\u00e1ch h\u00e0ng trong su\u1ed1t th\u1eddi gian qua.  Gh\u00e9 ti\u1ec7m ngay h\u00f4m nay \u0111\u1ec3 g\u1eb7p l\u1ea1i \u201cch\u00e2n \u00e1i\u201d trong m\u1ed9t di\u1ec7n m\u1ea1o r\u1ea1ng r\u1ee1 h\u01a1n nh\u00e9!","og_url":"https:\/\/quynhnhuphan.azdigi.shop\/?product=banh-kem-bap-truyen-thong","og_site_name":"Flan","article_modified_time":"2026-04-06T12:45:59+00:00","og_image":[{"width":683,"height":1024,"url":"https:\/\/quynhnhuphan.azdigi.shop\/wp-content\/uploads\/2026\/04\/6-3-683x1024-1.jpg","type":"image\/jpeg"}],"twitter_card":"summary_large_image","twitter_misc":{"\u01af\u1edbc t\u00ednh th\u1eddi gian \u0111\u1ecdc":"2 ph\u00fat"},"schema":{"@context":"https:\/\/schema.org","@graph":[{"@type":"WebPage","@id":"https:\/\/quynhnhuphan.azdigi.shop\/?product=banh-kem-bap-truyen-thong","url":"https:\/\/quynhnhuphan.azdigi.shop\/?product=banh-kem-bap-truyen-thong","name":"B\u00e1nh kem B\u1eafp truy\u1ec1n th\u1ed1ng - Flan","isPartOf":{"@id":"https:\/\/quynhnhuphan.azdigi.shop\/#website"},"primaryImageOfPage":{"@id":"https:\/\/quynhnhuphan.azdigi.shop\/?product=banh-kem-bap-truyen-thong#primaryimage"},"image":{"@id":"https:\/\/quynhnhuphan.azdigi.shop\/?product=banh-kem-bap-truyen-thong#primaryimage"},"thumbnailUrl":"https:\/\/quynhnhuphan.azdigi.shop\/wp-content\/uploads\/2026\/04\/6-3-683x1024-1.jpg","datePublished":"2026-04-05T06:52:05+00:00","dateModified":"2026-04-06T12:45:59+00:00","breadcrumb":{"@id":"https:\/\/quynhnhuphan.azdigi.shop\/?product=banh-kem-bap-truyen-thong#breadcrumb"},"inLanguage":"vi","potentialAction":[{"@type":"ReadAction","target":["https:\/\/quynhnhuphan.azdigi.shop\/?product=banh-kem-bap-truyen-thong"]}]},{"@type":"ImageObject","inLanguage":"vi","@id":"https:\/\/quynhnhuphan.azdigi.shop\/?product=banh-kem-bap-truyen-thong#primaryimage","url":"https:\/\/quynhnhuphan.azdigi.shop\/wp-content\/uploads\/2026\/04\/6-3-683x1024-1.jpg","contentUrl":"https:\/\/quynhnhuphan.azdigi.shop\/wp-content\/uploads\/2026\/04\/6-3-683x1024-1.jpg","width":683,"height":1024},{"@type":"BreadcrumbList","@id":"https:\/\/quynhnhuphan.azdigi.shop\/?product=banh-kem-bap-truyen-thong#breadcrumb","itemListElement":[{"@type":"ListItem","position":1,"name":"Trang ch\u1ee7","item":"https:\/\/quynhnhuphan.azdigi.shop\/"},{"@type":"ListItem","position":2,"name":"C\u1eeda h\u00e0ng","item":"https:\/\/quynhnhuphan.azdigi.shop\/?page_id=164"},{"@type":"ListItem","position":3,"name":"B\u00e1nh kem B\u1eafp truy\u1ec1n th\u1ed1ng"}]},{"@type":"WebSite","@id":"https:\/\/quynhnhuphan.azdigi.shop\/#website","url":"https:\/\/quynhnhuphan.azdigi.shop\/","name":"Flan","description":"","potentialAction":[{"@type":"SearchAction","target":{"@type":"EntryPoint","urlTemplate":"https:\/\/quynhnhuphan.azdigi.shop\/?s={search_term_string}"},"query-input":{"@type":"PropertyValueSpecification","valueRequired":true,"valueName":"search_term_string"}}],"inLanguage":"vi"}]}},"_links":{"self":[{"href":"https:\/\/quynhnhuphan.azdigi.shop\/index.php?rest_route=\/wp\/v2\/product\/284","targetHints":{"allow":["GET"]}}],"collection":[{"href":"https:\/\/quynhnhuphan.azdigi.shop\/index.php?rest_route=\/wp\/v2\/product"}],"about":[{"href":"https:\/\/quynhnhuphan.azdigi.shop\/index.php?rest_route=\/wp\/v2\/types\/product"}],"replies":[{"embeddable":true,"href":"https:\/\/quynhnhuphan.azdigi.shop\/index.php?rest_route=%2Fwp%2Fv2%2Fcomments&post=284"}],"wp:featuredmedia":[{"embeddable":true,"href":"https:\/\/quynhnhuphan.azdigi.shop\/index.php?rest_route=\/wp\/v2\/media\/289"}],"wp:attachment":[{"href":"https:\/\/quynhnhuphan.azdigi.shop\/index.php?rest_route=%2Fwp%2Fv2%2Fmedia&parent=284"}],"wp:term":[{"taxonomy":"product_brand","embeddable":true,"href":"https:\/\/quynhnhuphan.azdigi.shop\/index.php?rest_route=%2Fwp%2Fv2%2Fproduct_brand&post=284"},{"taxonomy":"product_cat","embeddable":true,"href":"https:\/\/quynhnhuphan.azdigi.shop\/index.php?rest_route=%2Fwp%2Fv2%2Fproduct_cat&post=284"},{"taxonomy":"product_tag","embeddable":true,"href":"https:\/\/quynhnhuphan.azdigi.shop\/index.php?rest_route=%2Fwp%2Fv2%2Fproduct_tag&post=284"}],"curies":[{"name":"wp","href":"https:\/\/api.w.org\/{rel}","templated":true}]}}