{"id":302,"date":"2026-04-05T08:42:24","date_gmt":"2026-04-05T08:42:24","guid":{"rendered":"https:\/\/quynhnhuphan.azdigi.shop\/?post_type=product&#038;p=302"},"modified":"2026-04-13T09:18:59","modified_gmt":"2026-04-13T09:18:59","slug":"sweetin-tira-sakura","status":"publish","type":"product","link":"https:\/\/quynhnhuphan.azdigi.shop\/?product=sweetin-tira-sakura","title":{"rendered":"Sweetin \u2013 Tira Sakura"},"content":{"rendered":"<p><a href=\"https:\/\/cailonuong.com\/wp-content\/uploads\/2026\/01\/1-1.jpg\"><img loading=\"lazy\" decoding=\"async\" class=\"aligncenter wp-image-303 size-large\" src=\"https:\/\/quynhnhuphan.azdigi.shop\/wp-content\/uploads\/2026\/04\/1-1-1-683x1024.jpg\" alt=\"\" width=\"683\" height=\"1024\" srcset=\"https:\/\/quynhnhuphan.azdigi.shop\/wp-content\/uploads\/2026\/04\/1-1-1-683x1024.jpg 683w, https:\/\/quynhnhuphan.azdigi.shop\/wp-content\/uploads\/2026\/04\/1-1-1-600x900.jpg 600w, https:\/\/quynhnhuphan.azdigi.shop\/wp-content\/uploads\/2026\/04\/1-1-1-200x300.jpg 200w, https:\/\/quynhnhuphan.azdigi.shop\/wp-content\/uploads\/2026\/04\/1-1-1-768x1152.jpg 768w, https:\/\/quynhnhuphan.azdigi.shop\/wp-content\/uploads\/2026\/04\/1-1-1.jpg 800w\" sizes=\"auto, (max-width: 683px) 100vw, 683px\" \/><\/a><\/p>\n<h3 data-section-id=\"19pv58s\" data-start=\"102\" data-end=\"143\">\ud83c\udf38 Gi\u1edbi thi\u1ec7u Sweetin \u2013 Tira Sakura<\/h3>\n<p data-start=\"144\" data-end=\"414\">Sweetin \u2013 Tira Sakura l\u00e0 d\u00f2ng b\u00e1nh tiramisu h\u0169 thi\u1ebfc cao c\u1ea5p, mang phong c\u00e1ch tinh t\u1ebf v\u00e0 hi\u1ec7n \u0111\u1ea1i. V\u1edbi thi\u1ebft k\u1ebf nh\u1ecf g\u1ecdn nh\u01b0ng sang tr\u1ecdng, s\u1ea3n ph\u1ea9m kh\u00f4ng ch\u1ec9 ph\u00f9 h\u1ee3p \u0111\u1ec3 th\u01b0\u1edfng th\u1ee9c c\u00e1 nh\u00e2n m\u00e0 c\u00f2n l\u00e0 m\u00f3n qu\u00e0 ng\u1ecdt ng\u00e0o d\u00e0nh t\u1eb7ng ng\u01b0\u1eddi th\u00e2n, b\u1ea1n b\u00e8 trong nh\u1eefng d\u1ecbp \u0111\u1eb7c bi\u1ec7t.<\/p>\n<h3 data-section-id=\"wato3q\" data-start=\"421\" data-end=\"448\">\ud83c\udf6b H\u01b0\u01a1ng v\u1ecb \u0111\u1eb7c tr\u01b0ng<\/h3>\n<p data-start=\"449\" data-end=\"485\">B\u00e9o nh\u1eb9 \u2013 Ng\u1ecdt d\u1ecbu \u2013 \u0110\u1eadm v\u1ecb socola<\/p>\n<p data-start=\"487\" data-end=\"634\">S\u1ef1 k\u1ebft h\u1ee3p gi\u1eefa v\u1ecb b\u00e9o m\u1ecbn c\u1ee7a mousse tiramisu v\u00e0 v\u1ecb socola \u0111\u1eadm \u0111\u00e0 t\u1ea1o n\u00ean t\u1ed5ng th\u1ec3 h\u00e0i h\u00f2a, kh\u00f4ng qu\u00e1 ng\u1ecdt nh\u01b0ng v\u1eabn \u0111\u1ee7 chi\u1ec1u s\u00e2u \u0111\u1ec3 g\u00e2y \u1ea5n t\u01b0\u1ee3ng.<\/p>\n<h3 data-section-id=\"u57ng4\" data-start=\"641\" data-end=\"681\">\ud83e\uddc1 C\u1ea5u tr\u00fac b\u00e1nh tiramisu h\u0169 thi\u1ebfc<\/h3>\n<p data-start=\"682\" data-end=\"731\">B\u00e1nh \u0111\u01b0\u1ee3c l\u00e0m th\u1ee7 c\u00f4ng t\u1ec9 m\u1ec9 v\u1edbi c\u00e1c l\u1edbp r\u00f5 r\u00e0ng:<\/p>\n<ul data-start=\"733\" data-end=\"997\">\n<li data-section-id=\"3l068d\" data-start=\"733\" data-end=\"806\"><strong data-start=\"735\" data-end=\"747\">L\u1edbp ph\u1ee7:<\/strong> b\u1ed9t cacao ph\u1ee7 nh\u1eb9 tr\u00ean b\u1ec1 m\u1eb7t, t\u0103ng h\u01b0\u01a1ng th\u01a1m \u0111\u1eb7c tr\u01b0ng<\/li>\n<li data-section-id=\"1gkcn7y\" data-start=\"807\" data-end=\"870\"><strong data-start=\"809\" data-end=\"826\">L\u1edbp b\u1ea1t b\u00e1nh:<\/strong> 2 l\u1edbp lady finger n\u01b0\u1edbng th\u1ee7 c\u00f4ng, m\u1ec1m x\u1ed1p<\/li>\n<li data-section-id=\"srxwjp\" data-start=\"871\" data-end=\"944\"><strong data-start=\"873\" data-end=\"897\">L\u1edbp mousse tiramisu:<\/strong> xen k\u1ebd gi\u1eefa c\u00e1c l\u1edbp b\u00e1nh, m\u1ec1m m\u1ecbn v\u00e0 b\u00e9o nh\u1eb9<\/li>\n<li data-section-id=\"u770i2\" data-start=\"945\" data-end=\"997\"><strong data-start=\"947\" data-end=\"966\">Ph\u1ea7n trang tr\u00ed:<\/strong> socola t\u1ea1o \u0111i\u1ec3m nh\u1ea5n tinh t\u1ebf<\/li>\n<\/ul>\n<p data-start=\"999\" data-end=\"1079\">\ud83d\udc49 T\u1eebng l\u1edbp b\u00e1nh h\u00f2a quy\u1ec7n gi\u00fap t\u1ea1o n\u00ean k\u1ebft c\u1ea5u m\u1ec1m \u2013 m\u1ecbn \u2013 tan nh\u1eb9 trong mi\u1ec7ng.<\/p>\n<h3 data-section-id=\"cuft41\" data-start=\"1086\" data-end=\"1113\">\u2744\ufe0f H\u01b0\u1edbng d\u1eabn b\u1ea3o qu\u1ea3n<\/h3>\n<ul data-start=\"1114\" data-end=\"1265\">\n<li data-section-id=\"kf8d1o\" data-start=\"1114\" data-end=\"1169\">N\u00ean s\u1eed d\u1ee5ng trong ng\u00e0y \u0111\u1ec3 \u0111\u1ea3m b\u1ea3o h\u01b0\u01a1ng v\u1ecb t\u1ed1t nh\u1ea5t<\/li>\n<li data-section-id=\"110p955\" data-start=\"1170\" data-end=\"1222\">Ngon h\u01a1n khi b\u1ea3o qu\u1ea3n l\u1ea1nh tr\u01b0\u1edbc khi th\u01b0\u1edfng th\u1ee9c<\/li>\n<li data-section-id=\"1j4d088\" data-start=\"1223\" data-end=\"1265\">Tr\u00e1nh \u0111\u1ec3 b\u00e1nh \u1edf nhi\u1ec7t \u0111\u1ed9 ph\u00f2ng qu\u00e1 l\u00e2u<\/li>\n<\/ul>\n<h3 data-section-id=\"bhewi1\" data-start=\"1272\" data-end=\"1298\">\ud83c\udf81 Ph\u1ee5 ki\u1ec7n t\u1eb7ng k\u00e8m<\/h3>\n<ul data-start=\"1299\" data-end=\"1353\">\n<li data-section-id=\"1ac1v50\" data-start=\"1299\" data-end=\"1353\">1 th\u00eca l\u00e1 b\u1ea1c sang tr\u1ecdng, ti\u1ec7n l\u1ee3i khi th\u01b0\u1edfng th\u1ee9c<\/li>\n<\/ul>\n<h3 data-section-id=\"55f1r6\" data-start=\"1360\" data-end=\"1407\">\ud83d\udc96 V\u00ec sao n\u00ean ch\u1ecdn Sweetin \u2013 Tira Sakura?<\/h3>\n<ul data-start=\"1408\" data-end=\"1580\">\n<li data-section-id=\"1mjnb5d\" data-start=\"1408\" data-end=\"1456\">B\u00e1nh tiramisu h\u0169 thi\u1ebfc ti\u1ec7n l\u1ee3i, d\u1ec5 b\u1ea3o qu\u1ea3n<\/li>\n<li data-section-id=\"146rj2w\" data-start=\"1457\" data-end=\"1490\">H\u01b0\u01a1ng v\u1ecb socola \u0111\u1eadm \u0111\u00e0, d\u1ec5 \u0103n<\/li>\n<li data-section-id=\"91pokj\" data-start=\"1491\" data-end=\"1529\">Thi\u1ebft k\u1ebf \u0111\u1eb9p, ph\u00f9 h\u1ee3p l\u00e0m qu\u00e0 t\u1eb7ng<\/li>\n<li data-section-id=\"t9z13d\" data-start=\"1530\" data-end=\"1580\">L\u00e0m th\u1ee7 c\u00f4ng, \u0111\u1ea3m b\u1ea3o ch\u1ea5t l\u01b0\u1ee3ng t\u1eebng l\u1edbp b\u00e1nh<\/li>\n<\/ul>\n","protected":false},"excerpt":{"rendered":"<div class=\"ace-line ace-line old-record-id-FXkcdjv6eos9nnxtrBkl9TBFgce\">Tira Sakura \u2013 G\u00f3i d\u1ecbu d\u00e0ng trong h\u1ed9p thi\u1ebfc \u0111\u1ecf<\/div>\n<div><\/div>\n<div class=\"ace-line ace-line old-record-id-XQyxd0DUfogSEmxFs1ElNGJ3gUh\">N\u1eb1m g\u1ecdn trong l\u00f2ng b\u00e0n tay, Tira Sakura l\u00e0 th\u1ebf gi\u1edbi thu nh\u1ecf \u0111\u1ea7y d\u1ecbu d\u00e0ng c\u1ee7a c\u00e0 ph\u00ea, chocolate v\u00e0 nh\u1eefng l\u00e1t nh\u1edb th\u01b0\u01a1ng c\u1ee7a ng\u00e0y \u0111\u1ea7 n\u0103m.<\/div>\n<div><\/div>\n<div class=\"ace-line ace-line old-record-id-DOdfdKSpgoMgehx6xH4lIQyngGd\">V\u1eabn l\u00e0 v\u1ecb caf\u00e9 \u0111\u1eadm \u0111\u00e0, v\u1eabn l\u00e0 l\u1edbp mousse ph\u00f4 mai m\u1ec1m m\u01b0\u1ee3t tan n\u01a1i \u0111\u1ea7u l\u01b0\u1ee1i, v\u1eabn c\u00f3 ch\u00fat Kahlua nh\u00e8 nh\u1eb9\u2026 nh\u01b0ng nay Tiramisu kho\u00e1c l\u00ean m\u00ecnh m\u1ed9t di\u1ec7n m\u1ea1o kh\u00e1c \u2013 r\u1ef1c r\u1ee1 h\u01a1n, l\u1ec5 h\u1ed9i h\u01a1n.<\/div>\n<div><\/div>\n<div class=\"ace-line ace-line old-record-id-DA4DdLrbaoWwz7xa2HTlL3HRgSc\">Sweetin phi\u00ean b\u1ea3n \u201cTira Sakura\u201d d\u00e0nh cho nh\u1eefng ai mu\u1ed1n g\u1eedi t\u1eb7ng m\u1ed9t ch\u00fat ng\u1ecdt ng\u00e0o kh\u00f4ng \u1ed3n \u00e0o, kh\u00f4ng ph\u00f4 tr\u01b0\u01a1ng \u2013 thay cho l\u1eddi nh\u1eafn:<\/div>\n<div><\/div>\n<div class=\"ace-line ace-line old-record-id-NsFQdWw1uobXsdxiJ6UlzeVYgJh\"><i>N\u0103m m\u1edbi an l\u00e0nh<\/i><\/div>\n","protected":false},"featured_media":303,"comment_status":"open","ping_status":"closed","template":"","meta":[],"product_brand":[],"product_cat":[25],"product_tag":[],"class_list":{"0":"post-302","1":"product","2":"type-product","3":"status-publish","4":"has-post-thumbnail","6":"product_cat-sweetin-banh-hop-thiec-cao-cap","8":"first","9":"instock","10":"shipping-taxable","11":"purchasable","12":"product-type-variable"},"yoast_head":"<!-- This site is optimized with the Yoast SEO plugin v26.9 - https:\/\/yoast.com\/product\/yoast-seo-wordpress\/ -->\n<title>Sweetin \u2013 Tira Sakura - Flan<\/title>\n<meta name=\"robots\" content=\"index, follow, max-snippet:-1, max-image-preview:large, max-video-preview:-1\" \/>\n<link rel=\"canonical\" href=\"https:\/\/quynhnhuphan.azdigi.shop\/?product=sweetin-tira-sakura\" \/>\n<meta property=\"og:locale\" content=\"vi_VN\" \/>\n<meta property=\"og:type\" content=\"article\" \/>\n<meta property=\"og:title\" content=\"Sweetin \u2013 Tira Sakura - Flan\" \/>\n<meta property=\"og:description\" content=\"Tira Sakura \u2013 G\u00f3i d\u1ecbu d\u00e0ng trong h\u1ed9p thi\u1ebfc \u0111\u1ecf  N\u1eb1m g\u1ecdn trong l\u00f2ng b\u00e0n tay, Tira Sakura l\u00e0 th\u1ebf gi\u1edbi thu nh\u1ecf \u0111\u1ea7y d\u1ecbu d\u00e0ng c\u1ee7a c\u00e0 ph\u00ea, chocolate v\u00e0 nh\u1eefng l\u00e1t nh\u1edb th\u01b0\u01a1ng c\u1ee7a ng\u00e0y \u0111\u1ea7 n\u0103m.  V\u1eabn l\u00e0 v\u1ecb caf\u00e9 \u0111\u1eadm \u0111\u00e0, v\u1eabn l\u00e0 l\u1edbp mousse ph\u00f4 mai m\u1ec1m m\u01b0\u1ee3t tan n\u01a1i \u0111\u1ea7u l\u01b0\u1ee1i, v\u1eabn c\u00f3 ch\u00fat Kahlua nh\u00e8 nh\u1eb9\u2026 nh\u01b0ng nay Tiramisu kho\u00e1c l\u00ean m\u00ecnh m\u1ed9t di\u1ec7n m\u1ea1o kh\u00e1c \u2013 r\u1ef1c r\u1ee1 h\u01a1n, l\u1ec5 h\u1ed9i h\u01a1n.  Sweetin phi\u00ean b\u1ea3n \u201cTira Sakura\u201d d\u00e0nh cho nh\u1eefng ai mu\u1ed1n g\u1eedi t\u1eb7ng m\u1ed9t ch\u00fat ng\u1ecdt ng\u00e0o kh\u00f4ng \u1ed3n \u00e0o, kh\u00f4ng ph\u00f4 tr\u01b0\u01a1ng \u2013 thay cho l\u1eddi nh\u1eafn:  N\u0103m m\u1edbi an l\u00e0nh\" \/>\n<meta property=\"og:url\" content=\"https:\/\/quynhnhuphan.azdigi.shop\/?product=sweetin-tira-sakura\" \/>\n<meta property=\"og:site_name\" content=\"Flan\" \/>\n<meta property=\"article:modified_time\" content=\"2026-04-13T09:18:59+00:00\" \/>\n<meta property=\"og:image\" content=\"https:\/\/quynhnhuphan.azdigi.shop\/wp-content\/uploads\/2026\/04\/1-1-1.jpg\" \/>\n\t<meta property=\"og:image:width\" content=\"800\" \/>\n\t<meta property=\"og:image:height\" content=\"1200\" \/>\n\t<meta property=\"og:image:type\" content=\"image\/jpeg\" \/>\n<meta name=\"twitter:card\" content=\"summary_large_image\" \/>\n<meta name=\"twitter:label1\" content=\"\u01af\u1edbc t\u00ednh th\u1eddi gian \u0111\u1ecdc\" \/>\n\t<meta name=\"twitter:data1\" content=\"2 ph\u00fat\" \/>\n<script type=\"application\/ld+json\" class=\"yoast-schema-graph\">{\"@context\":\"https:\/\/schema.org\",\"@graph\":[{\"@type\":\"WebPage\",\"@id\":\"https:\/\/quynhnhuphan.azdigi.shop\/?product=sweetin-tira-sakura\",\"url\":\"https:\/\/quynhnhuphan.azdigi.shop\/?product=sweetin-tira-sakura\",\"name\":\"Sweetin \u2013 Tira Sakura - Flan\",\"isPartOf\":{\"@id\":\"https:\/\/quynhnhuphan.azdigi.shop\/#website\"},\"primaryImageOfPage\":{\"@id\":\"https:\/\/quynhnhuphan.azdigi.shop\/?product=sweetin-tira-sakura#primaryimage\"},\"image\":{\"@id\":\"https:\/\/quynhnhuphan.azdigi.shop\/?product=sweetin-tira-sakura#primaryimage\"},\"thumbnailUrl\":\"https:\/\/quynhnhuphan.azdigi.shop\/wp-content\/uploads\/2026\/04\/1-1-1.jpg\",\"datePublished\":\"2026-04-05T08:42:24+00:00\",\"dateModified\":\"2026-04-13T09:18:59+00:00\",\"breadcrumb\":{\"@id\":\"https:\/\/quynhnhuphan.azdigi.shop\/?product=sweetin-tira-sakura#breadcrumb\"},\"inLanguage\":\"vi\",\"potentialAction\":[{\"@type\":\"ReadAction\",\"target\":[\"https:\/\/quynhnhuphan.azdigi.shop\/?product=sweetin-tira-sakura\"]}]},{\"@type\":\"ImageObject\",\"inLanguage\":\"vi\",\"@id\":\"https:\/\/quynhnhuphan.azdigi.shop\/?product=sweetin-tira-sakura#primaryimage\",\"url\":\"https:\/\/quynhnhuphan.azdigi.shop\/wp-content\/uploads\/2026\/04\/1-1-1.jpg\",\"contentUrl\":\"https:\/\/quynhnhuphan.azdigi.shop\/wp-content\/uploads\/2026\/04\/1-1-1.jpg\",\"width\":800,\"height\":1200},{\"@type\":\"BreadcrumbList\",\"@id\":\"https:\/\/quynhnhuphan.azdigi.shop\/?product=sweetin-tira-sakura#breadcrumb\",\"itemListElement\":[{\"@type\":\"ListItem\",\"position\":1,\"name\":\"Trang ch\u1ee7\",\"item\":\"https:\/\/quynhnhuphan.azdigi.shop\/\"},{\"@type\":\"ListItem\",\"position\":2,\"name\":\"C\u1eeda h\u00e0ng\",\"item\":\"https:\/\/quynhnhuphan.azdigi.shop\/?page_id=164\"},{\"@type\":\"ListItem\",\"position\":3,\"name\":\"Sweetin \u2013 Tira Sakura\"}]},{\"@type\":\"WebSite\",\"@id\":\"https:\/\/quynhnhuphan.azdigi.shop\/#website\",\"url\":\"https:\/\/quynhnhuphan.azdigi.shop\/\",\"name\":\"Flan\",\"description\":\"\",\"potentialAction\":[{\"@type\":\"SearchAction\",\"target\":{\"@type\":\"EntryPoint\",\"urlTemplate\":\"https:\/\/quynhnhuphan.azdigi.shop\/?s={search_term_string}\"},\"query-input\":{\"@type\":\"PropertyValueSpecification\",\"valueRequired\":true,\"valueName\":\"search_term_string\"}}],\"inLanguage\":\"vi\"}]}<\/script>\n<!-- \/ Yoast SEO plugin. -->","yoast_head_json":{"title":"Sweetin \u2013 Tira Sakura - Flan","robots":{"index":"index","follow":"follow","max-snippet":"max-snippet:-1","max-image-preview":"max-image-preview:large","max-video-preview":"max-video-preview:-1"},"canonical":"https:\/\/quynhnhuphan.azdigi.shop\/?product=sweetin-tira-sakura","og_locale":"vi_VN","og_type":"article","og_title":"Sweetin \u2013 Tira Sakura - Flan","og_description":"Tira Sakura \u2013 G\u00f3i d\u1ecbu d\u00e0ng trong h\u1ed9p thi\u1ebfc \u0111\u1ecf  N\u1eb1m g\u1ecdn trong l\u00f2ng b\u00e0n tay, Tira Sakura l\u00e0 th\u1ebf gi\u1edbi thu nh\u1ecf \u0111\u1ea7y d\u1ecbu d\u00e0ng c\u1ee7a c\u00e0 ph\u00ea, chocolate v\u00e0 nh\u1eefng l\u00e1t nh\u1edb th\u01b0\u01a1ng c\u1ee7a ng\u00e0y \u0111\u1ea7 n\u0103m.  V\u1eabn l\u00e0 v\u1ecb caf\u00e9 \u0111\u1eadm \u0111\u00e0, v\u1eabn l\u00e0 l\u1edbp mousse ph\u00f4 mai m\u1ec1m m\u01b0\u1ee3t tan n\u01a1i \u0111\u1ea7u l\u01b0\u1ee1i, v\u1eabn c\u00f3 ch\u00fat Kahlua nh\u00e8 nh\u1eb9\u2026 nh\u01b0ng nay Tiramisu kho\u00e1c l\u00ean m\u00ecnh m\u1ed9t di\u1ec7n m\u1ea1o kh\u00e1c \u2013 r\u1ef1c r\u1ee1 h\u01a1n, l\u1ec5 h\u1ed9i h\u01a1n.  Sweetin phi\u00ean b\u1ea3n \u201cTira Sakura\u201d d\u00e0nh cho nh\u1eefng ai mu\u1ed1n g\u1eedi t\u1eb7ng m\u1ed9t ch\u00fat ng\u1ecdt ng\u00e0o kh\u00f4ng \u1ed3n \u00e0o, kh\u00f4ng ph\u00f4 tr\u01b0\u01a1ng \u2013 thay cho l\u1eddi nh\u1eafn:  N\u0103m m\u1edbi an l\u00e0nh","og_url":"https:\/\/quynhnhuphan.azdigi.shop\/?product=sweetin-tira-sakura","og_site_name":"Flan","article_modified_time":"2026-04-13T09:18:59+00:00","og_image":[{"width":800,"height":1200,"url":"https:\/\/quynhnhuphan.azdigi.shop\/wp-content\/uploads\/2026\/04\/1-1-1.jpg","type":"image\/jpeg"}],"twitter_card":"summary_large_image","twitter_misc":{"\u01af\u1edbc t\u00ednh th\u1eddi gian \u0111\u1ecdc":"2 ph\u00fat"},"schema":{"@context":"https:\/\/schema.org","@graph":[{"@type":"WebPage","@id":"https:\/\/quynhnhuphan.azdigi.shop\/?product=sweetin-tira-sakura","url":"https:\/\/quynhnhuphan.azdigi.shop\/?product=sweetin-tira-sakura","name":"Sweetin \u2013 Tira Sakura - Flan","isPartOf":{"@id":"https:\/\/quynhnhuphan.azdigi.shop\/#website"},"primaryImageOfPage":{"@id":"https:\/\/quynhnhuphan.azdigi.shop\/?product=sweetin-tira-sakura#primaryimage"},"image":{"@id":"https:\/\/quynhnhuphan.azdigi.shop\/?product=sweetin-tira-sakura#primaryimage"},"thumbnailUrl":"https:\/\/quynhnhuphan.azdigi.shop\/wp-content\/uploads\/2026\/04\/1-1-1.jpg","datePublished":"2026-04-05T08:42:24+00:00","dateModified":"2026-04-13T09:18:59+00:00","breadcrumb":{"@id":"https:\/\/quynhnhuphan.azdigi.shop\/?product=sweetin-tira-sakura#breadcrumb"},"inLanguage":"vi","potentialAction":[{"@type":"ReadAction","target":["https:\/\/quynhnhuphan.azdigi.shop\/?product=sweetin-tira-sakura"]}]},{"@type":"ImageObject","inLanguage":"vi","@id":"https:\/\/quynhnhuphan.azdigi.shop\/?product=sweetin-tira-sakura#primaryimage","url":"https:\/\/quynhnhuphan.azdigi.shop\/wp-content\/uploads\/2026\/04\/1-1-1.jpg","contentUrl":"https:\/\/quynhnhuphan.azdigi.shop\/wp-content\/uploads\/2026\/04\/1-1-1.jpg","width":800,"height":1200},{"@type":"BreadcrumbList","@id":"https:\/\/quynhnhuphan.azdigi.shop\/?product=sweetin-tira-sakura#breadcrumb","itemListElement":[{"@type":"ListItem","position":1,"name":"Trang ch\u1ee7","item":"https:\/\/quynhnhuphan.azdigi.shop\/"},{"@type":"ListItem","position":2,"name":"C\u1eeda h\u00e0ng","item":"https:\/\/quynhnhuphan.azdigi.shop\/?page_id=164"},{"@type":"ListItem","position":3,"name":"Sweetin \u2013 Tira Sakura"}]},{"@type":"WebSite","@id":"https:\/\/quynhnhuphan.azdigi.shop\/#website","url":"https:\/\/quynhnhuphan.azdigi.shop\/","name":"Flan","description":"","potentialAction":[{"@type":"SearchAction","target":{"@type":"EntryPoint","urlTemplate":"https:\/\/quynhnhuphan.azdigi.shop\/?s={search_term_string}"},"query-input":{"@type":"PropertyValueSpecification","valueRequired":true,"valueName":"search_term_string"}}],"inLanguage":"vi"}]}},"_links":{"self":[{"href":"https:\/\/quynhnhuphan.azdigi.shop\/index.php?rest_route=\/wp\/v2\/product\/302","targetHints":{"allow":["GET"]}}],"collection":[{"href":"https:\/\/quynhnhuphan.azdigi.shop\/index.php?rest_route=\/wp\/v2\/product"}],"about":[{"href":"https:\/\/quynhnhuphan.azdigi.shop\/index.php?rest_route=\/wp\/v2\/types\/product"}],"replies":[{"embeddable":true,"href":"https:\/\/quynhnhuphan.azdigi.shop\/index.php?rest_route=%2Fwp%2Fv2%2Fcomments&post=302"}],"wp:featuredmedia":[{"embeddable":true,"href":"https:\/\/quynhnhuphan.azdigi.shop\/index.php?rest_route=\/wp\/v2\/media\/303"}],"wp:attachment":[{"href":"https:\/\/quynhnhuphan.azdigi.shop\/index.php?rest_route=%2Fwp%2Fv2%2Fmedia&parent=302"}],"wp:term":[{"taxonomy":"product_brand","embeddable":true,"href":"https:\/\/quynhnhuphan.azdigi.shop\/index.php?rest_route=%2Fwp%2Fv2%2Fproduct_brand&post=302"},{"taxonomy":"product_cat","embeddable":true,"href":"https:\/\/quynhnhuphan.azdigi.shop\/index.php?rest_route=%2Fwp%2Fv2%2Fproduct_cat&post=302"},{"taxonomy":"product_tag","embeddable":true,"href":"https:\/\/quynhnhuphan.azdigi.shop\/index.php?rest_route=%2Fwp%2Fv2%2Fproduct_tag&post=302"}],"curies":[{"name":"wp","href":"https:\/\/api.w.org\/{rel}","templated":true}]}}