{"id":306,"date":"2026-04-05T08:50:02","date_gmt":"2026-04-05T08:50:02","guid":{"rendered":"https:\/\/quynhnhuphan.azdigi.shop\/?post_type=product&#038;p=306"},"modified":"2026-04-13T09:23:45","modified_gmt":"2026-04-13T09:23:45","slug":"sweetin-popcorn","status":"publish","type":"product","link":"https:\/\/quynhnhuphan.azdigi.shop\/?product=sweetin-popcorn","title":{"rendered":"Sweetin \u2013 Popcorn"},"content":{"rendered":"<h3 data-section-id=\"1p9y9c7\" data-start=\"98\" data-end=\"135\"><a href=\"https:\/\/cailonuong.com\/wp-content\/uploads\/2025\/11\/3-1.jpg\"><img loading=\"lazy\" decoding=\"async\" class=\"aligncenter wp-image-307 size-full\" src=\"https:\/\/quynhnhuphan.azdigi.shop\/wp-content\/uploads\/2026\/04\/3-1-2.jpg\" alt=\"\" width=\"800\" height=\"1200\" srcset=\"https:\/\/quynhnhuphan.azdigi.shop\/wp-content\/uploads\/2026\/04\/3-1-2.jpg 800w, https:\/\/quynhnhuphan.azdigi.shop\/wp-content\/uploads\/2026\/04\/3-1-2-600x900.jpg 600w, https:\/\/quynhnhuphan.azdigi.shop\/wp-content\/uploads\/2026\/04\/3-1-2-200x300.jpg 200w, https:\/\/quynhnhuphan.azdigi.shop\/wp-content\/uploads\/2026\/04\/3-1-2-683x1024.jpg 683w, https:\/\/quynhnhuphan.azdigi.shop\/wp-content\/uploads\/2026\/04\/3-1-2-768x1152.jpg 768w\" sizes=\"auto, (max-width: 800px) 100vw, 800px\" \/><\/a><\/h3>\n<h3 data-section-id=\"1p9y9c7\" data-start=\"98\" data-end=\"135\">\ud83c\udf3d Gi\u1edbi thi\u1ec7u Sweetin \u2013 Popcorn<\/h3>\n<p data-start=\"136\" data-end=\"394\">Sweetin \u2013 Popcorn l\u00e0 d\u00f2ng b\u00e1nh h\u0169 thi\u1ebfc mang h\u01b0\u01a1ng v\u1ecb b\u1eafp (ng\u00f4) truy\u1ec1n th\u1ed1ng, \u0111\u01b0\u1ee3c bi\u1ebfn t\u1ea5u hi\u1ec7n \u0111\u1ea1i v\u1edbi k\u1ebft c\u1ea5u nhi\u1ec1u l\u1edbp h\u1ea5p d\u1eabn. V\u1edbi thi\u1ebft k\u1ebf nh\u1ecf g\u1ecdn, ti\u1ec7n l\u1ee3i v\u00e0 v\u1ebb ngo\u00e0i b\u1eaft m\u1eaft, \u0111\u00e2y l\u00e0 l\u1ef1a ch\u1ecdn l\u00fd t\u01b0\u1edfng \u0111\u1ec3 th\u01b0\u1edfng th\u1ee9c c\u00e1 nh\u00e2n ho\u1eb7c l\u00e0m qu\u00e0 t\u1eb7ng tinh t\u1ebf.<\/p>\n<h3 data-section-id=\"azjvjx\" data-start=\"401\" data-end=\"428\">\ud83c\udf70 H\u01b0\u01a1ng v\u1ecb \u0111\u1eb7c tr\u01b0ng<\/h3>\n<p data-start=\"429\" data-end=\"466\">Ng\u1ecdt d\u1ecbu \u2013 Th\u01a1m \u0111\u1eb7c tr\u01b0ng \u2013 B\u00e9o nh\u1eb9<\/p>\n<p data-start=\"468\" data-end=\"615\">B\u00e1nh n\u1ed5i b\u1eadt v\u1edbi h\u01b0\u01a1ng th\u01a1m t\u1ef1 nhi\u00ean c\u1ee7a b\u1eafp, k\u1ebft h\u1ee3p c\u00f9ng v\u1ecb b\u00e9o nh\u1eb9 c\u1ee7a kem v\u00e0 \u0111\u1ed9 ng\u1ecdt thanh v\u1eeba ph\u1ea3i, mang l\u1ea1i c\u1ea3m gi\u00e1c d\u1ec5 ch\u1ecbu, kh\u00f4ng g\u00e2y ng\u1ea5y.<\/p>\n<h3 data-section-id=\"sy5dhs\" data-start=\"622\" data-end=\"662\">\ud83e\uddc1 C\u1ea5u tr\u00fac b\u00e1nh nhi\u1ec1u l\u1edbp h\u1ea5p d\u1eabn<\/h3>\n<p data-start=\"663\" data-end=\"706\">B\u00e1nh \u0111\u01b0\u1ee3c l\u00e0m th\u1ee7 c\u00f4ng v\u1edbi c\u00e1c l\u1edbp r\u00f5 r\u00e0ng:<\/p>\n<ul data-start=\"708\" data-end=\"845\">\n<li data-section-id=\"1f7r9bf\" data-start=\"708\" data-end=\"751\"><strong data-start=\"710\" data-end=\"731\">Kem truy\u1ec1n th\u1ed1ng:<\/strong> b\u00e9o nh\u1eb9, m\u1ecbn m\u00e0ng<\/li>\n<li data-section-id=\"7l1suv\" data-start=\"752\" data-end=\"803\"><strong data-start=\"754\" data-end=\"770\">Custard b\u1eafp:<\/strong> th\u01a1m ng\u1eady, \u0111\u1eadm v\u1ecb b\u1eafp t\u1ef1 nhi\u00ean<\/li>\n<li data-section-id=\"erxc4z\" data-start=\"804\" data-end=\"845\"><strong data-start=\"806\" data-end=\"823\">B\u00f4ng lan b\u1eafp:<\/strong> m\u1ec1m x\u1ed1p, gi\u1eef \u1ea9m t\u1ed1t<\/li>\n<\/ul>\n<p data-start=\"847\" data-end=\"928\">\ud83d\udc49 S\u1ef1 k\u1ebft h\u1ee3p gi\u1eefa c\u00e1c l\u1edbp t\u1ea1o n\u00ean k\u1ebft c\u1ea5u m\u1ec1m \u2013 m\u1ecbn \u2013 th\u01a1m, tan nh\u1eb9 trong mi\u1ec7ng.<\/p>\n<h3 data-section-id=\"iy1jel\" data-start=\"935\" data-end=\"958\">\ud83c\udf53 Ph\u1ea7n trang tr\u00ed<\/h3>\n<ul data-start=\"959\" data-end=\"1034\">\n<li data-section-id=\"a7r94o\" data-start=\"959\" data-end=\"975\">D\u00e2u t\u00e2y t\u01b0\u01a1i<\/li>\n<li data-section-id=\"10tjlzd\" data-start=\"976\" data-end=\"994\">B\u1eafp nguy\u00ean h\u1ea1t<\/li>\n<li data-section-id=\"12kjgb9\" data-start=\"995\" data-end=\"1013\">S\u00f4-c\u00f4-la tr\u1eafng<\/li>\n<li data-section-id=\"1ntwky2\" data-start=\"1014\" data-end=\"1034\">Kem truy\u1ec1n th\u1ed1ng<\/li>\n<\/ul>\n<p data-start=\"1036\" data-end=\"1106\">\ud83d\udc49 Trang tr\u00ed h\u00e0i h\u00f2a gi\u00fap t\u0103ng th\u00eam h\u01b0\u01a1ng v\u1ecb v\u00e0 t\u00ednh th\u1ea9m m\u1ef9 cho b\u00e1nh.<\/p>\n<h3 data-section-id=\"cuft41\" data-start=\"1113\" data-end=\"1140\">\u2744\ufe0f H\u01b0\u1edbng d\u1eabn b\u1ea3o qu\u1ea3n<\/h3>\n<ul data-start=\"1141\" data-end=\"1287\">\n<li data-section-id=\"8y58vf\" data-start=\"1141\" data-end=\"1191\">N\u00ean s\u1eed d\u1ee5ng trong ng\u00e0y \u0111\u1ec3 \u0111\u1ea3m b\u1ea3o \u0111\u1ed9 t\u01b0\u01a1i ngon<\/li>\n<li data-section-id=\"110p955\" data-start=\"1192\" data-end=\"1244\">Ngon h\u01a1n khi b\u1ea3o qu\u1ea3n l\u1ea1nh tr\u01b0\u1edbc khi th\u01b0\u1edfng th\u1ee9c<\/li>\n<li data-section-id=\"1j4d088\" data-start=\"1245\" data-end=\"1287\">Tr\u00e1nh \u0111\u1ec3 b\u00e1nh \u1edf nhi\u1ec7t \u0111\u1ed9 ph\u00f2ng qu\u00e1 l\u00e2u<\/li>\n<\/ul>\n<h3 data-section-id=\"bhewi1\" data-start=\"1294\" data-end=\"1320\">\ud83c\udf81 Ph\u1ee5 ki\u1ec7n t\u1eb7ng k\u00e8m<\/h3>\n<ul data-start=\"1321\" data-end=\"1359\">\n<li data-section-id=\"91n1cy\" data-start=\"1321\" data-end=\"1359\">1 th\u00eca l\u00e1 b\u1ea1c sang tr\u1ecdng, ti\u1ec7n l\u1ee3i<\/li>\n<\/ul>\n<h3 data-section-id=\"agukuk\" data-start=\"1366\" data-end=\"1409\">\ud83d\udc96 V\u00ec sao n\u00ean ch\u1ecdn Sweetin \u2013 Popcorn?<\/h3>\n<ul data-start=\"1410\" data-end=\"1569\">\n<li data-section-id=\"msnc7q\" data-start=\"1410\" data-end=\"1442\">H\u01b0\u01a1ng v\u1ecb b\u1eafp t\u1ef1 nhi\u00ean, d\u1ec5 \u0103n<\/li>\n<li data-section-id=\"1hnaadl\" data-start=\"1443\" data-end=\"1484\">K\u1ebft c\u1ea5u nhi\u1ec1u l\u1edbp m\u1ec1m m\u1ecbn, kh\u00f4ng ng\u1ea5y<\/li>\n<li data-section-id=\"yvvqsa\" data-start=\"1485\" data-end=\"1524\">Thi\u1ebft k\u1ebf h\u0169 thi\u1ebfc ti\u1ec7n l\u1ee3i, \u0111\u1eb9p m\u1eaft<\/li>\n<li data-section-id=\"114uuhz\" data-start=\"1525\" data-end=\"1569\">Ph\u00f9 h\u1ee3p l\u00e0m qu\u00e0 t\u1eb7ng ho\u1eb7c \u0103n tr\u00e1ng mi\u1ec7ng<\/li>\n<\/ul>\n","protected":false},"excerpt":{"rendered":"<div class=\"xdj266r x14z9mp xat24cr x1lziwak x1vvkbs x126k92a\">\n<div dir=\"auto\">M\u1edf n\u1eafp h\u1ed9p Sweetin \u201cPopcorn\u201d \u2013 v\u1ecb B\u1eafp \u201cup mood\u201d \u0111\u00e2y r\u1ed3ii<\/div>\n<\/div>\n<div class=\"x14z9mp xat24cr x1lziwak x1vvkbs xtlvy1s x126k92a\">\n<div dir=\"auto\">B\u00ean trong h\u1ed9p thi\u1ebfc xinh x\u1eafn x\u1ecbn x\u00f2 n\u00e0y kh\u00f4ng ph\u1ea3i b\u1eafp rang b\u01a1 \u0111\u00e2u nhaaa, m\u00e0 l\u00e0 B\u00e1nh Kem B\u1eafp d\u00e2u bestseller c\u1ee7a Ti\u1ec7m b\u00e1nh Flan \u0111\u1ea5yyy!<\/div>\n<\/div>\n<div class=\"x14z9mp xat24cr x1lziwak x1vvkbs xtlvy1s x126k92a\">\n<div dir=\"auto\">V\u1ecb b\u00e1nh B\u1eafp tr\u1ee9 danh gi\u1edd \u0111\u00e3 c\u00f3 phi\u00ean b\u1ea3n Sweetin Popcorn \u2013 h\u1ed9p thi\u1ebfc tr\u00f2n v\u00e0ng \u00f3ng nh\u01b0 n\u1eafng s\u1edbm!<\/div>\n<\/div>\n<div class=\"x14z9mp xat24cr x1lziwak x1vvkbs xtlvy1s x126k92a\">\n<div dir=\"auto\">V\u1eabn l\u00e0 c\u1ed1t b\u00f4ng lan b\u1eafp m\u1ec1m \u1ea9m, th\u01a1m m\u00f9i b\u1eafp \u0111\u1eb7c tr\u01b0ng, \u00f4m tr\u1ecdn l\u1edbp kem custard b\u1eafp \u0111\u01b0\u1ee3c n\u1ea5u t\u1eeb s\u1eefa t\u01b0\u01a1i ng\u1ecdt thanh, th\u01a1m d\u1ecbu. Tr\u00ean m\u1eb7t b\u00e1nh l\u00e0 l\u1edbp decor m\u00f4 ph\u1ecfng c\u1ea3 khu v\u01b0\u1eddn b\u1eafp v\u00e0ng t\u01b0\u01a1i r\u00f3i, \u0111i\u1ec3m th\u00eam d\u00e2u m\u1ecdng chua nh\u1eb9. Ch\u1ec9 c\u1ea7n x\u1eafn m\u1ed9t mi\u1ebfng l\u00e0 b\u1eebng c\u1ea3 v\u1ecb, up c\u1ea3 mood!<\/div>\n<\/div>\n<div class=\"x14z9mp xat24cr x1lziwak x1vvkbs xtlvy1s x126k92a\">\n<div dir=\"auto\">Nh\u1ecf g\u1ecdn m\u00e0 \u201cg\u00e2y th\u01b0\u01a1ng nh\u1edb\u201d, Sweetin Popcorn mang h\u01b0\u01a1ng v\u1ecb b\u00e1nh kem b\u1eafp tr\u1ee9 danh theo b\u1ea1n \u0111\u1ebfn m\u1ecdi n\u01a1i t\u1eeb g\u00f3c l\u00e0m vi\u1ec7c, bu\u1ed5i d\u00e3 ngo\u1ea1i \u0111\u1ebfn nh\u1eefng ph\u00fat ngh\u1ec9 gi\u1eefa ng\u00e0y.<\/div>\n<\/div>\n<div class=\"x14z9mp xat24cr x1lziwak x1vvkbs xtlvy1s x126k92a\">\n<div dir=\"auto\">Sweetin Popcorn l\u00ean k\u1ec7, b\u1eafp l\u00ean mood \u2013 b\u1ea1n gh\u00e9 Ti\u1ec7m b\u00e1nh Flan ch\u01b0a?<\/div>\n<\/div>\n","protected":false},"featured_media":307,"comment_status":"open","ping_status":"closed","template":"","meta":[],"product_brand":[],"product_cat":[25],"product_tag":[],"class_list":{"0":"post-306","1":"product","2":"type-product","3":"status-publish","4":"has-post-thumbnail","6":"product_cat-sweetin-banh-hop-thiec-cao-cap","8":"first","9":"instock","10":"shipping-taxable","11":"purchasable","12":"product-type-variable"},"yoast_head":"<!-- This site is optimized with the Yoast SEO plugin v26.9 - https:\/\/yoast.com\/product\/yoast-seo-wordpress\/ -->\n<title>Sweetin \u2013 Popcorn - Flan<\/title>\n<meta name=\"robots\" content=\"index, follow, max-snippet:-1, max-image-preview:large, max-video-preview:-1\" \/>\n<link rel=\"canonical\" href=\"https:\/\/quynhnhuphan.azdigi.shop\/?product=sweetin-popcorn\" \/>\n<meta property=\"og:locale\" content=\"vi_VN\" \/>\n<meta property=\"og:type\" content=\"article\" \/>\n<meta property=\"og:title\" content=\"Sweetin \u2013 Popcorn - Flan\" \/>\n<meta property=\"og:description\" content=\"M\u1edf n\u1eafp h\u1ed9p Sweetin \u201cPopcorn\u201d \u2013 v\u1ecb B\u1eafp \u201cup mood\u201d \u0111\u00e2y r\u1ed3ii   B\u00ean trong h\u1ed9p thi\u1ebfc xinh x\u1eafn x\u1ecbn x\u00f2 n\u00e0y kh\u00f4ng ph\u1ea3i b\u1eafp rang b\u01a1 \u0111\u00e2u nhaaa, m\u00e0 l\u00e0 B\u00e1nh Kem B\u1eafp d\u00e2u bestseller c\u1ee7a Ti\u1ec7m b\u00e1nh Flan \u0111\u1ea5yyy!   V\u1ecb b\u00e1nh B\u1eafp tr\u1ee9 danh gi\u1edd \u0111\u00e3 c\u00f3 phi\u00ean b\u1ea3n Sweetin Popcorn \u2013 h\u1ed9p thi\u1ebfc tr\u00f2n v\u00e0ng \u00f3ng nh\u01b0 n\u1eafng s\u1edbm!   V\u1eabn l\u00e0 c\u1ed1t b\u00f4ng lan b\u1eafp m\u1ec1m \u1ea9m, th\u01a1m m\u00f9i b\u1eafp \u0111\u1eb7c tr\u01b0ng, \u00f4m tr\u1ecdn l\u1edbp kem custard b\u1eafp \u0111\u01b0\u1ee3c n\u1ea5u t\u1eeb s\u1eefa t\u01b0\u01a1i ng\u1ecdt thanh, th\u01a1m d\u1ecbu. Tr\u00ean m\u1eb7t b\u00e1nh l\u00e0 l\u1edbp decor m\u00f4 ph\u1ecfng c\u1ea3 khu v\u01b0\u1eddn b\u1eafp v\u00e0ng t\u01b0\u01a1i r\u00f3i, \u0111i\u1ec3m th\u00eam d\u00e2u m\u1ecdng chua nh\u1eb9. Ch\u1ec9 c\u1ea7n x\u1eafn m\u1ed9t mi\u1ebfng l\u00e0 b\u1eebng c\u1ea3 v\u1ecb, up c\u1ea3 mood!   Nh\u1ecf g\u1ecdn m\u00e0 \u201cg\u00e2y th\u01b0\u01a1ng nh\u1edb\u201d, Sweetin Popcorn mang h\u01b0\u01a1ng v\u1ecb b\u00e1nh kem b\u1eafp tr\u1ee9 danh theo b\u1ea1n \u0111\u1ebfn m\u1ecdi n\u01a1i t\u1eeb g\u00f3c l\u00e0m vi\u1ec7c, bu\u1ed5i d\u00e3 ngo\u1ea1i \u0111\u1ebfn nh\u1eefng ph\u00fat ngh\u1ec9 gi\u1eefa ng\u00e0y.   Sweetin Popcorn l\u00ean k\u1ec7, b\u1eafp l\u00ean mood \u2013 b\u1ea1n gh\u00e9 Ti\u1ec7m b\u00e1nh Flan ch\u01b0a?\" \/>\n<meta property=\"og:url\" content=\"https:\/\/quynhnhuphan.azdigi.shop\/?product=sweetin-popcorn\" \/>\n<meta property=\"og:site_name\" content=\"Flan\" \/>\n<meta property=\"article:modified_time\" content=\"2026-04-13T09:23:45+00:00\" \/>\n<meta property=\"og:image\" content=\"https:\/\/quynhnhuphan.azdigi.shop\/wp-content\/uploads\/2026\/04\/3-1-2.jpg\" \/>\n\t<meta property=\"og:image:width\" content=\"800\" \/>\n\t<meta property=\"og:image:height\" content=\"1200\" \/>\n\t<meta property=\"og:image:type\" content=\"image\/jpeg\" \/>\n<meta name=\"twitter:card\" content=\"summary_large_image\" \/>\n<meta name=\"twitter:label1\" content=\"\u01af\u1edbc t\u00ednh th\u1eddi gian \u0111\u1ecdc\" \/>\n\t<meta name=\"twitter:data1\" content=\"2 ph\u00fat\" \/>\n<script type=\"application\/ld+json\" class=\"yoast-schema-graph\">{\"@context\":\"https:\/\/schema.org\",\"@graph\":[{\"@type\":\"WebPage\",\"@id\":\"https:\/\/quynhnhuphan.azdigi.shop\/?product=sweetin-popcorn\",\"url\":\"https:\/\/quynhnhuphan.azdigi.shop\/?product=sweetin-popcorn\",\"name\":\"Sweetin \u2013 Popcorn - Flan\",\"isPartOf\":{\"@id\":\"https:\/\/quynhnhuphan.azdigi.shop\/#website\"},\"primaryImageOfPage\":{\"@id\":\"https:\/\/quynhnhuphan.azdigi.shop\/?product=sweetin-popcorn#primaryimage\"},\"image\":{\"@id\":\"https:\/\/quynhnhuphan.azdigi.shop\/?product=sweetin-popcorn#primaryimage\"},\"thumbnailUrl\":\"https:\/\/quynhnhuphan.azdigi.shop\/wp-content\/uploads\/2026\/04\/3-1-2.jpg\",\"datePublished\":\"2026-04-05T08:50:02+00:00\",\"dateModified\":\"2026-04-13T09:23:45+00:00\",\"breadcrumb\":{\"@id\":\"https:\/\/quynhnhuphan.azdigi.shop\/?product=sweetin-popcorn#breadcrumb\"},\"inLanguage\":\"vi\",\"potentialAction\":[{\"@type\":\"ReadAction\",\"target\":[\"https:\/\/quynhnhuphan.azdigi.shop\/?product=sweetin-popcorn\"]}]},{\"@type\":\"ImageObject\",\"inLanguage\":\"vi\",\"@id\":\"https:\/\/quynhnhuphan.azdigi.shop\/?product=sweetin-popcorn#primaryimage\",\"url\":\"https:\/\/quynhnhuphan.azdigi.shop\/wp-content\/uploads\/2026\/04\/3-1-2.jpg\",\"contentUrl\":\"https:\/\/quynhnhuphan.azdigi.shop\/wp-content\/uploads\/2026\/04\/3-1-2.jpg\",\"width\":800,\"height\":1200},{\"@type\":\"BreadcrumbList\",\"@id\":\"https:\/\/quynhnhuphan.azdigi.shop\/?product=sweetin-popcorn#breadcrumb\",\"itemListElement\":[{\"@type\":\"ListItem\",\"position\":1,\"name\":\"Trang ch\u1ee7\",\"item\":\"https:\/\/quynhnhuphan.azdigi.shop\/\"},{\"@type\":\"ListItem\",\"position\":2,\"name\":\"C\u1eeda h\u00e0ng\",\"item\":\"https:\/\/quynhnhuphan.azdigi.shop\/?page_id=164\"},{\"@type\":\"ListItem\",\"position\":3,\"name\":\"Sweetin \u2013 Popcorn\"}]},{\"@type\":\"WebSite\",\"@id\":\"https:\/\/quynhnhuphan.azdigi.shop\/#website\",\"url\":\"https:\/\/quynhnhuphan.azdigi.shop\/\",\"name\":\"Flan\",\"description\":\"\",\"potentialAction\":[{\"@type\":\"SearchAction\",\"target\":{\"@type\":\"EntryPoint\",\"urlTemplate\":\"https:\/\/quynhnhuphan.azdigi.shop\/?s={search_term_string}\"},\"query-input\":{\"@type\":\"PropertyValueSpecification\",\"valueRequired\":true,\"valueName\":\"search_term_string\"}}],\"inLanguage\":\"vi\"}]}<\/script>\n<!-- \/ Yoast SEO plugin. -->","yoast_head_json":{"title":"Sweetin \u2013 Popcorn - Flan","robots":{"index":"index","follow":"follow","max-snippet":"max-snippet:-1","max-image-preview":"max-image-preview:large","max-video-preview":"max-video-preview:-1"},"canonical":"https:\/\/quynhnhuphan.azdigi.shop\/?product=sweetin-popcorn","og_locale":"vi_VN","og_type":"article","og_title":"Sweetin \u2013 Popcorn - Flan","og_description":"M\u1edf n\u1eafp h\u1ed9p Sweetin \u201cPopcorn\u201d \u2013 v\u1ecb B\u1eafp \u201cup mood\u201d \u0111\u00e2y r\u1ed3ii   B\u00ean trong h\u1ed9p thi\u1ebfc xinh x\u1eafn x\u1ecbn x\u00f2 n\u00e0y kh\u00f4ng ph\u1ea3i b\u1eafp rang b\u01a1 \u0111\u00e2u nhaaa, m\u00e0 l\u00e0 B\u00e1nh Kem B\u1eafp d\u00e2u bestseller c\u1ee7a Ti\u1ec7m b\u00e1nh Flan \u0111\u1ea5yyy!   V\u1ecb b\u00e1nh B\u1eafp tr\u1ee9 danh gi\u1edd \u0111\u00e3 c\u00f3 phi\u00ean b\u1ea3n Sweetin Popcorn \u2013 h\u1ed9p thi\u1ebfc tr\u00f2n v\u00e0ng \u00f3ng nh\u01b0 n\u1eafng s\u1edbm!   V\u1eabn l\u00e0 c\u1ed1t b\u00f4ng lan b\u1eafp m\u1ec1m \u1ea9m, th\u01a1m m\u00f9i b\u1eafp \u0111\u1eb7c tr\u01b0ng, \u00f4m tr\u1ecdn l\u1edbp kem custard b\u1eafp \u0111\u01b0\u1ee3c n\u1ea5u t\u1eeb s\u1eefa t\u01b0\u01a1i ng\u1ecdt thanh, th\u01a1m d\u1ecbu. Tr\u00ean m\u1eb7t b\u00e1nh l\u00e0 l\u1edbp decor m\u00f4 ph\u1ecfng c\u1ea3 khu v\u01b0\u1eddn b\u1eafp v\u00e0ng t\u01b0\u01a1i r\u00f3i, \u0111i\u1ec3m th\u00eam d\u00e2u m\u1ecdng chua nh\u1eb9. Ch\u1ec9 c\u1ea7n x\u1eafn m\u1ed9t mi\u1ebfng l\u00e0 b\u1eebng c\u1ea3 v\u1ecb, up c\u1ea3 mood!   Nh\u1ecf g\u1ecdn m\u00e0 \u201cg\u00e2y th\u01b0\u01a1ng nh\u1edb\u201d, Sweetin Popcorn mang h\u01b0\u01a1ng v\u1ecb b\u00e1nh kem b\u1eafp tr\u1ee9 danh theo b\u1ea1n \u0111\u1ebfn m\u1ecdi n\u01a1i t\u1eeb g\u00f3c l\u00e0m vi\u1ec7c, bu\u1ed5i d\u00e3 ngo\u1ea1i \u0111\u1ebfn nh\u1eefng ph\u00fat ngh\u1ec9 gi\u1eefa ng\u00e0y.   Sweetin Popcorn l\u00ean k\u1ec7, b\u1eafp l\u00ean mood \u2013 b\u1ea1n gh\u00e9 Ti\u1ec7m b\u00e1nh Flan ch\u01b0a?","og_url":"https:\/\/quynhnhuphan.azdigi.shop\/?product=sweetin-popcorn","og_site_name":"Flan","article_modified_time":"2026-04-13T09:23:45+00:00","og_image":[{"width":800,"height":1200,"url":"https:\/\/quynhnhuphan.azdigi.shop\/wp-content\/uploads\/2026\/04\/3-1-2.jpg","type":"image\/jpeg"}],"twitter_card":"summary_large_image","twitter_misc":{"\u01af\u1edbc t\u00ednh th\u1eddi gian \u0111\u1ecdc":"2 ph\u00fat"},"schema":{"@context":"https:\/\/schema.org","@graph":[{"@type":"WebPage","@id":"https:\/\/quynhnhuphan.azdigi.shop\/?product=sweetin-popcorn","url":"https:\/\/quynhnhuphan.azdigi.shop\/?product=sweetin-popcorn","name":"Sweetin \u2013 Popcorn - Flan","isPartOf":{"@id":"https:\/\/quynhnhuphan.azdigi.shop\/#website"},"primaryImageOfPage":{"@id":"https:\/\/quynhnhuphan.azdigi.shop\/?product=sweetin-popcorn#primaryimage"},"image":{"@id":"https:\/\/quynhnhuphan.azdigi.shop\/?product=sweetin-popcorn#primaryimage"},"thumbnailUrl":"https:\/\/quynhnhuphan.azdigi.shop\/wp-content\/uploads\/2026\/04\/3-1-2.jpg","datePublished":"2026-04-05T08:50:02+00:00","dateModified":"2026-04-13T09:23:45+00:00","breadcrumb":{"@id":"https:\/\/quynhnhuphan.azdigi.shop\/?product=sweetin-popcorn#breadcrumb"},"inLanguage":"vi","potentialAction":[{"@type":"ReadAction","target":["https:\/\/quynhnhuphan.azdigi.shop\/?product=sweetin-popcorn"]}]},{"@type":"ImageObject","inLanguage":"vi","@id":"https:\/\/quynhnhuphan.azdigi.shop\/?product=sweetin-popcorn#primaryimage","url":"https:\/\/quynhnhuphan.azdigi.shop\/wp-content\/uploads\/2026\/04\/3-1-2.jpg","contentUrl":"https:\/\/quynhnhuphan.azdigi.shop\/wp-content\/uploads\/2026\/04\/3-1-2.jpg","width":800,"height":1200},{"@type":"BreadcrumbList","@id":"https:\/\/quynhnhuphan.azdigi.shop\/?product=sweetin-popcorn#breadcrumb","itemListElement":[{"@type":"ListItem","position":1,"name":"Trang ch\u1ee7","item":"https:\/\/quynhnhuphan.azdigi.shop\/"},{"@type":"ListItem","position":2,"name":"C\u1eeda h\u00e0ng","item":"https:\/\/quynhnhuphan.azdigi.shop\/?page_id=164"},{"@type":"ListItem","position":3,"name":"Sweetin \u2013 Popcorn"}]},{"@type":"WebSite","@id":"https:\/\/quynhnhuphan.azdigi.shop\/#website","url":"https:\/\/quynhnhuphan.azdigi.shop\/","name":"Flan","description":"","potentialAction":[{"@type":"SearchAction","target":{"@type":"EntryPoint","urlTemplate":"https:\/\/quynhnhuphan.azdigi.shop\/?s={search_term_string}"},"query-input":{"@type":"PropertyValueSpecification","valueRequired":true,"valueName":"search_term_string"}}],"inLanguage":"vi"}]}},"_links":{"self":[{"href":"https:\/\/quynhnhuphan.azdigi.shop\/index.php?rest_route=\/wp\/v2\/product\/306","targetHints":{"allow":["GET"]}}],"collection":[{"href":"https:\/\/quynhnhuphan.azdigi.shop\/index.php?rest_route=\/wp\/v2\/product"}],"about":[{"href":"https:\/\/quynhnhuphan.azdigi.shop\/index.php?rest_route=\/wp\/v2\/types\/product"}],"replies":[{"embeddable":true,"href":"https:\/\/quynhnhuphan.azdigi.shop\/index.php?rest_route=%2Fwp%2Fv2%2Fcomments&post=306"}],"wp:featuredmedia":[{"embeddable":true,"href":"https:\/\/quynhnhuphan.azdigi.shop\/index.php?rest_route=\/wp\/v2\/media\/307"}],"wp:attachment":[{"href":"https:\/\/quynhnhuphan.azdigi.shop\/index.php?rest_route=%2Fwp%2Fv2%2Fmedia&parent=306"}],"wp:term":[{"taxonomy":"product_brand","embeddable":true,"href":"https:\/\/quynhnhuphan.azdigi.shop\/index.php?rest_route=%2Fwp%2Fv2%2Fproduct_brand&post=306"},{"taxonomy":"product_cat","embeddable":true,"href":"https:\/\/quynhnhuphan.azdigi.shop\/index.php?rest_route=%2Fwp%2Fv2%2Fproduct_cat&post=306"},{"taxonomy":"product_tag","embeddable":true,"href":"https:\/\/quynhnhuphan.azdigi.shop\/index.php?rest_route=%2Fwp%2Fv2%2Fproduct_tag&post=306"}],"curies":[{"name":"wp","href":"https:\/\/api.w.org\/{rel}","templated":true}]}}