{"id":341,"date":"2026-04-05T14:20:04","date_gmt":"2026-04-05T14:20:04","guid":{"rendered":"https:\/\/quynhnhuphan.azdigi.shop\/?post_type=product&#038;p=341"},"modified":"2026-04-15T07:20:54","modified_gmt":"2026-04-15T07:20:54","slug":"tiramisu-truyen-thong","status":"publish","type":"product","link":"https:\/\/quynhnhuphan.azdigi.shop\/?product=tiramisu-truyen-thong","title":{"rendered":"Tiramisu truy\u1ec1n th\u1ed1ng"},"content":{"rendered":"<p><a href=\"https:\/\/quynhnhuphan.azdigi.shop\/?post_type=product&amp;p=341&amp;preview=true\"><img loading=\"lazy\" decoding=\"async\" class=\"aligncenter wp-image-343 size-full\" src=\"https:\/\/quynhnhuphan.azdigi.shop\/wp-content\/uploads\/2026\/04\/ChiTietTiramisu-1.jpg\" alt=\"\" width=\"560\" height=\"593\" \/><\/a><\/p>\n<h2>M\u00f4 t\u1ea3 b\u00e1nh tiramisu truy\u1ec1n th\u1ed1ng:<\/h2>\n<p>M\u1ed9t mi\u1ebfng b\u00e1nh \u0111\u1ee7 \u0111\u1ec3 bao \u1ea5m \u1ee9c, mu\u1ed9n phi\u1ec1n trong l\u00f2ng tan ra nh\u1eb9 t\u00eanh; ch\u1eb3ng c\u1ea7n l\u00e0m g\u00ec, ch\u1ec9 c\u1ea7n ng\u1ed3i im th\u01b0\u1edfng th\u1ee9c t\u1eebng mu\u1ed7ng b\u00e1nh nh\u1ecf, \u00eam m\u01b0\u1ee3t nh\u01b0 ru v\u00e0 th\u01a1m n\u1ee9c n\u1edf v\u1ecb c\u00e0 ph\u00ea espresso nguy\u00ean ch\u1ea5t c\u0169ng \u0111\u1ee7 \u0111\u1ec3 b\u1ea1n t\u1ee7m t\u1ec9m c\u01b0\u1eddi kh\u1ebd m\u1ed9t m\u00ecnh. \u0110\u00f3 ch\u1ec9 c\u00f3 th\u1ec3 l\u00e0 Tiramisu.<\/p>\n<p>\u0110\u01b0\u1ee3c l\u00e0m ho\u00e0n to\u00e0n t\u1eeb nh\u1eefng nguy\u00ean li\u1ec7u cao c\u1ea5p nh\u01b0 b\u00e1nh Lady Finger n\u01b0\u1edbng th\u1ee7 c\u00f4ng, b\u1ed9t Cacao th\u01b0\u1ee3ng h\u1ea1ng, Mascarpone nh\u1eadp kh\u1ea9u t\u1eeb \u00dd hay c\u00e0 ph\u00ea Colombia\u2026 Tiramisu \u201cmade by The 350F\u201d s\u1ebd n\u00e2ng t\u1ea7m tr\u1ea3i nghi\u1ec7m c\u1ee7a b\u1ea1n v\u1edbi v\u1ecb ng\u1ecdt &#8211; \u0111\u1eafng \u0111\u01b0\u1ee3c c\u00e2n b\u1eb1ng ho\u00e0n h\u1ea3o v\u00e0 c\u1ea5u tr\u00fac b\u00e1nh \u0111an xen nhi\u1ec1u l\u1edbp \u0111\u1ea7y tinh t\u1ebf.<\/p>\n<p>M\u1ed9t chi\u1ebfc b\u00e1nh quen thu\u1ed9c nh\u01b0ng \u0111\u1ea7y \u1eafp s\u1ef1 b\u1ea5t ng\u1edd, h\u1ea5p d\u1eabn v\u00e0 khi\u1ebfn v\u1ecb gi\u00e1c c\u1ee7a b\u1ea1n b\u00f9ng n\u1ed5 h\u01a1n bao gi\u1edd. H\u00e3y s\u1eb5n s\u00e0ng th\u01b0\u1edfng th\u1ee9c v\u1ecb c\u1ee7a \u201cthi\u00ean \u0111\u01b0\u1eddng\u201d theo c\u00e1ch m\u00e0 b\u1ea1n mong mu\u1ed1n.<\/p>\n<ul>\n<li>Size \u0111\u01b0\u1eddng k\u00ednh 16cm cao 6.5cm cho 4-6 ng\u01b0\u1eddi \u0103n.<\/li>\n<li>Size \u0111\u01b0\u1eddng k\u00ednh 20cm cao 6.5cm cho 10-12 ng\u01b0\u1eddi \u0103n.<\/li>\n<\/ul>\n<h2>C\u1ea5u tr\u00fac b\u00e1nh tiramisu truy\u1ec1n th\u1ed1ng:<\/h2>\n<ul>\n<li>L\u1edbp 1: C\u1ed1t b\u00e1nh Lady Fingers<\/li>\n<li>L\u1edbp 2: Mousse Tiramisu<\/li>\n<li>L\u1edbp 3: C\u1ed1t b\u00e1nh Lady Fingers<\/li>\n<li>L\u1edbp 4: Mousse Tiramisu<\/li>\n<\/ul>\n<h2>Ph\u1ee5 ki\u1ec7n t\u1eb7ng k\u00e8m:<\/h2>\n<ul>\n<li>B\u1ed9 dao, mu\u1ed7ng g\u1ed7 &amp; d\u0129a \u0103n k\u00e8m<\/li>\n<li>H\u1ed9p n\u1ebfn<\/li>\n<\/ul>\n<h2>H\u01b0\u1edbng d\u1eabn s\u1eed d\u1ee5ng b\u00e1nh tiramisu:<\/h2>\n<ul>\n<li>N\u00ean gi\u1eef b\u00e1nh trong h\u1ed9p k\u00edn v\u00e0 b\u1ea3o qu\u1ea3n b\u00e1nh trong ng\u0103n m\u00e1t t\u1ee7 l\u1ea1nh.<\/li>\n<li>H\u1ea1n ch\u1ebf \u0111\u1ec3 b\u00e1nh ti\u1ebfp x\u00fac v\u1edbi \u00e1nh n\u1eafng tr\u1ef1c ti\u1ebfp v\u00e0 tr\u00e1nh \u0111\u1ec3 b\u00e1nh qu\u00e1 l\u00e2u \u1edf nhi\u1ec7t \u0111\u1ed9 ph\u00f2ng.<\/li>\n<li>S\u1eed d\u1ee5ng trong v\u00f2ng 24h.<\/li>\n<\/ul>\n","protected":false},"excerpt":{"rendered":"<p><strong>Mascarpone, C\u00e0 ph\u00ea, Socola, Whipping Cream, R\u01b0\u1ee3u Rum<\/strong><\/p>\n<p>\u1ed4 b\u00e1nh t\u01b0\u1edfng ch\u1eebng \u0111\u01a1n gi\u1ea3n nh\u01b0ng s\u1ef1 c\u1ea7u k\u1ef3 b\u00ean trong t\u1eebng l\u1edbp b\u00e1nh m\u1edbi l\u00e0 \u0111i\u1ec1u l\u00e0m xi\u00eau l\u00f2ng Tiramisu Lovers. V\u1eeba tho\u1ea3ng h\u01b0\u01a1ng espresso n\u1ed3ng n\u00e0n, v\u1eeba \u0111\u01b0\u1ee3m ch\u00fat ng\u00e2y ng\u1ea5t c\u1ee7a r\u01b0\u1ee3u Rhum, v\u1eeba ph\u1ea3ng ph\u1ea5t v\u1ecb ng\u1eady b\u00e9o c\u1ee7a Mascarpone, v\u1eeba m\u1ec1m m\u1ea1i c\u1ee7a c\u1ed1t b\u00e1nh gato.<\/p>\n<p>B\u00e1nh \u0111\u01b0\u1ee3c trang tr\u00ed v\u1edbi nh\u1eefng \u1ee5 kem nh\u1ecf, th\u00eam \u00edt socola v\u00e0 cacao ph\u1ee7 tr\u00ean b\u1ec1 m\u1eb7t. T\u1ea5t c\u1ea3 \u0111\u1ec1u thu h\u00fat v\u00e0 \u0111\u1ea7y quy\u1ebfn r\u0169 \u0111\u1ec3 b\u1ea1n mu\u1ed1n \u0111\u01b0\u1ee3c th\u01b0\u1edfng th\u1ee9c ngay t\u1ee9c th\u00ec.<\/p>\n","protected":false},"featured_media":344,"comment_status":"open","ping_status":"closed","template":"","meta":[],"product_brand":[],"product_cat":[22],"product_tag":[],"class_list":{"0":"post-341","1":"product","2":"type-product","3":"status-publish","4":"has-post-thumbnail","6":"product_cat-banh-tiramisu","8":"first","9":"instock","10":"shipping-taxable","11":"purchasable","12":"product-type-variable"},"yoast_head":"<!-- This site is optimized with the Yoast SEO plugin v26.9 - https:\/\/yoast.com\/product\/yoast-seo-wordpress\/ -->\n<title>Tiramisu truy\u1ec1n th\u1ed1ng - Flan<\/title>\n<meta name=\"robots\" content=\"index, follow, max-snippet:-1, max-image-preview:large, max-video-preview:-1\" \/>\n<link rel=\"canonical\" href=\"https:\/\/quynhnhuphan.azdigi.shop\/?product=tiramisu-truyen-thong\" \/>\n<meta property=\"og:locale\" content=\"vi_VN\" \/>\n<meta property=\"og:type\" content=\"article\" \/>\n<meta property=\"og:title\" content=\"Tiramisu truy\u1ec1n th\u1ed1ng - Flan\" \/>\n<meta property=\"og:description\" content=\"Mascarpone, C\u00e0 ph\u00ea, Socola, Whipping Cream, R\u01b0\u1ee3u Rum  \u1ed4 b\u00e1nh t\u01b0\u1edfng ch\u1eebng \u0111\u01a1n gi\u1ea3n nh\u01b0ng s\u1ef1 c\u1ea7u k\u1ef3 b\u00ean trong t\u1eebng l\u1edbp b\u00e1nh m\u1edbi l\u00e0 \u0111i\u1ec1u l\u00e0m xi\u00eau l\u00f2ng Tiramisu Lovers. V\u1eeba tho\u1ea3ng h\u01b0\u01a1ng espresso n\u1ed3ng n\u00e0n, v\u1eeba \u0111\u01b0\u1ee3m ch\u00fat ng\u00e2y ng\u1ea5t c\u1ee7a r\u01b0\u1ee3u Rhum, v\u1eeba ph\u1ea3ng ph\u1ea5t v\u1ecb ng\u1eady b\u00e9o c\u1ee7a Mascarpone, v\u1eeba m\u1ec1m m\u1ea1i c\u1ee7a c\u1ed1t b\u00e1nh gato.  B\u00e1nh \u0111\u01b0\u1ee3c trang tr\u00ed v\u1edbi nh\u1eefng \u1ee5 kem nh\u1ecf, th\u00eam \u00edt socola v\u00e0 cacao ph\u1ee7 tr\u00ean b\u1ec1 m\u1eb7t. T\u1ea5t c\u1ea3 \u0111\u1ec1u thu h\u00fat v\u00e0 \u0111\u1ea7y quy\u1ebfn r\u0169 \u0111\u1ec3 b\u1ea1n mu\u1ed1n \u0111\u01b0\u1ee3c th\u01b0\u1edfng th\u1ee9c ngay t\u1ee9c th\u00ec.\" \/>\n<meta property=\"og:url\" content=\"https:\/\/quynhnhuphan.azdigi.shop\/?product=tiramisu-truyen-thong\" \/>\n<meta property=\"og:site_name\" content=\"Flan\" \/>\n<meta property=\"article:modified_time\" content=\"2026-04-15T07:20:54+00:00\" \/>\n<meta property=\"og:image\" content=\"https:\/\/quynhnhuphan.azdigi.shop\/wp-content\/uploads\/2026\/04\/ChiTietTiramisu-5.jpg\" \/>\n\t<meta property=\"og:image:width\" content=\"560\" \/>\n\t<meta property=\"og:image:height\" content=\"593\" \/>\n\t<meta property=\"og:image:type\" content=\"image\/jpeg\" \/>\n<meta name=\"twitter:card\" content=\"summary_large_image\" \/>\n<meta name=\"twitter:label1\" content=\"\u01af\u1edbc t\u00ednh th\u1eddi gian \u0111\u1ecdc\" \/>\n\t<meta name=\"twitter:data1\" content=\"2 ph\u00fat\" \/>\n<script type=\"application\/ld+json\" class=\"yoast-schema-graph\">{\"@context\":\"https:\/\/schema.org\",\"@graph\":[{\"@type\":\"WebPage\",\"@id\":\"https:\/\/quynhnhuphan.azdigi.shop\/?product=tiramisu-truyen-thong\",\"url\":\"https:\/\/quynhnhuphan.azdigi.shop\/?product=tiramisu-truyen-thong\",\"name\":\"Tiramisu truy\u1ec1n th\u1ed1ng - Flan\",\"isPartOf\":{\"@id\":\"https:\/\/quynhnhuphan.azdigi.shop\/#website\"},\"primaryImageOfPage\":{\"@id\":\"https:\/\/quynhnhuphan.azdigi.shop\/?product=tiramisu-truyen-thong#primaryimage\"},\"image\":{\"@id\":\"https:\/\/quynhnhuphan.azdigi.shop\/?product=tiramisu-truyen-thong#primaryimage\"},\"thumbnailUrl\":\"https:\/\/quynhnhuphan.azdigi.shop\/wp-content\/uploads\/2026\/04\/ChiTietTiramisu-5.jpg\",\"datePublished\":\"2026-04-05T14:20:04+00:00\",\"dateModified\":\"2026-04-15T07:20:54+00:00\",\"breadcrumb\":{\"@id\":\"https:\/\/quynhnhuphan.azdigi.shop\/?product=tiramisu-truyen-thong#breadcrumb\"},\"inLanguage\":\"vi\",\"potentialAction\":[{\"@type\":\"ReadAction\",\"target\":[\"https:\/\/quynhnhuphan.azdigi.shop\/?product=tiramisu-truyen-thong\"]}]},{\"@type\":\"ImageObject\",\"inLanguage\":\"vi\",\"@id\":\"https:\/\/quynhnhuphan.azdigi.shop\/?product=tiramisu-truyen-thong#primaryimage\",\"url\":\"https:\/\/quynhnhuphan.azdigi.shop\/wp-content\/uploads\/2026\/04\/ChiTietTiramisu-5.jpg\",\"contentUrl\":\"https:\/\/quynhnhuphan.azdigi.shop\/wp-content\/uploads\/2026\/04\/ChiTietTiramisu-5.jpg\",\"width\":560,\"height\":593},{\"@type\":\"BreadcrumbList\",\"@id\":\"https:\/\/quynhnhuphan.azdigi.shop\/?product=tiramisu-truyen-thong#breadcrumb\",\"itemListElement\":[{\"@type\":\"ListItem\",\"position\":1,\"name\":\"Trang ch\u1ee7\",\"item\":\"https:\/\/quynhnhuphan.azdigi.shop\/\"},{\"@type\":\"ListItem\",\"position\":2,\"name\":\"C\u1eeda h\u00e0ng\",\"item\":\"https:\/\/quynhnhuphan.azdigi.shop\/?page_id=164\"},{\"@type\":\"ListItem\",\"position\":3,\"name\":\"Tiramisu truy\u1ec1n th\u1ed1ng\"}]},{\"@type\":\"WebSite\",\"@id\":\"https:\/\/quynhnhuphan.azdigi.shop\/#website\",\"url\":\"https:\/\/quynhnhuphan.azdigi.shop\/\",\"name\":\"Flan\",\"description\":\"\",\"potentialAction\":[{\"@type\":\"SearchAction\",\"target\":{\"@type\":\"EntryPoint\",\"urlTemplate\":\"https:\/\/quynhnhuphan.azdigi.shop\/?s={search_term_string}\"},\"query-input\":{\"@type\":\"PropertyValueSpecification\",\"valueRequired\":true,\"valueName\":\"search_term_string\"}}],\"inLanguage\":\"vi\"}]}<\/script>\n<!-- \/ Yoast SEO plugin. -->","yoast_head_json":{"title":"Tiramisu truy\u1ec1n th\u1ed1ng - Flan","robots":{"index":"index","follow":"follow","max-snippet":"max-snippet:-1","max-image-preview":"max-image-preview:large","max-video-preview":"max-video-preview:-1"},"canonical":"https:\/\/quynhnhuphan.azdigi.shop\/?product=tiramisu-truyen-thong","og_locale":"vi_VN","og_type":"article","og_title":"Tiramisu truy\u1ec1n th\u1ed1ng - Flan","og_description":"Mascarpone, C\u00e0 ph\u00ea, Socola, Whipping Cream, R\u01b0\u1ee3u Rum  \u1ed4 b\u00e1nh t\u01b0\u1edfng ch\u1eebng \u0111\u01a1n gi\u1ea3n nh\u01b0ng s\u1ef1 c\u1ea7u k\u1ef3 b\u00ean trong t\u1eebng l\u1edbp b\u00e1nh m\u1edbi l\u00e0 \u0111i\u1ec1u l\u00e0m xi\u00eau l\u00f2ng Tiramisu Lovers. V\u1eeba tho\u1ea3ng h\u01b0\u01a1ng espresso n\u1ed3ng n\u00e0n, v\u1eeba \u0111\u01b0\u1ee3m ch\u00fat ng\u00e2y ng\u1ea5t c\u1ee7a r\u01b0\u1ee3u Rhum, v\u1eeba ph\u1ea3ng ph\u1ea5t v\u1ecb ng\u1eady b\u00e9o c\u1ee7a Mascarpone, v\u1eeba m\u1ec1m m\u1ea1i c\u1ee7a c\u1ed1t b\u00e1nh gato.  B\u00e1nh \u0111\u01b0\u1ee3c trang tr\u00ed v\u1edbi nh\u1eefng \u1ee5 kem nh\u1ecf, th\u00eam \u00edt socola v\u00e0 cacao ph\u1ee7 tr\u00ean b\u1ec1 m\u1eb7t. T\u1ea5t c\u1ea3 \u0111\u1ec1u thu h\u00fat v\u00e0 \u0111\u1ea7y quy\u1ebfn r\u0169 \u0111\u1ec3 b\u1ea1n mu\u1ed1n \u0111\u01b0\u1ee3c th\u01b0\u1edfng th\u1ee9c ngay t\u1ee9c th\u00ec.","og_url":"https:\/\/quynhnhuphan.azdigi.shop\/?product=tiramisu-truyen-thong","og_site_name":"Flan","article_modified_time":"2026-04-15T07:20:54+00:00","og_image":[{"width":560,"height":593,"url":"https:\/\/quynhnhuphan.azdigi.shop\/wp-content\/uploads\/2026\/04\/ChiTietTiramisu-5.jpg","type":"image\/jpeg"}],"twitter_card":"summary_large_image","twitter_misc":{"\u01af\u1edbc t\u00ednh th\u1eddi gian \u0111\u1ecdc":"2 ph\u00fat"},"schema":{"@context":"https:\/\/schema.org","@graph":[{"@type":"WebPage","@id":"https:\/\/quynhnhuphan.azdigi.shop\/?product=tiramisu-truyen-thong","url":"https:\/\/quynhnhuphan.azdigi.shop\/?product=tiramisu-truyen-thong","name":"Tiramisu truy\u1ec1n th\u1ed1ng - Flan","isPartOf":{"@id":"https:\/\/quynhnhuphan.azdigi.shop\/#website"},"primaryImageOfPage":{"@id":"https:\/\/quynhnhuphan.azdigi.shop\/?product=tiramisu-truyen-thong#primaryimage"},"image":{"@id":"https:\/\/quynhnhuphan.azdigi.shop\/?product=tiramisu-truyen-thong#primaryimage"},"thumbnailUrl":"https:\/\/quynhnhuphan.azdigi.shop\/wp-content\/uploads\/2026\/04\/ChiTietTiramisu-5.jpg","datePublished":"2026-04-05T14:20:04+00:00","dateModified":"2026-04-15T07:20:54+00:00","breadcrumb":{"@id":"https:\/\/quynhnhuphan.azdigi.shop\/?product=tiramisu-truyen-thong#breadcrumb"},"inLanguage":"vi","potentialAction":[{"@type":"ReadAction","target":["https:\/\/quynhnhuphan.azdigi.shop\/?product=tiramisu-truyen-thong"]}]},{"@type":"ImageObject","inLanguage":"vi","@id":"https:\/\/quynhnhuphan.azdigi.shop\/?product=tiramisu-truyen-thong#primaryimage","url":"https:\/\/quynhnhuphan.azdigi.shop\/wp-content\/uploads\/2026\/04\/ChiTietTiramisu-5.jpg","contentUrl":"https:\/\/quynhnhuphan.azdigi.shop\/wp-content\/uploads\/2026\/04\/ChiTietTiramisu-5.jpg","width":560,"height":593},{"@type":"BreadcrumbList","@id":"https:\/\/quynhnhuphan.azdigi.shop\/?product=tiramisu-truyen-thong#breadcrumb","itemListElement":[{"@type":"ListItem","position":1,"name":"Trang ch\u1ee7","item":"https:\/\/quynhnhuphan.azdigi.shop\/"},{"@type":"ListItem","position":2,"name":"C\u1eeda h\u00e0ng","item":"https:\/\/quynhnhuphan.azdigi.shop\/?page_id=164"},{"@type":"ListItem","position":3,"name":"Tiramisu truy\u1ec1n th\u1ed1ng"}]},{"@type":"WebSite","@id":"https:\/\/quynhnhuphan.azdigi.shop\/#website","url":"https:\/\/quynhnhuphan.azdigi.shop\/","name":"Flan","description":"","potentialAction":[{"@type":"SearchAction","target":{"@type":"EntryPoint","urlTemplate":"https:\/\/quynhnhuphan.azdigi.shop\/?s={search_term_string}"},"query-input":{"@type":"PropertyValueSpecification","valueRequired":true,"valueName":"search_term_string"}}],"inLanguage":"vi"}]}},"_links":{"self":[{"href":"https:\/\/quynhnhuphan.azdigi.shop\/index.php?rest_route=\/wp\/v2\/product\/341","targetHints":{"allow":["GET"]}}],"collection":[{"href":"https:\/\/quynhnhuphan.azdigi.shop\/index.php?rest_route=\/wp\/v2\/product"}],"about":[{"href":"https:\/\/quynhnhuphan.azdigi.shop\/index.php?rest_route=\/wp\/v2\/types\/product"}],"replies":[{"embeddable":true,"href":"https:\/\/quynhnhuphan.azdigi.shop\/index.php?rest_route=%2Fwp%2Fv2%2Fcomments&post=341"}],"wp:featuredmedia":[{"embeddable":true,"href":"https:\/\/quynhnhuphan.azdigi.shop\/index.php?rest_route=\/wp\/v2\/media\/344"}],"wp:attachment":[{"href":"https:\/\/quynhnhuphan.azdigi.shop\/index.php?rest_route=%2Fwp%2Fv2%2Fmedia&parent=341"}],"wp:term":[{"taxonomy":"product_brand","embeddable":true,"href":"https:\/\/quynhnhuphan.azdigi.shop\/index.php?rest_route=%2Fwp%2Fv2%2Fproduct_brand&post=341"},{"taxonomy":"product_cat","embeddable":true,"href":"https:\/\/quynhnhuphan.azdigi.shop\/index.php?rest_route=%2Fwp%2Fv2%2Fproduct_cat&post=341"},{"taxonomy":"product_tag","embeddable":true,"href":"https:\/\/quynhnhuphan.azdigi.shop\/index.php?rest_route=%2Fwp%2Fv2%2Fproduct_tag&post=341"}],"curies":[{"name":"wp","href":"https:\/\/api.w.org\/{rel}","templated":true}]}}