{"id":556,"date":"2026-04-13T07:34:52","date_gmt":"2026-04-13T07:34:52","guid":{"rendered":"https:\/\/quynhnhuphan.azdigi.shop\/?post_type=product&#038;p=556"},"modified":"2026-04-14T17:04:00","modified_gmt":"2026-04-14T17:04:00","slug":"bitter-crunchill-dark-chocolate","status":"publish","type":"product","link":"https:\/\/quynhnhuphan.azdigi.shop\/?product=bitter-crunchill-dark-chocolate","title":{"rendered":"Bitter Crunchill \u2013 Dark Chocolate"},"content":{"rendered":"<h1 data-section-id=\"qnddj2\" data-start=\"101\" data-end=\"139\"><img loading=\"lazy\" decoding=\"async\" class=\"aligncenter size-full wp-image-558\" src=\"https:\/\/quynhnhuphan.azdigi.shop\/wp-content\/uploads\/2026\/04\/bitter-3.jpg\" alt=\"\" width=\"800\" height=\"1200\" srcset=\"https:\/\/quynhnhuphan.azdigi.shop\/wp-content\/uploads\/2026\/04\/bitter-3.jpg 800w, https:\/\/quynhnhuphan.azdigi.shop\/wp-content\/uploads\/2026\/04\/bitter-3-200x300.jpg 200w, https:\/\/quynhnhuphan.azdigi.shop\/wp-content\/uploads\/2026\/04\/bitter-3-683x1024.jpg 683w, https:\/\/quynhnhuphan.azdigi.shop\/wp-content\/uploads\/2026\/04\/bitter-3-768x1152.jpg 768w, https:\/\/quynhnhuphan.azdigi.shop\/wp-content\/uploads\/2026\/04\/bitter-3-600x900.jpg 600w\" sizes=\"auto, (max-width: 800px) 100vw, 800px\" \/><\/h1>\n<h1 data-section-id=\"qnddj2\" data-start=\"101\" data-end=\"139\">\ud83c\udf6b Bitter Crunchill \u2013 Dark Chocolate<\/h1>\n<p data-start=\"141\" data-end=\"370\"><strong data-start=\"141\" data-end=\"178\">Bitter Crunchill \u2013 Dark Chocolate<\/strong> l\u00e0 l\u1ef1a ch\u1ecdn ho\u00e0n h\u1ea3o d\u00e0nh cho team y\u00eau th\u00edch chocolate \u0111\u1eadm v\u1ecb. V\u1edbi s\u1ef1 k\u1ebft h\u1ee3p gi\u1eefa <strong data-start=\"262\" data-end=\"293\">\u0111\u1eadm v\u1ecb \u2013 b\u00e9o d\u1ecbu \u2013 gi\u00f2n r\u1ee5m<\/strong>, chi\u1ebfc b\u00e1nh mang \u0111\u1ebfn tr\u1ea3i nghi\u1ec7m m\u1ea1nh m\u1ebd nh\u01b0ng v\u1eabn c\u00e2n b\u1eb1ng, kh\u00f4ng qu\u00e1 ng\u1ea5y.<\/p>\n<h2 data-section-id=\"600cq7\" data-start=\"377\" data-end=\"422\">\ud83c\udf70 H\u01b0\u01a1ng v\u1ecb \u0111\u1eb7c tr\u01b0ng c\u1ee7a Bitter Crunchill<\/h2>\n<p data-start=\"424\" data-end=\"504\">\u0110i\u1ec3m n\u1ed5i b\u1eadt c\u1ee7a <strong data-start=\"441\" data-end=\"478\">Bitter Crunchill \u2013 Dark Chocolate<\/strong> n\u1eb1m \u1edf chi\u1ec1u s\u00e2u h\u01b0\u01a1ng v\u1ecb:<\/p>\n<ul data-start=\"506\" data-end=\"655\">\n<li data-section-id=\"13inf40\" data-start=\"506\" data-end=\"555\">Chocolate \u0111en \u0111\u1eadm \u0111\u00e0, h\u1eadu v\u1ecb h\u01a1i \u0111\u1eafng tinh t\u1ebf<\/li>\n<li data-section-id=\"1gv6yho\" data-start=\"556\" data-end=\"593\">\u0110\u1ed9 b\u00e9o nh\u1eb9 gi\u00fap c\u00e2n b\u1eb1ng t\u1ed5ng th\u1ec3<\/li>\n<li data-section-id=\"1q5errp\" data-start=\"594\" data-end=\"655\">H\u01b0\u01a1ng v\u1ecb tr\u01b0\u1edfng th\u00e0nh, ph\u00f9 h\u1ee3p ng\u01b0\u1eddi kh\u00f4ng th\u00edch qu\u00e1 ng\u1ecdt<\/li>\n<\/ul>\n<p data-start=\"657\" data-end=\"737\">S\u1ef1 k\u1ebft h\u1ee3p n\u00e0y t\u1ea1o n\u00ean m\u1ed9t chi\u1ebfc b\u00e1nh chocolate \u201cchu\u1ea9n gu\u201d cho t\u00edn \u0111\u1ed3 chocolate.<\/p>\n<h2 data-section-id=\"142f3yz\" data-start=\"744\" data-end=\"789\">\ud83e\uddc1 C\u1ea5u tr\u00fac nhi\u1ec1u l\u1edbp c\u1ee7a Bitter Crunchill<\/h2>\n<p data-start=\"791\" data-end=\"838\">B\u00e1nh \u0111\u01b0\u1ee3c t\u1ea1o n\u00ean t\u1eeb nhi\u1ec1u l\u1edbp k\u1ebft c\u1ea5u h\u1ea5p d\u1eabn:<\/p>\n<ul data-start=\"840\" data-end=\"1155\">\n<li data-section-id=\"1pe43l2\" data-start=\"840\" data-end=\"931\"><strong data-start=\"842\" data-end=\"871\">L\u1edbp crunchy chocolate \u0111en<\/strong>: Ng\u0169 c\u1ed1c gi\u00f2n k\u1ebft h\u1ee3p chocolate \u0111en v\u00e0 h\u1ea1nh nh\u00e2n, h\u1ea1t ph\u1ec9<\/li>\n<li data-section-id=\"qmtg9g\" data-start=\"932\" data-end=\"992\"><strong data-start=\"934\" data-end=\"955\">L\u1edbp chocolate \u0111en<\/strong>: Ph\u1ee7 m\u1ecfng, t\u1ea1o \u0111\u1ed9 gi\u00f2n nh\u1eb9 khi c\u1eafn<\/li>\n<li data-section-id=\"6m29mg\" data-start=\"993\" data-end=\"1093\"><strong data-start=\"995\" data-end=\"1019\">Mousse chocolate \u0111en<\/strong>: \u0110\u1eadm \u0111\u00e0, th\u01a1m b\u00e9o t\u1eeb chocolate nguy\u00ean ch\u1ea5t, k\u1ebft h\u1ee3p nh\u1eb9 v\u1ecb r\u01b0\u1ee3u Bacardi<\/li>\n<li data-section-id=\"uo4949\" data-start=\"1094\" data-end=\"1155\"><strong data-start=\"1096\" data-end=\"1122\">B\u1ea1t b\u00e1nh chocolate \u0111en<\/strong>: M\u1ec1m \u1ea9m, gi\u00fap c\u00e2n b\u1eb1ng texture<\/li>\n<\/ul>\n<p data-start=\"1157\" data-end=\"1238\">Nh\u1edd c\u1ea5u tr\u00fac n\u00e0y, m\u1ed7i mi\u1ebfng b\u00e1nh \u0111\u1ec1u mang \u0111\u1ebfn s\u1ef1 h\u00f2a quy\u1ec7n gi\u1eefa gi\u00f2n \u2013 m\u1ec1m \u2013 m\u1ecbn.<\/p>\n<h2 data-section-id=\"ivh7mq\" data-start=\"1245\" data-end=\"1280\">\u2744\ufe0f H\u01b0\u1edbng d\u1eabn b\u1ea3o qu\u1ea3n v\u00e0 s\u1eed d\u1ee5ng<\/h2>\n<p data-start=\"1282\" data-end=\"1300\">\u0110\u1ec3 b\u00e1nh ngon nh\u1ea5t:<\/p>\n<ul data-start=\"1302\" data-end=\"1393\">\n<li data-section-id=\"1awenza\" data-start=\"1302\" data-end=\"1325\">N\u00ean d\u00f9ng trong ng\u00e0y<\/li>\n<li data-section-id=\"1re2mm9\" data-start=\"1326\" data-end=\"1393\">B\u1ea3o qu\u1ea3n l\u1ea1nh tr\u01b0\u1edbc khi th\u01b0\u1edfng th\u1ee9c \u0111\u1ec3 mousse \u0111\u1ea1t \u0111\u1ed9 m\u1ecbn t\u1ed1i \u01b0u<\/li>\n<\/ul>\n<h2 data-section-id=\"1uh8k4o\" data-start=\"1400\" data-end=\"1424\">\ud83c\udf81 Th\u00f4ng tin s\u1ea3n ph\u1ea9m<\/h2>\n<ul data-start=\"1426\" data-end=\"1502\">\n<li data-section-id=\"1td1qw6\" data-start=\"1449\" data-end=\"1475\">Ph\u1ee5 ki\u1ec7n: 2 mu\u1ed7ng nh\u1ef1a<\/li>\n<li data-section-id=\"11563wa\" data-start=\"1476\" data-end=\"1502\">Ph\u00e2n lo\u1ea1i: B\u00e1nh mousse<\/li>\n<\/ul>\n<h2 data-section-id=\"13lf5xw\" data-start=\"1509\" data-end=\"1556\">\ud83d\udc9b Bitter Crunchill \u2013 \u0110\u1eadm v\u1ecb nh\u01b0ng kh\u00f4ng g\u1eaft<\/h2>\n<p data-start=\"1558\" data-end=\"1737\"><strong data-start=\"1558\" data-end=\"1595\">Bitter Crunchill \u2013 Dark Chocolate<\/strong> kh\u00f4ng ch\u1ec9 l\u00e0 m\u1ed9t chi\u1ebfc b\u00e1nh mousse m\u00e0 c\u00f2n l\u00e0 l\u1ef1a ch\u1ecdn d\u00e0nh cho nh\u1eefng ai y\u00eau th\u00edch v\u1ecb chocolate nguy\u00ean b\u1ea3n, \u0111\u1eadm \u0111\u00e0 nh\u01b0ng v\u1eabn d\u1ec5 \u0103n v\u00e0 tinh t\u1ebf.<\/p>\n","protected":false},"excerpt":{"rendered":"<div class=\"xdj266r x14z9mp xat24cr x1lziwak x1vvkbs x126k92a\">\n<div dir=\"auto\">CH\u00cdNH TH\u1ee8C DEBUT: CRUNCHILL \u2013 H\u1ed9p b\u00e1nh bi\u1ebft n\u00f3i!<\/div>\n<div dir=\"auto\"><\/div>\n<\/div>\n<div class=\"x14z9mp xat24cr x1lziwak x1vvkbs xtlvy1s x126k92a\">\n<div dir=\"auto\">Si\u00eau ph\u1ea9m m\u1edbi t\u1eeb C\u00e1i L\u00f2 N\u01b0\u1edbng \u0111\u00e3 ch\u00ednh th\u1ee9c l\u1ed9 di\u1ec7n. Kh\u00f4ng ch\u1ec9 ngon, Crunchill c\u00f2n \u1edf \u0111\u00e2y \u0111\u1ec3 \u201cn\u00f3i h\u1ed9 l\u00f2ng b\u1ea1n\u201d<\/div>\n<\/div>\n<div class=\"x14z9mp xat24cr x1lziwak x1vvkbs xtlvy1s x126k92a\">\n<div dir=\"auto\">03 \u01b0u \u0111i\u1ec3m c\u1ef1c cu\u1ed1n c\u1ee7a CRUNCHILL:<\/div>\n<\/div>\n<div class=\"x14z9mp xat24cr x1lziwak x1vvkbs xtlvy1s x126k92a\">\n<div dir=\"auto\"><span class=\"html-span xexx8yu xyri2b x18d9i69 x1c1uobl x1hl2dhg x16tdsg8 x1vvkbs x3nfvp2 x1j61x8r x1fcty0u xdj266r xat24cr xm2jcoa x1mpyi22 xxymvpz xlup9mm x1kky2od\"><img loading=\"lazy\" decoding=\"async\" class=\"xz74otr x15mokao x1ga7v0g x16uus16 xbiv7yw\" src=\"https:\/\/static.xx.fbcdn.net\/images\/emoji.php\/v9\/tf4\/1\/16\/2728.png\" alt=\"\u2728\" width=\"16\" height=\"16\" \/><\/span>\u00a0Texture b\u00f9ng n\u1ed5: Mousse t\u01b0\u01a1i m\u1ec1m tan k\u1ebft h\u1ee3p c\u00f9ng ng\u0169 c\u1ed1c crunchy gi\u00f2n r\u1ee5m b\u00ean tr\u00ean. X\u1eafn m\u1ed9t mi\u1ebfng l\u00e0 nghe ti\u1ebfng \u201cr\u1ed9p r\u1ed9p\u201d vui tai, \u0111\u00e3 mi\u1ec7ng.<\/div>\n<\/div>\n<div class=\"x14z9mp xat24cr x1lziwak x1vvkbs xtlvy1s x126k92a\">\n<div dir=\"auto\"><span class=\"html-span xexx8yu xyri2b x18d9i69 x1c1uobl x1hl2dhg x16tdsg8 x1vvkbs x3nfvp2 x1j61x8r x1fcty0u xdj266r xat24cr xm2jcoa x1mpyi22 xxymvpz xlup9mm x1kky2od\"><img loading=\"lazy\" decoding=\"async\" class=\"xz74otr x15mokao x1ga7v0g x16uus16 xbiv7yw\" src=\"https:\/\/static.xx.fbcdn.net\/images\/emoji.php\/v9\/tf4\/1\/16\/2728.png\" alt=\"\u2728\" width=\"16\" height=\"16\" \/><\/span>\u00a0Ch\u1ee9c n\u0103ng \u201cbi\u1ebft n\u00f3i\u201d: B\u1ed9 tem nh\u00e3n v\u1edbi c\u00e1c ch\u1ee7 \u0111\u1ec1 nh\u01b0 Sinh nh\u1eadt, C\u1ea3m \u01a1n, Ch\u00fac m\u1eebng\u2026 s\u1ebd gi\u00fap b\u1ea1n th\u1ec3 hi\u1ec7n t\u00e2m \u00fd m\u1ed7i d\u1ecbp c\u1ea7n t\u1eb7ng qu\u00e0. D\u00e1n tem l\u00e0 ch\u1ed1t mood!<\/div>\n<\/div>\n<div class=\"x14z9mp xat24cr x1lziwak x1vvkbs xtlvy1s x126k92a\">\n<div dir=\"auto\"><span class=\"html-span xexx8yu xyri2b x18d9i69 x1c1uobl x1hl2dhg x16tdsg8 x1vvkbs x3nfvp2 x1j61x8r x1fcty0u xdj266r xat24cr xm2jcoa x1mpyi22 xxymvpz xlup9mm x1kky2od\"><img loading=\"lazy\" decoding=\"async\" class=\"xz74otr x15mokao x1ga7v0g x16uus16 xbiv7yw\" src=\"https:\/\/static.xx.fbcdn.net\/images\/emoji.php\/v9\/tf4\/1\/16\/2728.png\" alt=\"\u2728\" width=\"16\" height=\"16\" \/><\/span>\u00a0X\u00e1ch theo mu\u00f4n n\u01a1i: Thi\u1ebft k\u1ebf t\u00fai Sweetaway nh\u1ecf g\u1ecdn, ti\u1ec7n l\u1ee3i, n\u0103ng \u0111\u1ed9ng.<\/div>\n<div dir=\"auto\"><\/div>\n<\/div>\n<div class=\"x14z9mp xat24cr x1lziwak x1vvkbs xtlvy1s x126k92a\">\n<div dir=\"auto\">Bi\u1ec7t \u0111\u1ed9i CRUNCHILL c\u00f3 c\u00e1c v\u1ecb g\u00ec?<\/div>\n<\/div>\n<div class=\"x14z9mp xat24cr x1lziwak x1vvkbs xtlvy1s x126k92a\">\n<div dir=\"auto\"><strong>1- Bitter Crunchill: Chocolate \u0111\u1eadm \u0111\u00e0 cho team th\u00edch v\u1ecb \u0111\u1eafng nh\u1eb9 tinh t\u1ebf.<\/strong><\/div>\n<div dir=\"auto\">2- Amber Crunchill: Th\u01a1m l\u1eebng v\u1ecb tr\u00e0 b\u00e1 t\u01b0\u1edbc, quy\u1ec7n caramel ng\u1ecdt ng\u00e0o \u1ea5m \u00e1p.<\/div>\n<div dir=\"auto\">3- Matcha Crunchill: Chua d\u1ecbu v\u1ecb d\u00e2u, th\u01a1m m\u00e1t tr\u00e0 xanh \u201ccute\u201d h\u1ebft n\u1ea5c.<\/div>\n<div dir=\"auto\">4- Forest Crunchill. B\u00ed \u1ea9n, quy\u1ebfn r\u0169 v\u1edbi h\u01b0\u01a1ng v\u1ecb Black Forest c\u1ed5 \u0111i\u1ec3n.<\/div>\n<div dir=\"auto\"><\/div>\n<\/div>\n<div class=\"x14z9mp xat24cr x1lziwak x1vvkbs xtlvy1s x126k92a\">\n<div dir=\"auto\">Ng\u1ea1i m\u1edf l\u1eddi? M\u1eddi Crunchill! Inbox ngay \u0111\u1ec3 l\u00e0 ng\u01b0\u1eddi \u0111\u1ea7u ti\u00ean th\u01b0\u1edfng th\u1ee9c nh\u00e9!<\/div>\n<\/div>\n","protected":false},"featured_media":560,"comment_status":"open","ping_status":"closed","template":"","meta":[],"product_brand":[],"product_cat":[34],"product_tag":[],"class_list":{"0":"post-556","1":"product","2":"type-product","3":"status-publish","4":"has-post-thumbnail","6":"product_cat-banh-mousse","8":"first","9":"instock","10":"featured","11":"shipping-taxable","12":"purchasable","13":"product-type-variable"},"yoast_head":"<!-- This site is optimized with the Yoast SEO plugin v26.9 - https:\/\/yoast.com\/product\/yoast-seo-wordpress\/ -->\n<title>Bitter Crunchill \u2013 Dark Chocolate - Flan<\/title>\n<meta name=\"description\" content=\"Bitter Crunchill \u2013 b\u00e1nh mousse chocolate \u0111en \u0111\u1eadm v\u1ecb, b\u00e9o nh\u1eb9, gi\u00f2n r\u1ee5m v\u1edbi nhi\u1ec1u l\u1edbp h\u1ea5p d\u1eabn, ph\u00f9 h\u1ee3p cho t\u00edn \u0111\u1ed3 chocolate.\" \/>\n<meta name=\"robots\" content=\"index, follow, max-snippet:-1, max-image-preview:large, max-video-preview:-1\" \/>\n<link rel=\"canonical\" href=\"https:\/\/quynhnhuphan.azdigi.shop\/?product=bitter-crunchill-dark-chocolate\" \/>\n<meta property=\"og:locale\" content=\"vi_VN\" \/>\n<meta property=\"og:type\" content=\"article\" \/>\n<meta property=\"og:title\" content=\"Bitter Crunchill \u2013 Dark Chocolate - Flan\" \/>\n<meta property=\"og:description\" content=\"Bitter Crunchill \u2013 b\u00e1nh mousse chocolate \u0111en \u0111\u1eadm v\u1ecb, b\u00e9o nh\u1eb9, gi\u00f2n r\u1ee5m v\u1edbi nhi\u1ec1u l\u1edbp h\u1ea5p d\u1eabn, ph\u00f9 h\u1ee3p cho t\u00edn \u0111\u1ed3 chocolate.\" \/>\n<meta property=\"og:url\" content=\"https:\/\/quynhnhuphan.azdigi.shop\/?product=bitter-crunchill-dark-chocolate\" \/>\n<meta property=\"og:site_name\" content=\"Flan\" \/>\n<meta property=\"article:modified_time\" content=\"2026-04-14T17:04:00+00:00\" \/>\n<meta property=\"og:image\" content=\"https:\/\/quynhnhuphan.azdigi.shop\/wp-content\/uploads\/2026\/04\/bitter.jpg\" \/>\n\t<meta property=\"og:image:width\" content=\"800\" \/>\n\t<meta property=\"og:image:height\" content=\"1200\" \/>\n\t<meta property=\"og:image:type\" content=\"image\/jpeg\" \/>\n<meta name=\"twitter:card\" content=\"summary_large_image\" \/>\n<meta name=\"twitter:label1\" content=\"\u01af\u1edbc t\u00ednh th\u1eddi gian \u0111\u1ecdc\" \/>\n\t<meta name=\"twitter:data1\" content=\"2 ph\u00fat\" \/>\n<script type=\"application\/ld+json\" class=\"yoast-schema-graph\">{\"@context\":\"https:\/\/schema.org\",\"@graph\":[{\"@type\":\"WebPage\",\"@id\":\"https:\/\/quynhnhuphan.azdigi.shop\/?product=bitter-crunchill-dark-chocolate\",\"url\":\"https:\/\/quynhnhuphan.azdigi.shop\/?product=bitter-crunchill-dark-chocolate\",\"name\":\"Bitter Crunchill \u2013 Dark Chocolate - Flan\",\"isPartOf\":{\"@id\":\"https:\/\/quynhnhuphan.azdigi.shop\/#website\"},\"primaryImageOfPage\":{\"@id\":\"https:\/\/quynhnhuphan.azdigi.shop\/?product=bitter-crunchill-dark-chocolate#primaryimage\"},\"image\":{\"@id\":\"https:\/\/quynhnhuphan.azdigi.shop\/?product=bitter-crunchill-dark-chocolate#primaryimage\"},\"thumbnailUrl\":\"https:\/\/quynhnhuphan.azdigi.shop\/wp-content\/uploads\/2026\/04\/bitter.jpg\",\"datePublished\":\"2026-04-13T07:34:52+00:00\",\"dateModified\":\"2026-04-14T17:04:00+00:00\",\"description\":\"Bitter Crunchill \u2013 b\u00e1nh mousse chocolate \u0111en \u0111\u1eadm v\u1ecb, b\u00e9o nh\u1eb9, gi\u00f2n r\u1ee5m v\u1edbi nhi\u1ec1u l\u1edbp h\u1ea5p d\u1eabn, ph\u00f9 h\u1ee3p cho t\u00edn \u0111\u1ed3 chocolate.\",\"breadcrumb\":{\"@id\":\"https:\/\/quynhnhuphan.azdigi.shop\/?product=bitter-crunchill-dark-chocolate#breadcrumb\"},\"inLanguage\":\"vi\",\"potentialAction\":[{\"@type\":\"ReadAction\",\"target\":[\"https:\/\/quynhnhuphan.azdigi.shop\/?product=bitter-crunchill-dark-chocolate\"]}]},{\"@type\":\"ImageObject\",\"inLanguage\":\"vi\",\"@id\":\"https:\/\/quynhnhuphan.azdigi.shop\/?product=bitter-crunchill-dark-chocolate#primaryimage\",\"url\":\"https:\/\/quynhnhuphan.azdigi.shop\/wp-content\/uploads\/2026\/04\/bitter.jpg\",\"contentUrl\":\"https:\/\/quynhnhuphan.azdigi.shop\/wp-content\/uploads\/2026\/04\/bitter.jpg\",\"width\":800,\"height\":1200},{\"@type\":\"BreadcrumbList\",\"@id\":\"https:\/\/quynhnhuphan.azdigi.shop\/?product=bitter-crunchill-dark-chocolate#breadcrumb\",\"itemListElement\":[{\"@type\":\"ListItem\",\"position\":1,\"name\":\"Trang ch\u1ee7\",\"item\":\"https:\/\/quynhnhuphan.azdigi.shop\/\"},{\"@type\":\"ListItem\",\"position\":2,\"name\":\"C\u1eeda h\u00e0ng\",\"item\":\"https:\/\/quynhnhuphan.azdigi.shop\/?page_id=164\"},{\"@type\":\"ListItem\",\"position\":3,\"name\":\"Bitter Crunchill \u2013 Dark Chocolate\"}]},{\"@type\":\"WebSite\",\"@id\":\"https:\/\/quynhnhuphan.azdigi.shop\/#website\",\"url\":\"https:\/\/quynhnhuphan.azdigi.shop\/\",\"name\":\"Flan\",\"description\":\"\",\"potentialAction\":[{\"@type\":\"SearchAction\",\"target\":{\"@type\":\"EntryPoint\",\"urlTemplate\":\"https:\/\/quynhnhuphan.azdigi.shop\/?s={search_term_string}\"},\"query-input\":{\"@type\":\"PropertyValueSpecification\",\"valueRequired\":true,\"valueName\":\"search_term_string\"}}],\"inLanguage\":\"vi\"}]}<\/script>\n<!-- \/ Yoast SEO plugin. -->","yoast_head_json":{"title":"Bitter Crunchill \u2013 Dark Chocolate - Flan","description":"Bitter Crunchill \u2013 b\u00e1nh mousse chocolate \u0111en \u0111\u1eadm v\u1ecb, b\u00e9o nh\u1eb9, gi\u00f2n r\u1ee5m v\u1edbi nhi\u1ec1u l\u1edbp h\u1ea5p d\u1eabn, ph\u00f9 h\u1ee3p cho t\u00edn \u0111\u1ed3 chocolate.","robots":{"index":"index","follow":"follow","max-snippet":"max-snippet:-1","max-image-preview":"max-image-preview:large","max-video-preview":"max-video-preview:-1"},"canonical":"https:\/\/quynhnhuphan.azdigi.shop\/?product=bitter-crunchill-dark-chocolate","og_locale":"vi_VN","og_type":"article","og_title":"Bitter Crunchill \u2013 Dark Chocolate - Flan","og_description":"Bitter Crunchill \u2013 b\u00e1nh mousse chocolate \u0111en \u0111\u1eadm v\u1ecb, b\u00e9o nh\u1eb9, gi\u00f2n r\u1ee5m v\u1edbi nhi\u1ec1u l\u1edbp h\u1ea5p d\u1eabn, ph\u00f9 h\u1ee3p cho t\u00edn \u0111\u1ed3 chocolate.","og_url":"https:\/\/quynhnhuphan.azdigi.shop\/?product=bitter-crunchill-dark-chocolate","og_site_name":"Flan","article_modified_time":"2026-04-14T17:04:00+00:00","og_image":[{"width":800,"height":1200,"url":"https:\/\/quynhnhuphan.azdigi.shop\/wp-content\/uploads\/2026\/04\/bitter.jpg","type":"image\/jpeg"}],"twitter_card":"summary_large_image","twitter_misc":{"\u01af\u1edbc t\u00ednh th\u1eddi gian \u0111\u1ecdc":"2 ph\u00fat"},"schema":{"@context":"https:\/\/schema.org","@graph":[{"@type":"WebPage","@id":"https:\/\/quynhnhuphan.azdigi.shop\/?product=bitter-crunchill-dark-chocolate","url":"https:\/\/quynhnhuphan.azdigi.shop\/?product=bitter-crunchill-dark-chocolate","name":"Bitter Crunchill \u2013 Dark Chocolate - Flan","isPartOf":{"@id":"https:\/\/quynhnhuphan.azdigi.shop\/#website"},"primaryImageOfPage":{"@id":"https:\/\/quynhnhuphan.azdigi.shop\/?product=bitter-crunchill-dark-chocolate#primaryimage"},"image":{"@id":"https:\/\/quynhnhuphan.azdigi.shop\/?product=bitter-crunchill-dark-chocolate#primaryimage"},"thumbnailUrl":"https:\/\/quynhnhuphan.azdigi.shop\/wp-content\/uploads\/2026\/04\/bitter.jpg","datePublished":"2026-04-13T07:34:52+00:00","dateModified":"2026-04-14T17:04:00+00:00","description":"Bitter Crunchill \u2013 b\u00e1nh mousse chocolate \u0111en \u0111\u1eadm v\u1ecb, b\u00e9o nh\u1eb9, gi\u00f2n r\u1ee5m v\u1edbi nhi\u1ec1u l\u1edbp h\u1ea5p d\u1eabn, ph\u00f9 h\u1ee3p cho t\u00edn \u0111\u1ed3 chocolate.","breadcrumb":{"@id":"https:\/\/quynhnhuphan.azdigi.shop\/?product=bitter-crunchill-dark-chocolate#breadcrumb"},"inLanguage":"vi","potentialAction":[{"@type":"ReadAction","target":["https:\/\/quynhnhuphan.azdigi.shop\/?product=bitter-crunchill-dark-chocolate"]}]},{"@type":"ImageObject","inLanguage":"vi","@id":"https:\/\/quynhnhuphan.azdigi.shop\/?product=bitter-crunchill-dark-chocolate#primaryimage","url":"https:\/\/quynhnhuphan.azdigi.shop\/wp-content\/uploads\/2026\/04\/bitter.jpg","contentUrl":"https:\/\/quynhnhuphan.azdigi.shop\/wp-content\/uploads\/2026\/04\/bitter.jpg","width":800,"height":1200},{"@type":"BreadcrumbList","@id":"https:\/\/quynhnhuphan.azdigi.shop\/?product=bitter-crunchill-dark-chocolate#breadcrumb","itemListElement":[{"@type":"ListItem","position":1,"name":"Trang ch\u1ee7","item":"https:\/\/quynhnhuphan.azdigi.shop\/"},{"@type":"ListItem","position":2,"name":"C\u1eeda h\u00e0ng","item":"https:\/\/quynhnhuphan.azdigi.shop\/?page_id=164"},{"@type":"ListItem","position":3,"name":"Bitter Crunchill \u2013 Dark Chocolate"}]},{"@type":"WebSite","@id":"https:\/\/quynhnhuphan.azdigi.shop\/#website","url":"https:\/\/quynhnhuphan.azdigi.shop\/","name":"Flan","description":"","potentialAction":[{"@type":"SearchAction","target":{"@type":"EntryPoint","urlTemplate":"https:\/\/quynhnhuphan.azdigi.shop\/?s={search_term_string}"},"query-input":{"@type":"PropertyValueSpecification","valueRequired":true,"valueName":"search_term_string"}}],"inLanguage":"vi"}]}},"_links":{"self":[{"href":"https:\/\/quynhnhuphan.azdigi.shop\/index.php?rest_route=\/wp\/v2\/product\/556","targetHints":{"allow":["GET"]}}],"collection":[{"href":"https:\/\/quynhnhuphan.azdigi.shop\/index.php?rest_route=\/wp\/v2\/product"}],"about":[{"href":"https:\/\/quynhnhuphan.azdigi.shop\/index.php?rest_route=\/wp\/v2\/types\/product"}],"replies":[{"embeddable":true,"href":"https:\/\/quynhnhuphan.azdigi.shop\/index.php?rest_route=%2Fwp%2Fv2%2Fcomments&post=556"}],"wp:featuredmedia":[{"embeddable":true,"href":"https:\/\/quynhnhuphan.azdigi.shop\/index.php?rest_route=\/wp\/v2\/media\/560"}],"wp:attachment":[{"href":"https:\/\/quynhnhuphan.azdigi.shop\/index.php?rest_route=%2Fwp%2Fv2%2Fmedia&parent=556"}],"wp:term":[{"taxonomy":"product_brand","embeddable":true,"href":"https:\/\/quynhnhuphan.azdigi.shop\/index.php?rest_route=%2Fwp%2Fv2%2Fproduct_brand&post=556"},{"taxonomy":"product_cat","embeddable":true,"href":"https:\/\/quynhnhuphan.azdigi.shop\/index.php?rest_route=%2Fwp%2Fv2%2Fproduct_cat&post=556"},{"taxonomy":"product_tag","embeddable":true,"href":"https:\/\/quynhnhuphan.azdigi.shop\/index.php?rest_route=%2Fwp%2Fv2%2Fproduct_tag&post=556"}],"curies":[{"name":"wp","href":"https:\/\/api.w.org\/{rel}","templated":true}]}}